{"id":26213,"date":"2024-11-10T16:33:43","date_gmt":"2024-11-10T15:33:43","guid":{"rendered":"https:\/\/vitalstoffversand.com\/produkt\/vit4ever-bromelina-intenso-120-dr-caps\/"},"modified":"2026-03-14T18:58:55","modified_gmt":"2026-03-14T17:58:55","slug":"vit4ever-bromelina-intenso-120-dr-caps","status":"publish","type":"product","link":"https:\/\/vitalstoffversand.com\/it\/prodotto\/vit4ever-bromelina-intenso-120-dr-caps\/","title":{"rendered":"Vit4ever <br>Bromelina Intenso 2000 F.I.P &#8211; 120 capsule"},"content":{"rendered":"<p>Bromelina Intenso con 2000 F.I.P (Federazione Internazionale Farmaceutica = unit\u00e0 di misura dell&#8217;attivit\u00e0 enzimatica).<\/p>\n<p>Si ricava dalla pianta dell&#8217;ananas, \u00e8 composto da due enzimi e viene utilizzato, tra l&#8217;altro, come fitoterapico per trattare il gonfiore dopo lesioni e operazioni.<\/p>\n<p>Ha anche propriet\u00e0 antinfiammatorie e digestive.<\/p>\n<p>Le capsule sono rivestite di materiale enterico, in modo che il principio attivo venga rilasciato solo dove pu\u00f2 essere assorbito.<\/p>\n<ul>\n<li>Vegano<\/li>\n<li>Senza glutine<\/li>\n<li>Senza lattosio<\/li>\n<li>Senza OGM<\/li>\n<li>Prodotto secondo rigorosi standard di qualit\u00e0 nell&#8217;UE<\/li>\n<\/ul>\n","protected":false},"excerpt":{"rendered":"<p>Bromelina Intenso con 2000 F.I.P (Federazione Internazionale Farmaceutica = unit\u00e0 di misura dell&#8217;attivit\u00e0 enzimatica). Si ricava dalla pianta dell&#8217;ananas, \u00e8 composto da due enzimi e viene utilizzato, tra l&#8217;altro, come fitoterapico per trattare il gonfiore dopo lesioni e operazioni. Ha anche propriet\u00e0 antinfiammatorie e digestive. Le capsule sono rivestite di materiale enterico, in modo che [&hellip;]<\/p>\n","protected":false},"featured_media":52199,"template":"","meta":{"_acf_changed":false},"product_brand":[10218],"product_cat":[349,364],"product_tag":[],"class_list":{"0":"post-26213","1":"product","2":"type-product","3":"status-publish","4":"has-post-thumbnail","6":"product_brand-vit4ever-it","7":"product_cat-nutrienti","8":"product_cat-prodotti-dalla-a-alla-z","10":"first","11":"instock","12":"taxable","13":"shipping-taxable","14":"purchasable","15":"product-type-simple"},"acf":[],"_links":{"self":[{"href":"https:\/\/vitalstoffversand.com\/it\/wp-json\/wp\/v2\/product\/26213","targetHints":{"allow":["GET"]}}],"collection":[{"href":"https:\/\/vitalstoffversand.com\/it\/wp-json\/wp\/v2\/product"}],"about":[{"href":"https:\/\/vitalstoffversand.com\/it\/wp-json\/wp\/v2\/types\/product"}],"wp:featuredmedia":[{"embeddable":true,"href":"https:\/\/vitalstoffversand.com\/it\/wp-json\/wp\/v2\/media\/52199"}],"wp:attachment":[{"href":"https:\/\/vitalstoffversand.com\/it\/wp-json\/wp\/v2\/media?parent=26213"}],"wp:term":[{"taxonomy":"product_brand","embeddable":true,"href":"https:\/\/vitalstoffversand.com\/it\/wp-json\/wp\/v2\/product_brand?post=26213"},{"taxonomy":"product_cat","embeddable":true,"href":"https:\/\/vitalstoffversand.com\/it\/wp-json\/wp\/v2\/product_cat?post=26213"},{"taxonomy":"product_tag","embeddable":true,"href":"https:\/\/vitalstoffversand.com\/it\/wp-json\/wp\/v2\/product_tag?post=26213"}],"curies":[{"name":"wp","href":"https:\/\/api.w.org\/{rel}","templated":true}]}}