{"id":26189,"date":"2024-11-10T15:20:33","date_gmt":"2024-11-10T14:20:33","guid":{"rendered":"https:\/\/vitalstoffversand.com\/produkt\/vit4ever-magnesio-idrogeno-citrato-600-g\/"},"modified":"2026-03-14T17:51:31","modified_gmt":"2026-03-14T16:51:31","slug":"vit4ever-magnesio-idrogeno-citrato-600-g","status":"publish","type":"product","link":"https:\/\/vitalstoffversand.com\/it\/prodotto\/vit4ever-magnesio-idrogeno-citrato-600-g\/","title":{"rendered":"Vit4ever <br>Magnesio idrogeno citrato &#8211; 600 g"},"content":{"rendered":"<p><a href=\"https:\/\/vitalstoffversand.com\/knowledge-base\/magnesium\/\" target=\"_blank\" rel=\"noopener\"><strong><span style=\"color: #0000ff;\">\u2192 Il magnesio<\/span><\/strong><\/a> \u00e8 necessario all&#8217;organismo per molte funzioni diverse.<\/p>\n<p>Il magnesio idrogeno citrato \u00e8 un sale di magnesio dell&#8217;acido citrico ed \u00e8 di altissima qualit\u00e0 e purezza.<\/p>\n<p>Rispetto al \u201cnormale\u201d magnesio citrato, il magnesio idrogeno citrato \u00e8 un magnesio contenente acqua ed \u00e8 caratterizzato da un&#8217;ottima solubilit\u00e0 e da un sapore solo leggermente acido.<\/p>\n<ul>\n<li>Vegano<\/li>\n<li>Senza glutine<\/li>\n<li>Senza lattosio<\/li>\n<li>Senza OGM<\/li>\n<li>Prodotto secondo rigorosi standard di qualit\u00e0 nell&#8217;UE<\/li>\n<\/ul>\n","protected":false},"excerpt":{"rendered":"<p>\u2192 Il magnesio \u00e8 necessario all&#8217;organismo per molte funzioni diverse. Il magnesio idrogeno citrato \u00e8 un sale di magnesio dell&#8217;acido citrico ed \u00e8 di altissima qualit\u00e0 e purezza. Rispetto al \u201cnormale\u201d magnesio citrato, il magnesio idrogeno citrato \u00e8 un magnesio contenente acqua ed \u00e8 caratterizzato da un&#8217;ottima solubilit\u00e0 e da un sapore solo leggermente acido. [&hellip;]<\/p>\n","protected":false},"featured_media":51646,"template":"","meta":{"_acf_changed":false},"product_brand":[10218],"product_cat":[341,364],"product_tag":[],"class_list":{"0":"post-26189","1":"product","2":"type-product","3":"status-publish","4":"has-post-thumbnail","6":"product_brand-vit4ever-it","7":"product_cat-minerali-e-oligoelementi","8":"product_cat-prodotti-dalla-a-alla-z","10":"first","11":"instock","12":"taxable","13":"shipping-taxable","14":"purchasable","15":"product-type-simple"},"acf":[],"_links":{"self":[{"href":"https:\/\/vitalstoffversand.com\/it\/wp-json\/wp\/v2\/product\/26189","targetHints":{"allow":["GET"]}}],"collection":[{"href":"https:\/\/vitalstoffversand.com\/it\/wp-json\/wp\/v2\/product"}],"about":[{"href":"https:\/\/vitalstoffversand.com\/it\/wp-json\/wp\/v2\/types\/product"}],"wp:featuredmedia":[{"embeddable":true,"href":"https:\/\/vitalstoffversand.com\/it\/wp-json\/wp\/v2\/media\/51646"}],"wp:attachment":[{"href":"https:\/\/vitalstoffversand.com\/it\/wp-json\/wp\/v2\/media?parent=26189"}],"wp:term":[{"taxonomy":"product_brand","embeddable":true,"href":"https:\/\/vitalstoffversand.com\/it\/wp-json\/wp\/v2\/product_brand?post=26189"},{"taxonomy":"product_cat","embeddable":true,"href":"https:\/\/vitalstoffversand.com\/it\/wp-json\/wp\/v2\/product_cat?post=26189"},{"taxonomy":"product_tag","embeddable":true,"href":"https:\/\/vitalstoffversand.com\/it\/wp-json\/wp\/v2\/product_tag?post=26189"}],"curies":[{"name":"wp","href":"https:\/\/api.w.org\/{rel}","templated":true}]}}