{"id":26188,"date":"2024-11-14T17:27:09","date_gmt":"2024-11-14T16:27:09","guid":{"rendered":"https:\/\/vitalstoffversand.com\/produkt\/vit4ever-collagene-500-g\/"},"modified":"2026-03-14T17:44:40","modified_gmt":"2026-03-14T16:44:40","slug":"vit4ever-collagene-500-g","status":"publish","type":"product","link":"https:\/\/vitalstoffversand.com\/it\/prodotto\/vit4ever-collagene-500-g\/","title":{"rendered":"Vit4ever <br>Collagene &#8211; 500 g"},"content":{"rendered":"<p>Il collagene si trova in grandi quantit\u00e0 nelle ossa, nei tendini, nei legamenti, nelle articolazioni e nella pelle.<\/p>\n<p>Grazie all&#8217;idrolisi, l&#8217;idrolizzato di collagene Premium Peptolab-Light \u00e8 gi\u00e0 scomposto in piccoli lipidi e pu\u00f2 essere assorbito meglio dall&#8217;organismo.<\/p>\n<p>Peptolab-Light contiene collagene di tipo I e III, compresi 18 aminoacidi, la maggior parte dei quali \u00e8 costituita da glicina, prolina e idrossiprolina. <\/p>\n<p><strong>Nota:<\/strong> questo prodotto non \u00e8 certificato halal.<\/p>\n<ul>\n<li>Senza glutine<\/li>\n<li>Senza lattosio<\/li>\n<li>Senza OGM<\/li>\n<li>Prodotto secondo rigorosi standard di qualit\u00e0 nell&#8217;UE<\/li>\n<\/ul>\n","protected":false},"excerpt":{"rendered":"<p>Il collagene si trova in grandi quantit\u00e0 nelle ossa, nei tendini, nei legamenti, nelle articolazioni e nella pelle. Grazie all&#8217;idrolisi, l&#8217;idrolizzato di collagene Premium Peptolab-Light \u00e8 gi\u00e0 scomposto in piccoli lipidi e pu\u00f2 essere assorbito meglio dall&#8217;organismo. Peptolab-Light contiene collagene di tipo I e III, compresi 18 aminoacidi, la maggior parte dei quali \u00e8 costituita [&hellip;]<\/p>\n","protected":false},"featured_media":62424,"template":"","meta":{"_acf_changed":false},"product_brand":[10218],"product_cat":[344,364],"product_tag":[],"class_list":{"0":"post-26188","1":"product","2":"type-product","3":"status-publish","4":"has-post-thumbnail","6":"product_brand-vit4ever-it","7":"product_cat-proteine-it","8":"product_cat-prodotti-dalla-a-alla-z","10":"first","11":"outofstock","12":"taxable","13":"shipping-taxable","14":"purchasable","15":"product-type-simple"},"acf":[],"_links":{"self":[{"href":"https:\/\/vitalstoffversand.com\/it\/wp-json\/wp\/v2\/product\/26188","targetHints":{"allow":["GET"]}}],"collection":[{"href":"https:\/\/vitalstoffversand.com\/it\/wp-json\/wp\/v2\/product"}],"about":[{"href":"https:\/\/vitalstoffversand.com\/it\/wp-json\/wp\/v2\/types\/product"}],"wp:featuredmedia":[{"embeddable":true,"href":"https:\/\/vitalstoffversand.com\/it\/wp-json\/wp\/v2\/media\/62424"}],"wp:attachment":[{"href":"https:\/\/vitalstoffversand.com\/it\/wp-json\/wp\/v2\/media?parent=26188"}],"wp:term":[{"taxonomy":"product_brand","embeddable":true,"href":"https:\/\/vitalstoffversand.com\/it\/wp-json\/wp\/v2\/product_brand?post=26188"},{"taxonomy":"product_cat","embeddable":true,"href":"https:\/\/vitalstoffversand.com\/it\/wp-json\/wp\/v2\/product_cat?post=26188"},{"taxonomy":"product_tag","embeddable":true,"href":"https:\/\/vitalstoffversand.com\/it\/wp-json\/wp\/v2\/product_tag?post=26188"}],"curies":[{"name":"wp","href":"https:\/\/api.w.org\/{rel}","templated":true}]}}