{"id":26187,"date":"2024-11-10T15:18:24","date_gmt":"2024-11-10T14:18:24","guid":{"rendered":"https:\/\/vitalstoffversand.com\/produkt\/vit4ever-prebio-inulina-1100-g\/"},"modified":"2026-03-14T17:37:55","modified_gmt":"2026-03-14T16:37:55","slug":"vit4ever-prebio-inulina-1100-g","status":"publish","type":"product","link":"https:\/\/vitalstoffversand.com\/it\/prodotto\/vit4ever-prebio-inulina-1100-g\/","title":{"rendered":"Vit4ever <br>Prebio Inulina &#8211; 1100 g"},"content":{"rendered":"<p>L&#8217;inulina prebio \u00e8 una fibra alimentare e quindi essenziale per la nostra digestione.<\/p>\n<p>Le fibre sono importanti per i nostri batteri intestinali &#8220;buoni&#8221;, responsabili di una flora intestinale sana.<\/p>\n<p>L&#8217;inulina \u00e8 un fruttano, cio\u00e8 una miscela di polisaccaridi e fruttosio; per questo motivo ha un sapore gradevole e leggermente dolce e pu\u00f2 essere utilizzata in vari modi.<\/p>\n<ul>\n<li>Vegano<\/li>\n<li>Senza glutine<\/li>\n<li>Senza lattosio<\/li>\n<li>Senza OGM<\/li>\n<li>Prodotto secondo rigorosi standard di qualit\u00e0 nell&#8217;UE<\/li>\n<\/ul>\n","protected":false},"excerpt":{"rendered":"<p>L&#8217;inulina prebio \u00e8 una fibra alimentare e quindi essenziale per la nostra digestione. Le fibre sono importanti per i nostri batteri intestinali &#8220;buoni&#8221;, responsabili di una flora intestinale sana. L&#8217;inulina \u00e8 un fruttano, cio\u00e8 una miscela di polisaccaridi e fruttosio; per questo motivo ha un sapore gradevole e leggermente dolce e pu\u00f2 essere utilizzata in [&hellip;]<\/p>\n","protected":false},"featured_media":61136,"template":"","meta":{"_acf_changed":false},"product_brand":[10218],"product_cat":[349,364],"product_tag":[],"class_list":{"0":"post-26187","1":"product","2":"type-product","3":"status-publish","4":"has-post-thumbnail","6":"product_brand-vit4ever-it","7":"product_cat-nutrienti","8":"product_cat-prodotti-dalla-a-alla-z","10":"first","11":"instock","12":"taxable","13":"shipping-taxable","14":"purchasable","15":"product-type-simple"},"acf":[],"_links":{"self":[{"href":"https:\/\/vitalstoffversand.com\/it\/wp-json\/wp\/v2\/product\/26187","targetHints":{"allow":["GET"]}}],"collection":[{"href":"https:\/\/vitalstoffversand.com\/it\/wp-json\/wp\/v2\/product"}],"about":[{"href":"https:\/\/vitalstoffversand.com\/it\/wp-json\/wp\/v2\/types\/product"}],"wp:featuredmedia":[{"embeddable":true,"href":"https:\/\/vitalstoffversand.com\/it\/wp-json\/wp\/v2\/media\/61136"}],"wp:attachment":[{"href":"https:\/\/vitalstoffversand.com\/it\/wp-json\/wp\/v2\/media?parent=26187"}],"wp:term":[{"taxonomy":"product_brand","embeddable":true,"href":"https:\/\/vitalstoffversand.com\/it\/wp-json\/wp\/v2\/product_brand?post=26187"},{"taxonomy":"product_cat","embeddable":true,"href":"https:\/\/vitalstoffversand.com\/it\/wp-json\/wp\/v2\/product_cat?post=26187"},{"taxonomy":"product_tag","embeddable":true,"href":"https:\/\/vitalstoffversand.com\/it\/wp-json\/wp\/v2\/product_tag?post=26187"}],"curies":[{"name":"wp","href":"https:\/\/api.w.org\/{rel}","templated":true}]}}