{"id":26185,"date":"2024-11-10T14:04:16","date_gmt":"2024-11-10T13:04:16","guid":{"rendered":"https:\/\/vitalstoffversand.com\/produkt\/vit4ever-l-tirosina-500-g\/"},"modified":"2026-03-14T17:29:10","modified_gmt":"2026-03-14T16:29:10","slug":"vit4ever-l-tirosina-500-g","status":"publish","type":"product","link":"https:\/\/vitalstoffversand.com\/it\/prodotto\/vit4ever-l-tirosina-500-g\/","title":{"rendered":"Vit4ever <br>L-Tirosina &#8211; 500 g"},"content":{"rendered":"<p>La L-tirosina appartiene ai neurotrasmettitori (sostanze messaggere del sistema nervoso) ed \u00e8 un aminoacido proteinogenico non essenziale.<\/p>\n<p>Favorisce la produzione di dopamina, nota anche come l&#8217;ormone della felicit\u00e0, che, oltre alla sensazione di felicit\u00e0, pu\u00f2 aumentare la concentrazione, l&#8217;umore e la reattivit\u00e0.<\/p>\n<ul>\n<li>Vegano<\/li>\n<li>Senza glutine<\/li>\n<li>Senza lattosio<\/li>\n<li>Senza OGM<\/li>\n<li>Prodotto secondo rigorosi standard di qualit\u00e0 nell&#8217;UE<\/li>\n<\/ul>\n","protected":false},"excerpt":{"rendered":"<p>La L-tirosina appartiene ai neurotrasmettitori (sostanze messaggere del sistema nervoso) ed \u00e8 un aminoacido proteinogenico non essenziale. Favorisce la produzione di dopamina, nota anche come l&#8217;ormone della felicit\u00e0, che, oltre alla sensazione di felicit\u00e0, pu\u00f2 aumentare la concentrazione, l&#8217;umore e la reattivit\u00e0. Vegano Senza glutine Senza lattosio Senza OGM Prodotto secondo rigorosi standard di qualit\u00e0 [&hellip;]<\/p>\n","protected":false},"featured_media":51518,"template":"","meta":{"_acf_changed":false},"product_brand":[10218],"product_cat":[333,364],"product_tag":[],"class_list":{"0":"post-26185","1":"product","2":"type-product","3":"status-publish","4":"has-post-thumbnail","6":"product_brand-vit4ever-it","7":"product_cat-aminoacidi","8":"product_cat-prodotti-dalla-a-alla-z","10":"first","11":"instock","12":"taxable","13":"shipping-taxable","14":"purchasable","15":"product-type-simple"},"acf":[],"_links":{"self":[{"href":"https:\/\/vitalstoffversand.com\/it\/wp-json\/wp\/v2\/product\/26185","targetHints":{"allow":["GET"]}}],"collection":[{"href":"https:\/\/vitalstoffversand.com\/it\/wp-json\/wp\/v2\/product"}],"about":[{"href":"https:\/\/vitalstoffversand.com\/it\/wp-json\/wp\/v2\/types\/product"}],"wp:featuredmedia":[{"embeddable":true,"href":"https:\/\/vitalstoffversand.com\/it\/wp-json\/wp\/v2\/media\/51518"}],"wp:attachment":[{"href":"https:\/\/vitalstoffversand.com\/it\/wp-json\/wp\/v2\/media?parent=26185"}],"wp:term":[{"taxonomy":"product_brand","embeddable":true,"href":"https:\/\/vitalstoffversand.com\/it\/wp-json\/wp\/v2\/product_brand?post=26185"},{"taxonomy":"product_cat","embeddable":true,"href":"https:\/\/vitalstoffversand.com\/it\/wp-json\/wp\/v2\/product_cat?post=26185"},{"taxonomy":"product_tag","embeddable":true,"href":"https:\/\/vitalstoffversand.com\/it\/wp-json\/wp\/v2\/product_tag?post=26185"}],"curies":[{"name":"wp","href":"https:\/\/api.w.org\/{rel}","templated":true}]}}