{"id":25937,"date":"2025-04-10T15:20:48","date_gmt":"2025-04-10T13:20:48","guid":{"rendered":"https:\/\/vitalstoffversand.com\/produkt\/gen-clean-mass-gainer-3000-g-gusti-diversi\/"},"modified":"2026-03-12T12:51:27","modified_gmt":"2026-03-12T11:51:27","slug":"gen-clean-mass-gainer-3000-g-gusti-diversi","status":"publish","type":"product","link":"https:\/\/vitalstoffversand.com\/it\/prodotto\/gen-clean-mass-gainer-3000-g-gusti-diversi\/","title":{"rendered":"GEN <br>Clean Mass Gainer &#8211; 3000 g &#8211; gusti diversi"},"content":{"rendered":"<p>Clean Mass Gainer ti offre un mix equilibrato di proteine di alta qualit\u00e0 e carboidrati complessi ed \u00e8 disponibile in 6 gusti.<\/p>\n<p>In questo modo \u00e8 possibile aumentare efficacemente l&#8217;apporto calorico nell&#8217;ambito di una dieta consapevole e fornire al corpo l&#8217;energia di cui ha bisogno.<\/p>\n<p>Contiene anche bromelina e lattasi per favorire l&#8217;assorbimento dei nutrienti.<\/p>\n<ul>\n<li>Vegano<\/li>\n<li>Prodotto secondo rigorosi standard di qualit\u00e0 nell&#8217;UE<\/li>\n<\/ul>\n","protected":false},"excerpt":{"rendered":"<p>Clean Mass Gainer ti offre un mix equilibrato di proteine di alta qualit\u00e0 e carboidrati complessi ed \u00e8 disponibile in 6 gusti. In questo modo \u00e8 possibile aumentare efficacemente l&#8217;apporto calorico nell&#8217;ambito di una dieta consapevole e fornire al corpo l&#8217;energia di cui ha bisogno. Contiene anche bromelina e lattasi per favorire l&#8217;assorbimento dei nutrienti. [&hellip;]<\/p>\n","protected":false},"featured_media":62538,"template":"","meta":{"_acf_changed":false},"product_brand":[10198],"product_cat":[349,364],"product_tag":[],"class_list":{"0":"post-25937","1":"product","2":"type-product","3":"status-publish","4":"has-post-thumbnail","6":"product_brand-gen-german-elite-nutrition-it","7":"product_cat-nutrienti","8":"product_cat-prodotti-dalla-a-alla-z","10":"first","11":"instock","12":"taxable","13":"shipping-taxable","14":"purchasable","15":"product-type-variable"},"acf":[],"_links":{"self":[{"href":"https:\/\/vitalstoffversand.com\/it\/wp-json\/wp\/v2\/product\/25937","targetHints":{"allow":["GET"]}}],"collection":[{"href":"https:\/\/vitalstoffversand.com\/it\/wp-json\/wp\/v2\/product"}],"about":[{"href":"https:\/\/vitalstoffversand.com\/it\/wp-json\/wp\/v2\/types\/product"}],"wp:featuredmedia":[{"embeddable":true,"href":"https:\/\/vitalstoffversand.com\/it\/wp-json\/wp\/v2\/media\/62538"}],"wp:attachment":[{"href":"https:\/\/vitalstoffversand.com\/it\/wp-json\/wp\/v2\/media?parent=25937"}],"wp:term":[{"taxonomy":"product_brand","embeddable":true,"href":"https:\/\/vitalstoffversand.com\/it\/wp-json\/wp\/v2\/product_brand?post=25937"},{"taxonomy":"product_cat","embeddable":true,"href":"https:\/\/vitalstoffversand.com\/it\/wp-json\/wp\/v2\/product_cat?post=25937"},{"taxonomy":"product_tag","embeddable":true,"href":"https:\/\/vitalstoffversand.com\/it\/wp-json\/wp\/v2\/product_tag?post=25937"}],"curies":[{"name":"wp","href":"https:\/\/api.w.org\/{rel}","templated":true}]}}