{"id":25904,"date":"2025-04-10T17:25:01","date_gmt":"2025-04-10T15:25:01","guid":{"rendered":"https:\/\/vitalstoffversand.com\/?post_type=product&#038;p=25904"},"modified":"2026-03-12T13:00:39","modified_gmt":"2026-03-12T12:00:39","slug":"gen-fadogia-agrestis-180-capsule-kopie","status":"publish","type":"product","link":"https:\/\/vitalstoffversand.com\/it\/prodotto\/gen-fadogia-agrestis-180-capsule-kopie\/","title":{"rendered":"GEN <br>Cuore Essenziale &#8211; 120 capsule"},"content":{"rendered":"<p>L&#8217;equilibrio del sistema cardiovascolare non \u00e8 una questione di et\u00e0, ma di cura quotidiana.<\/p>\n<p>Heart Essentials, composto da 8 ingredienti bioattivi, \u00e8 stato sviluppato proprio per questa cura.<\/p>\n<p>Contiene: Arjuna, bergamotto, ippocastano, resveratrolo, coenzima Q10, foglie di olivo, piperina e <strong><span style=\"color: #0000ff;\"><a style=\"color: #0000ff;\" href=\"https:\/\/vitalstoffversand.com\/knowledge-base\/vitamin-b1-thiamin\/\" target=\"_blank\" rel=\"noopener\">\u2192 vitamina B1<\/a><\/span><\/strong>.<\/p>\n<ul>\n<li>Vegano<\/li>\n<li>Senza glutine<\/li>\n<li>Senza lattosio<\/li>\n<li>Senza OGM<\/li>\n<li>Prodotto secondo rigorosi standard di qualit\u00e0 nell&#8217;UE<\/li>\n<\/ul>\n","protected":false},"excerpt":{"rendered":"<p>L&#8217;equilibrio del sistema cardiovascolare non \u00e8 una questione di et\u00e0, ma di cura quotidiana. Heart Essentials, composto da 8 ingredienti bioattivi, \u00e8 stato sviluppato proprio per questa cura. Contiene: Arjuna, bergamotto, ippocastano, resveratrolo, coenzima Q10, foglie di olivo, piperina e \u2192 vitamina B1. Vegano Senza glutine Senza lattosio Senza OGM Prodotto secondo rigorosi standard di [&hellip;]<\/p>\n","protected":false},"featured_media":48029,"template":"","meta":{"_acf_changed":false},"product_brand":[10198],"product_cat":[349,364],"product_tag":[],"class_list":{"0":"post-25904","1":"product","2":"type-product","3":"status-publish","4":"has-post-thumbnail","6":"product_brand-gen-german-elite-nutrition-it","7":"product_cat-nutrienti","8":"product_cat-prodotti-dalla-a-alla-z","10":"first","11":"instock","12":"taxable","13":"shipping-taxable","14":"purchasable","15":"product-type-simple"},"acf":[],"_links":{"self":[{"href":"https:\/\/vitalstoffversand.com\/it\/wp-json\/wp\/v2\/product\/25904","targetHints":{"allow":["GET"]}}],"collection":[{"href":"https:\/\/vitalstoffversand.com\/it\/wp-json\/wp\/v2\/product"}],"about":[{"href":"https:\/\/vitalstoffversand.com\/it\/wp-json\/wp\/v2\/types\/product"}],"wp:featuredmedia":[{"embeddable":true,"href":"https:\/\/vitalstoffversand.com\/it\/wp-json\/wp\/v2\/media\/48029"}],"wp:attachment":[{"href":"https:\/\/vitalstoffversand.com\/it\/wp-json\/wp\/v2\/media?parent=25904"}],"wp:term":[{"taxonomy":"product_brand","embeddable":true,"href":"https:\/\/vitalstoffversand.com\/it\/wp-json\/wp\/v2\/product_brand?post=25904"},{"taxonomy":"product_cat","embeddable":true,"href":"https:\/\/vitalstoffversand.com\/it\/wp-json\/wp\/v2\/product_cat?post=25904"},{"taxonomy":"product_tag","embeddable":true,"href":"https:\/\/vitalstoffversand.com\/it\/wp-json\/wp\/v2\/product_tag?post=25904"}],"curies":[{"name":"wp","href":"https:\/\/api.w.org\/{rel}","templated":true}]}}