{"id":2587,"date":"2024-10-30T10:55:46","date_gmt":"2024-10-30T09:55:46","guid":{"rendered":"https:\/\/dev.vitalstoffversand.com\/?post_type=product&#038;p=2587"},"modified":"2026-03-12T14:15:43","modified_gmt":"2026-03-12T13:15:43","slug":"vit4ever-vitamina-a-3000-%c2%b5g-10-000-u-i-240-compresse-kopie-kopie","status":"publish","type":"product","link":"https:\/\/vitalstoffversand.com\/it\/prodotto\/vit4ever-vitamina-a-3000-%c2%b5g-10-000-u-i-240-compresse-kopie-kopie\/","title":{"rendered":"Vit4ever <br>Mix di Superfood &#8211; 420 g"},"content":{"rendered":"<p>Mix di erba d&#8217;orzo, guaran\u00e0, maca, moringa, spirulina e clorella con aroma naturale di limone.<\/p>\n<p>Fornisce una grande quantit\u00e0 di vitamine naturali, micro e macronutrienti, antiossidanti e sostanze vegetali e pu\u00f2 utilmente integrare, ma ovviamente non sostituire, il fabbisogno giornaliero di frutta e verdura.<\/p>\n<ul>\n<li>Vegano<\/li>\n<li>Senza glutine<\/li>\n<li>Senza lattosio<\/li>\n<li>Senza OGM<\/li>\n<li>Prodotto secondo rigorosi standard di qualit\u00e0 nell&#8217;UE<\/li>\n<\/ul>\n","protected":false},"excerpt":{"rendered":"<p>Mix di erba d&#8217;orzo, guaran\u00e0, maca, moringa, spirulina e clorella con aroma naturale di limone. Fornisce una grande quantit\u00e0 di vitamine naturali, micro e macronutrienti, antiossidanti e sostanze vegetali e pu\u00f2 utilmente integrare, ma ovviamente non sostituire, il fabbisogno giornaliero di frutta e verdura. Vegano Senza glutine Senza lattosio Senza OGM Prodotto secondo rigorosi standard [&hellip;]<\/p>\n","protected":false},"featured_media":49277,"template":"","meta":{"_acf_changed":false},"product_brand":[10218],"product_cat":[349,364],"product_tag":[],"class_list":{"0":"post-2587","1":"product","2":"type-product","3":"status-publish","4":"has-post-thumbnail","6":"product_brand-vit4ever-it","7":"product_cat-nutrienti","8":"product_cat-prodotti-dalla-a-alla-z","10":"first","11":"instock","12":"taxable","13":"shipping-taxable","14":"purchasable","15":"product-type-simple"},"acf":[],"_links":{"self":[{"href":"https:\/\/vitalstoffversand.com\/it\/wp-json\/wp\/v2\/product\/2587","targetHints":{"allow":["GET"]}}],"collection":[{"href":"https:\/\/vitalstoffversand.com\/it\/wp-json\/wp\/v2\/product"}],"about":[{"href":"https:\/\/vitalstoffversand.com\/it\/wp-json\/wp\/v2\/types\/product"}],"wp:featuredmedia":[{"embeddable":true,"href":"https:\/\/vitalstoffversand.com\/it\/wp-json\/wp\/v2\/media\/49277"}],"wp:attachment":[{"href":"https:\/\/vitalstoffversand.com\/it\/wp-json\/wp\/v2\/media?parent=2587"}],"wp:term":[{"taxonomy":"product_brand","embeddable":true,"href":"https:\/\/vitalstoffversand.com\/it\/wp-json\/wp\/v2\/product_brand?post=2587"},{"taxonomy":"product_cat","embeddable":true,"href":"https:\/\/vitalstoffversand.com\/it\/wp-json\/wp\/v2\/product_cat?post=2587"},{"taxonomy":"product_tag","embeddable":true,"href":"https:\/\/vitalstoffversand.com\/it\/wp-json\/wp\/v2\/product_tag?post=2587"}],"curies":[{"name":"wp","href":"https:\/\/api.w.org\/{rel}","templated":true}]}}