{"id":23740,"date":"2024-11-11T15:35:54","date_gmt":"2024-11-11T14:35:54","guid":{"rendered":"https:\/\/vitalstoffversand.com\/produkt\/vit4ever-vitamina-c-tamponata-365-capsule\/"},"modified":"2026-03-15T18:53:28","modified_gmt":"2026-03-15T17:53:28","slug":"vit4ever-vitamina-c-tamponata-365-capsule","status":"publish","type":"product","link":"https:\/\/vitalstoffversand.com\/it\/prodotto\/vit4ever-vitamina-c-tamponata-365-capsule\/","title":{"rendered":"Vit4ever <br>Vitamina C tamponata &#8211; 365 capsule"},"content":{"rendered":"<p>\u201cTamponata\u201d <a href=\"https:\/\/vitalstoffversand.com\/knowledge-base\/vitamin-c\/\" target=\"_blank\" rel=\"noopener\"><strong><span style=\"color: #0000ff;\">\u2192 la vitamina C<\/span><\/strong><\/a>, qui sotto forma di ascorbato di calcio (L-ascorbato di calcio), viene rilasciata uniformemente nell&#8217;organismo in piccole quantit\u00e0 nell&#8217;arco di diverse ore (effetto di rilascio temporale) e allo stesso tempo ha una biodisponibilit\u00e0 molto elevata.<\/p>\n<p>Grazie al suo legame con il calcio, \u00e8 considerato particolarmente ben tollerato.<\/p>\n<p>La vitamina C svolge una serie di compiti nel nostro organismo ed \u00e8 considerata un potente antiossidante.<\/p>\n<ul>\n<li>Vegano<\/li>\n<li>Senza glutine<\/li>\n<li>Senza lattosio<\/li>\n<li>Senza OGM<\/li>\n<li>Prodotto secondo rigorosi standard di qualit\u00e0 nell&#8217;UE<\/li>\n<\/ul>\n","protected":false},"excerpt":{"rendered":"<p>\u201cTamponata\u201d \u2192 la vitamina C, qui sotto forma di ascorbato di calcio (L-ascorbato di calcio), viene rilasciata uniformemente nell&#8217;organismo in piccole quantit\u00e0 nell&#8217;arco di diverse ore (effetto di rilascio temporale) e allo stesso tempo ha una biodisponibilit\u00e0 molto elevata. Grazie al suo legame con il calcio, \u00e8 considerato particolarmente ben tollerato. La vitamina C svolge [&hellip;]<\/p>\n","protected":false},"featured_media":54048,"template":"","meta":{"_acf_changed":false},"product_brand":[10218],"product_cat":[309,364],"product_tag":[],"class_list":{"0":"post-23740","1":"product","2":"type-product","3":"status-publish","4":"has-post-thumbnail","6":"product_brand-vit4ever-it","7":"product_cat-vitamine-it","8":"product_cat-prodotti-dalla-a-alla-z","10":"first","11":"instock","12":"taxable","13":"shipping-taxable","14":"purchasable","15":"product-type-simple"},"acf":[],"_links":{"self":[{"href":"https:\/\/vitalstoffversand.com\/it\/wp-json\/wp\/v2\/product\/23740","targetHints":{"allow":["GET"]}}],"collection":[{"href":"https:\/\/vitalstoffversand.com\/it\/wp-json\/wp\/v2\/product"}],"about":[{"href":"https:\/\/vitalstoffversand.com\/it\/wp-json\/wp\/v2\/types\/product"}],"wp:featuredmedia":[{"embeddable":true,"href":"https:\/\/vitalstoffversand.com\/it\/wp-json\/wp\/v2\/media\/54048"}],"wp:attachment":[{"href":"https:\/\/vitalstoffversand.com\/it\/wp-json\/wp\/v2\/media?parent=23740"}],"wp:term":[{"taxonomy":"product_brand","embeddable":true,"href":"https:\/\/vitalstoffversand.com\/it\/wp-json\/wp\/v2\/product_brand?post=23740"},{"taxonomy":"product_cat","embeddable":true,"href":"https:\/\/vitalstoffversand.com\/it\/wp-json\/wp\/v2\/product_cat?post=23740"},{"taxonomy":"product_tag","embeddable":true,"href":"https:\/\/vitalstoffversand.com\/it\/wp-json\/wp\/v2\/product_tag?post=23740"}],"curies":[{"name":"wp","href":"https:\/\/api.w.org\/{rel}","templated":true}]}}