{"id":23407,"date":"2024-11-09T17:29:40","date_gmt":"2024-11-09T16:29:40","guid":{"rendered":"https:\/\/vitalstoffversand.com\/produkt\/vit4ever-acido-gamma-amminobutirrico-gaba-540-g\/"},"modified":"2026-03-14T15:49:48","modified_gmt":"2026-03-14T14:49:48","slug":"vit4ever-acido-gamma-amminobutirrico-gaba-540-g","status":"publish","type":"product","link":"https:\/\/vitalstoffversand.com\/it\/prodotto\/vit4ever-acido-gamma-amminobutirrico-gaba-540-g\/","title":{"rendered":"Vit4ever <br>Acido gamma-amminobutirrico GABA &#8211; 540 g"},"content":{"rendered":"<p>Il GABA agisce come neurotrasmettitore nel sistema nervoso centrale e fa s\u00ec che molti stimoli vengano rallentati o addirittura spenti del tutto, per questo pu\u00f2 avere un effetto positivo sul sonno.<\/p>\n<p>Il GABA \u00e8 interessante anche per gli atleti perch\u00e9 influenza gli ormoni della crescita.<\/p>\n<ul>\n<li>Vegano<\/li>\n<li>Senza glutine<\/li>\n<li>Senza lattosio<\/li>\n<li>Senza OGM<\/li>\n<li>Prodotto secondo rigorosi standard di qualit\u00e0 nell&#8217;UE<\/li>\n<\/ul>\n","protected":false},"excerpt":{"rendered":"<p>Il GABA agisce come neurotrasmettitore nel sistema nervoso centrale e fa s\u00ec che molti stimoli vengano rallentati o addirittura spenti del tutto, per questo pu\u00f2 avere un effetto positivo sul sonno. Il GABA \u00e8 interessante anche per gli atleti perch\u00e9 influenza gli ormoni della crescita. Vegano Senza glutine Senza lattosio Senza OGM Prodotto secondo rigorosi [&hellip;]<\/p>\n","protected":false},"featured_media":50965,"template":"","meta":{"_acf_changed":false},"product_brand":[10218],"product_cat":[333,364],"product_tag":[],"class_list":{"0":"post-23407","1":"product","2":"type-product","3":"status-publish","4":"has-post-thumbnail","6":"product_brand-vit4ever-it","7":"product_cat-aminoacidi","8":"product_cat-prodotti-dalla-a-alla-z","10":"first","11":"instock","12":"taxable","13":"shipping-taxable","14":"purchasable","15":"product-type-simple"},"acf":[],"_links":{"self":[{"href":"https:\/\/vitalstoffversand.com\/it\/wp-json\/wp\/v2\/product\/23407","targetHints":{"allow":["GET"]}}],"collection":[{"href":"https:\/\/vitalstoffversand.com\/it\/wp-json\/wp\/v2\/product"}],"about":[{"href":"https:\/\/vitalstoffversand.com\/it\/wp-json\/wp\/v2\/types\/product"}],"wp:featuredmedia":[{"embeddable":true,"href":"https:\/\/vitalstoffversand.com\/it\/wp-json\/wp\/v2\/media\/50965"}],"wp:attachment":[{"href":"https:\/\/vitalstoffversand.com\/it\/wp-json\/wp\/v2\/media?parent=23407"}],"wp:term":[{"taxonomy":"product_brand","embeddable":true,"href":"https:\/\/vitalstoffversand.com\/it\/wp-json\/wp\/v2\/product_brand?post=23407"},{"taxonomy":"product_cat","embeddable":true,"href":"https:\/\/vitalstoffversand.com\/it\/wp-json\/wp\/v2\/product_cat?post=23407"},{"taxonomy":"product_tag","embeddable":true,"href":"https:\/\/vitalstoffversand.com\/it\/wp-json\/wp\/v2\/product_tag?post=23407"}],"curies":[{"name":"wp","href":"https:\/\/api.w.org\/{rel}","templated":true}]}}