{"id":23327,"date":"2024-11-09T17:09:21","date_gmt":"2024-11-09T16:09:21","guid":{"rendered":"https:\/\/vitalstoffversand.com\/produkt\/vit4ever-l-arginina-intenso-365-capsule\/"},"modified":"2026-03-14T15:18:32","modified_gmt":"2026-03-14T14:18:32","slug":"vit4ever-l-arginina-intenso-365-capsule","status":"publish","type":"product","link":"https:\/\/vitalstoffversand.com\/it\/prodotto\/vit4ever-l-arginina-intenso-365-capsule\/","title":{"rendered":"Vit4ever <br>L-Arginina Intenso &#8211; 365 capsule"},"content":{"rendered":"<p>La L-arginina \u00e8 un aminoacido proteinogenico semi-essenziale, molto apprezzato dagli atleti non solo come stimolante dell&#8217;allenamento.<\/p>\n<p>L&#8217;arginina \u00e8 particolarmente necessaria all&#8217;organismo in caso di sport intensivo o di forte stress e partecipa alla formazione delle proteine dell&#8217;organismo.<\/p>\n<p>Grazie al suo elevato contenuto di azoto e alla sua capacit\u00e0 di formare ossido nitrico, \u00e8 molto importante per l&#8217;attivazione e il controllo dei vasi sanguigni e pu\u00f2 quindi essere molto interessante anche per gli uomini attivi (disfunzione erettile) e le donne attive.<\/p>\n<p>Le capsule di Arginina Intenso contengono arginina di base pura di origine vegetale, ottenuta per fermentazione da materie prime vegetali.<\/p>\n<ul>\n<li>Vegano<\/li>\n<li>Senza glutine<\/li>\n<li>Senza lattosio<\/li>\n<li>Senza OGM<\/li>\n<li>Prodotto secondo rigorosi standard di qualit\u00e0 nell&#8217;UE<\/li>\n<\/ul>\n","protected":false},"excerpt":{"rendered":"<p>La L-arginina \u00e8 un aminoacido proteinogenico semi-essenziale, molto apprezzato dagli atleti non solo come stimolante dell&#8217;allenamento. L&#8217;arginina \u00e8 particolarmente necessaria all&#8217;organismo in caso di sport intensivo o di forte stress e partecipa alla formazione delle proteine dell&#8217;organismo. Grazie al suo elevato contenuto di azoto e alla sua capacit\u00e0 di formare ossido nitrico, \u00e8 molto importante [&hellip;]<\/p>\n","protected":false},"featured_media":67166,"template":"","meta":{"_acf_changed":false},"product_brand":[10218],"product_cat":[333,364],"product_tag":[],"class_list":{"0":"post-23327","1":"product","2":"type-product","3":"status-publish","4":"has-post-thumbnail","6":"product_brand-vit4ever-it","7":"product_cat-aminoacidi","8":"product_cat-prodotti-dalla-a-alla-z","10":"first","11":"instock","12":"taxable","13":"shipping-taxable","14":"purchasable","15":"product-type-simple"},"acf":[],"_links":{"self":[{"href":"https:\/\/vitalstoffversand.com\/it\/wp-json\/wp\/v2\/product\/23327","targetHints":{"allow":["GET"]}}],"collection":[{"href":"https:\/\/vitalstoffversand.com\/it\/wp-json\/wp\/v2\/product"}],"about":[{"href":"https:\/\/vitalstoffversand.com\/it\/wp-json\/wp\/v2\/types\/product"}],"wp:featuredmedia":[{"embeddable":true,"href":"https:\/\/vitalstoffversand.com\/it\/wp-json\/wp\/v2\/media\/67166"}],"wp:attachment":[{"href":"https:\/\/vitalstoffversand.com\/it\/wp-json\/wp\/v2\/media?parent=23327"}],"wp:term":[{"taxonomy":"product_brand","embeddable":true,"href":"https:\/\/vitalstoffversand.com\/it\/wp-json\/wp\/v2\/product_brand?post=23327"},{"taxonomy":"product_cat","embeddable":true,"href":"https:\/\/vitalstoffversand.com\/it\/wp-json\/wp\/v2\/product_cat?post=23327"},{"taxonomy":"product_tag","embeddable":true,"href":"https:\/\/vitalstoffversand.com\/it\/wp-json\/wp\/v2\/product_tag?post=23327"}],"curies":[{"name":"wp","href":"https:\/\/api.w.org\/{rel}","templated":true}]}}