{"id":22524,"date":"2024-11-07T19:52:40","date_gmt":"2024-11-07T18:52:40","guid":{"rendered":"https:\/\/vitalstoffversand.com\/produkt\/vit4ever-vitamina-d3-10000-u-i-365-compresse\/"},"modified":"2026-03-12T16:53:03","modified_gmt":"2026-03-12T15:53:03","slug":"vit4ever-vitamina-d3-10000-u-i-365-compresse","status":"publish","type":"product","link":"https:\/\/vitalstoffversand.com\/it\/prodotto\/vit4ever-vitamina-d3-10000-u-i-365-compresse\/","title":{"rendered":"Vit4ever <br>Vitamina D3 10000 U.I. &#8211; 365 compresse"},"content":{"rendered":"<p>Poich\u00e9 la <a href=\"https:\/\/vitalstoffversand.com\/knowledge-base\/vitamin-d\/\" target=\"_blank\" rel=\"noopener\"><strong><span style=\"color: #0000ff;\">\u2192 vitamina D<\/span><\/strong><\/a> pu\u00f2 essere immagazzinata dall&#8217;organismo, una capsula fornisce al nostro organismo questa importante vitamina per 10 giorni.<\/p>\n<p>\u00c8 necessario garantire un apporto sufficiente di vitamina D, soprattutto nei mesi pi\u00f9 bui dell&#8217;anno.<\/p>\n<ul>\n<li>Vegetarisch<\/li>\n<li>Senza glutine<\/li>\n<li>Senza lattosio<\/li>\n<li>Senza OGM<\/li>\n<li>Prodotto secondo rigorosi standard di qualit\u00e0 nell&#8217;UE<\/li>\n<\/ul>\n","protected":false},"excerpt":{"rendered":"<p>Poich\u00e9 la \u2192 vitamina D pu\u00f2 essere immagazzinata dall&#8217;organismo, una capsula fornisce al nostro organismo questa importante vitamina per 10 giorni. \u00c8 necessario garantire un apporto sufficiente di vitamina D, soprattutto nei mesi pi\u00f9 bui dell&#8217;anno. Vegetarisch Senza glutine Senza lattosio Senza OGM Prodotto secondo rigorosi standard di qualit\u00e0 nell&#8217;UE<\/p>\n","protected":false},"featured_media":61409,"template":"","meta":{"_acf_changed":false},"product_brand":[10218],"product_cat":[309,364],"product_tag":[],"class_list":{"0":"post-22524","1":"product","2":"type-product","3":"status-publish","4":"has-post-thumbnail","6":"product_brand-vit4ever-it","7":"product_cat-vitamine-it","8":"product_cat-prodotti-dalla-a-alla-z","10":"first","11":"instock","12":"taxable","13":"shipping-taxable","14":"purchasable","15":"product-type-simple"},"acf":[],"_links":{"self":[{"href":"https:\/\/vitalstoffversand.com\/it\/wp-json\/wp\/v2\/product\/22524","targetHints":{"allow":["GET"]}}],"collection":[{"href":"https:\/\/vitalstoffversand.com\/it\/wp-json\/wp\/v2\/product"}],"about":[{"href":"https:\/\/vitalstoffversand.com\/it\/wp-json\/wp\/v2\/types\/product"}],"wp:featuredmedia":[{"embeddable":true,"href":"https:\/\/vitalstoffversand.com\/it\/wp-json\/wp\/v2\/media\/61409"}],"wp:attachment":[{"href":"https:\/\/vitalstoffversand.com\/it\/wp-json\/wp\/v2\/media?parent=22524"}],"wp:term":[{"taxonomy":"product_brand","embeddable":true,"href":"https:\/\/vitalstoffversand.com\/it\/wp-json\/wp\/v2\/product_brand?post=22524"},{"taxonomy":"product_cat","embeddable":true,"href":"https:\/\/vitalstoffversand.com\/it\/wp-json\/wp\/v2\/product_cat?post=22524"},{"taxonomy":"product_tag","embeddable":true,"href":"https:\/\/vitalstoffversand.com\/it\/wp-json\/wp\/v2\/product_tag?post=22524"}],"curies":[{"name":"wp","href":"https:\/\/api.w.org\/{rel}","templated":true}]}}