{"id":22516,"date":"2024-11-07T15:46:23","date_gmt":"2024-11-07T14:46:23","guid":{"rendered":"https:\/\/vitalstoffversand.com\/produkt\/vit4ever-complesso-di-zinco-400-compresse\/"},"modified":"2026-03-12T16:46:28","modified_gmt":"2026-03-12T15:46:28","slug":"vit4ever-complesso-di-zinco-400-compresse","status":"publish","type":"product","link":"https:\/\/vitalstoffversand.com\/it\/prodotto\/vit4ever-complesso-di-zinco-400-compresse\/","title":{"rendered":"Vit4ever <br>Complesso di zinco 25 mg &#8211; 400 compresse"},"content":{"rendered":"<p><a href=\"https:\/\/vitalstoffversand.com\/knowledge-base\/zink\/\" target=\"_blank\" rel=\"noopener\"><span style=\"color: #0000ff;\"><strong>\u2192 Lo zinco<\/strong><\/span><\/a> \u00e8 un oligoelemento vitale per il nostro organismo.<\/p>\n<p>\u00c8 coinvolto in numerose reazioni metaboliche ed \u00e8 un componente di oltre 50 enzimi del nostro corpo.<\/p>\n<p>Lo zinco rafforza il sistema immunitario, favorisce la sintesi proteica e pu\u00f2 aumentare la produzione di sperma negli uomini.<\/p>\n<p>La L-istidina, anch&#8217;essa presente, \u00e8 un aminoacido semi-essenziale e partecipa a numerose reazioni metaboliche e alla formazione delle proteine.<\/p>\n<ul>\n<li>Vegano<\/li>\n<li>Senza glutine<\/li>\n<li>Senza lattosio<\/li>\n<li>Senza OGM<\/li>\n<li>Prodotto secondo rigorosi standard di qualit\u00e0 nell&#8217;UE<\/li>\n<\/ul>\n","protected":false},"excerpt":{"rendered":"<p>\u2192 Lo zinco \u00e8 un oligoelemento vitale per il nostro organismo. \u00c8 coinvolto in numerose reazioni metaboliche ed \u00e8 un componente di oltre 50 enzimi del nostro corpo. Lo zinco rafforza il sistema immunitario, favorisce la sintesi proteica e pu\u00f2 aumentare la produzione di sperma negli uomini. La L-istidina, anch&#8217;essa presente, \u00e8 un aminoacido semi-essenziale [&hellip;]<\/p>\n","protected":false},"featured_media":49877,"template":"","meta":{"_acf_changed":false},"product_brand":[10218],"product_cat":[341,364],"product_tag":[],"class_list":{"0":"post-22516","1":"product","2":"type-product","3":"status-publish","4":"has-post-thumbnail","6":"product_brand-vit4ever-it","7":"product_cat-minerali-e-oligoelementi","8":"product_cat-prodotti-dalla-a-alla-z","10":"first","11":"instock","12":"taxable","13":"shipping-taxable","14":"purchasable","15":"product-type-simple"},"acf":[],"_links":{"self":[{"href":"https:\/\/vitalstoffversand.com\/it\/wp-json\/wp\/v2\/product\/22516","targetHints":{"allow":["GET"]}}],"collection":[{"href":"https:\/\/vitalstoffversand.com\/it\/wp-json\/wp\/v2\/product"}],"about":[{"href":"https:\/\/vitalstoffversand.com\/it\/wp-json\/wp\/v2\/types\/product"}],"wp:featuredmedia":[{"embeddable":true,"href":"https:\/\/vitalstoffversand.com\/it\/wp-json\/wp\/v2\/media\/49877"}],"wp:attachment":[{"href":"https:\/\/vitalstoffversand.com\/it\/wp-json\/wp\/v2\/media?parent=22516"}],"wp:term":[{"taxonomy":"product_brand","embeddable":true,"href":"https:\/\/vitalstoffversand.com\/it\/wp-json\/wp\/v2\/product_brand?post=22516"},{"taxonomy":"product_cat","embeddable":true,"href":"https:\/\/vitalstoffversand.com\/it\/wp-json\/wp\/v2\/product_cat?post=22516"},{"taxonomy":"product_tag","embeddable":true,"href":"https:\/\/vitalstoffversand.com\/it\/wp-json\/wp\/v2\/product_tag?post=22516"}],"curies":[{"name":"wp","href":"https:\/\/api.w.org\/{rel}","templated":true}]}}