{"id":22477,"date":"2024-11-01T16:08:11","date_gmt":"2024-11-01T15:08:11","guid":{"rendered":"https:\/\/vitalstoffversand.com\/produkt\/vit4ever-vitamina-d3-5000-u-i-500-compresse\/"},"modified":"2026-03-12T16:28:04","modified_gmt":"2026-03-12T15:28:04","slug":"vit4ever-vitamina-d3-5000-u-i-500-compresse","status":"publish","type":"product","link":"https:\/\/vitalstoffversand.com\/it\/prodotto\/vit4ever-vitamina-d3-5000-u-i-500-compresse\/","title":{"rendered":"Vit4ever <br>Vitamina D3 5000 U.I. &#8211; 500 compresse"},"content":{"rendered":"<p><a href=\"https:\/\/vitalstoffversand.com\/knowledge-base\/vitamin-d\/\" target=\"_blank\" rel=\"noopener\"><span style=\"color: #0000ff;\"><strong>\u2192 La vitamina D<\/strong><\/span><\/a> \u00e8 coinvolta in numerosi processi metabolici.<\/p>\n<p>Viene assorbita in piccole quantit\u00e0 attraverso gli alimenti ed \u00e8 prodotta dall&#8217;organismo stesso attraverso la luce solare diretta sulla pelle.<\/p>\n<ul>\n<li>Vegetarisch<\/li>\n<li>Senza glutine<\/li>\n<li>Senza lattosio<\/li>\n<li>Senza OGM<\/li>\n<li>Prodotto secondo rigorosi standard di qualit\u00e0 nell&#8217;UE<\/li>\n<\/ul>\n","protected":false},"excerpt":{"rendered":"<p>\u2192 La vitamina D \u00e8 coinvolta in numerosi processi metabolici. Viene assorbita in piccole quantit\u00e0 attraverso gli alimenti ed \u00e8 prodotta dall&#8217;organismo stesso attraverso la luce solare diretta sulla pelle. Vegetarisch Senza glutine Senza lattosio Senza OGM Prodotto secondo rigorosi standard di qualit\u00e0 nell&#8217;UE<\/p>\n","protected":false},"featured_media":61329,"template":"","meta":{"_acf_changed":false},"product_brand":[10218],"product_cat":[309,364],"product_tag":[],"class_list":{"0":"post-22477","1":"product","2":"type-product","3":"status-publish","4":"has-post-thumbnail","6":"product_brand-vit4ever-it","7":"product_cat-vitamine-it","8":"product_cat-prodotti-dalla-a-alla-z","10":"first","11":"instock","12":"taxable","13":"shipping-taxable","14":"purchasable","15":"product-type-simple"},"acf":[],"_links":{"self":[{"href":"https:\/\/vitalstoffversand.com\/it\/wp-json\/wp\/v2\/product\/22477","targetHints":{"allow":["GET"]}}],"collection":[{"href":"https:\/\/vitalstoffversand.com\/it\/wp-json\/wp\/v2\/product"}],"about":[{"href":"https:\/\/vitalstoffversand.com\/it\/wp-json\/wp\/v2\/types\/product"}],"wp:featuredmedia":[{"embeddable":true,"href":"https:\/\/vitalstoffversand.com\/it\/wp-json\/wp\/v2\/media\/61329"}],"wp:attachment":[{"href":"https:\/\/vitalstoffversand.com\/it\/wp-json\/wp\/v2\/media?parent=22477"}],"wp:term":[{"taxonomy":"product_brand","embeddable":true,"href":"https:\/\/vitalstoffversand.com\/it\/wp-json\/wp\/v2\/product_brand?post=22477"},{"taxonomy":"product_cat","embeddable":true,"href":"https:\/\/vitalstoffversand.com\/it\/wp-json\/wp\/v2\/product_cat?post=22477"},{"taxonomy":"product_tag","embeddable":true,"href":"https:\/\/vitalstoffversand.com\/it\/wp-json\/wp\/v2\/product_tag?post=22477"}],"curies":[{"name":"wp","href":"https:\/\/api.w.org\/{rel}","templated":true}]}}