{"id":22470,"date":"2024-11-01T15:33:11","date_gmt":"2024-11-01T14:33:11","guid":{"rendered":"https:\/\/vitalstoffversand.com\/produkt\/vit4ever-ginkgo-biloba-501-estratto-365-compresse\/"},"modified":"2026-03-12T16:26:19","modified_gmt":"2026-03-12T15:26:19","slug":"vit4ever-ginkgo-biloba-501-estratto-365-compresse","status":"publish","type":"product","link":"https:\/\/vitalstoffversand.com\/it\/prodotto\/vit4ever-ginkgo-biloba-501-estratto-365-compresse\/","title":{"rendered":"Vit4ever <br>Ginkgo Biloba 50:1 Estratto &#8211; 365 compresse"},"content":{"rendered":"<p>Il Ginkgo Biloba \u00e8 uno degli alberi pi\u00f9 antichi del pianeta.<\/p>\n<p>Grazie ai glicosidi flavonici e ai lattoni terpenici ginkgolidi che contiene, che sono terpeni e sostanze vegetali secondarie, questo antico albero ci fornisce preziosi principi attivi.<\/p>\n<p>La massima qualit\u00e0 ha la priorit\u00e0 assoluta, per questo il contenuto di acido gingolico \u00e8 di solo 1 ppm, ben al di sotto del limite consentito di 5 ppm.<\/p>\n<ul>\n<li>Vegano<\/li>\n<li>Senza glutine<\/li>\n<li>Senza lattosio<\/li>\n<li>Senza OGM<\/li>\n<li>Prodotto secondo rigorosi standard di qualit\u00e0 nell&#8217;UE<\/li>\n<\/ul>\n","protected":false},"excerpt":{"rendered":"<p>Il Ginkgo Biloba \u00e8 uno degli alberi pi\u00f9 antichi del pianeta. Grazie ai glicosidi flavonici e ai lattoni terpenici ginkgolidi che contiene, che sono terpeni e sostanze vegetali secondarie, questo antico albero ci fornisce preziosi principi attivi. La massima qualit\u00e0 ha la priorit\u00e0 assoluta, per questo il contenuto di acido gingolico \u00e8 di solo 1 [&hellip;]<\/p>\n","protected":false},"featured_media":49717,"template":"","meta":{"_acf_changed":false},"product_brand":[10218],"product_cat":[349,364],"product_tag":[],"class_list":{"0":"post-22470","1":"product","2":"type-product","3":"status-publish","4":"has-post-thumbnail","6":"product_brand-vit4ever-it","7":"product_cat-nutrienti","8":"product_cat-prodotti-dalla-a-alla-z","10":"first","11":"instock","12":"taxable","13":"shipping-taxable","14":"purchasable","15":"product-type-simple"},"acf":[],"_links":{"self":[{"href":"https:\/\/vitalstoffversand.com\/it\/wp-json\/wp\/v2\/product\/22470","targetHints":{"allow":["GET"]}}],"collection":[{"href":"https:\/\/vitalstoffversand.com\/it\/wp-json\/wp\/v2\/product"}],"about":[{"href":"https:\/\/vitalstoffversand.com\/it\/wp-json\/wp\/v2\/types\/product"}],"wp:featuredmedia":[{"embeddable":true,"href":"https:\/\/vitalstoffversand.com\/it\/wp-json\/wp\/v2\/media\/49717"}],"wp:attachment":[{"href":"https:\/\/vitalstoffversand.com\/it\/wp-json\/wp\/v2\/media?parent=22470"}],"wp:term":[{"taxonomy":"product_brand","embeddable":true,"href":"https:\/\/vitalstoffversand.com\/it\/wp-json\/wp\/v2\/product_brand?post=22470"},{"taxonomy":"product_cat","embeddable":true,"href":"https:\/\/vitalstoffversand.com\/it\/wp-json\/wp\/v2\/product_cat?post=22470"},{"taxonomy":"product_tag","embeddable":true,"href":"https:\/\/vitalstoffversand.com\/it\/wp-json\/wp\/v2\/product_tag?post=22470"}],"curies":[{"name":"wp","href":"https:\/\/api.w.org\/{rel}","templated":true}]}}