{"id":22449,"date":"2024-10-30T17:48:27","date_gmt":"2024-10-30T16:48:27","guid":{"rendered":"https:\/\/vitalstoffversand.com\/produkt\/vit4ever-l-triptofano-365-capsule\/"},"modified":"2026-03-12T15:32:12","modified_gmt":"2026-03-12T14:32:12","slug":"vit4ever-l-triptofano-365-capsule","status":"publish","type":"product","link":"https:\/\/vitalstoffversand.com\/it\/prodotto\/vit4ever-l-triptofano-365-capsule\/","title":{"rendered":"Vit4ever <br>L-triptofano &#8211; 365 capsule"},"content":{"rendered":"<p>Il L-triptofano \u00e8 un aminoacido essenziale e non pu\u00f2 essere prodotto dall&#8217;organismo.<\/p>\n<p>\u00c8 il precursore dell&#8217;\u201cormone della felicit\u00e0\u201d, la serotonina, ed \u00e8 anche essenziale per la produzione dell&#8217;ormone melatonina, che controlla il ciclo sonno-veglia dell&#8217;organismo.<\/p>\n<ul>\n<li>Vegano<\/li>\n<li>Senza glutine<\/li>\n<li>Senza lattosio<\/li>\n<li>Senza OGM<\/li>\n<li>Prodotto secondo rigorosi standard di qualit\u00e0 nell&#8217;UE<\/li>\n<\/ul>\n","protected":false},"excerpt":{"rendered":"<p>Il L-triptofano \u00e8 un aminoacido essenziale e non pu\u00f2 essere prodotto dall&#8217;organismo. \u00c8 il precursore dell&#8217;\u201cormone della felicit\u00e0\u201d, la serotonina, ed \u00e8 anche essenziale per la produzione dell&#8217;ormone melatonina, che controlla il ciclo sonno-veglia dell&#8217;organismo. Vegano Senza glutine Senza lattosio Senza OGM Prodotto secondo rigorosi standard di qualit\u00e0 nell&#8217;UE<\/p>\n","protected":false},"featured_media":63228,"template":"","meta":{"_acf_changed":false},"product_brand":[10218],"product_cat":[333,364],"product_tag":[],"class_list":{"0":"post-22449","1":"product","2":"type-product","3":"status-publish","4":"has-post-thumbnail","6":"product_brand-vit4ever-it","7":"product_cat-aminoacidi","8":"product_cat-prodotti-dalla-a-alla-z","10":"first","11":"instock","12":"taxable","13":"shipping-taxable","14":"purchasable","15":"product-type-simple"},"acf":[],"_links":{"self":[{"href":"https:\/\/vitalstoffversand.com\/it\/wp-json\/wp\/v2\/product\/22449","targetHints":{"allow":["GET"]}}],"collection":[{"href":"https:\/\/vitalstoffversand.com\/it\/wp-json\/wp\/v2\/product"}],"about":[{"href":"https:\/\/vitalstoffversand.com\/it\/wp-json\/wp\/v2\/types\/product"}],"wp:featuredmedia":[{"embeddable":true,"href":"https:\/\/vitalstoffversand.com\/it\/wp-json\/wp\/v2\/media\/63228"}],"wp:attachment":[{"href":"https:\/\/vitalstoffversand.com\/it\/wp-json\/wp\/v2\/media?parent=22449"}],"wp:term":[{"taxonomy":"product_brand","embeddable":true,"href":"https:\/\/vitalstoffversand.com\/it\/wp-json\/wp\/v2\/product_brand?post=22449"},{"taxonomy":"product_cat","embeddable":true,"href":"https:\/\/vitalstoffversand.com\/it\/wp-json\/wp\/v2\/product_cat?post=22449"},{"taxonomy":"product_tag","embeddable":true,"href":"https:\/\/vitalstoffversand.com\/it\/wp-json\/wp\/v2\/product_tag?post=22449"}],"curies":[{"name":"wp","href":"https:\/\/api.w.org\/{rel}","templated":true}]}}