{"id":22334,"date":"2025-01-02T17:45:54","date_gmt":"2025-01-02T16:45:54","guid":{"rendered":"https:\/\/vitalstoffversand.com\/produkt\/gen-budino-di-mais-3000-g\/"},"modified":"2026-03-12T12:28:30","modified_gmt":"2026-03-12T11:28:30","slug":"gen-budino-di-mais-3000-g","status":"publish","type":"product","link":"https:\/\/vitalstoffversand.com\/it\/prodotto\/gen-budino-di-mais-3000-g\/","title":{"rendered":"GEN <br>Budino di mais &#8211; 3000 g"},"content":{"rendered":"<p>Il budino di mais \u00e8 versatile e costituisce una base gustosa, veloce da preparare e nutriente per una variet\u00e0 di pasti.<\/p>\n<p>Il budino di mais \u00e8 una fonte di carboidrati di alta qualit\u00e0 che pu\u00f2 essere utilizzata non solo nella vita quotidiana, ma anche in modo specifico prima o dopo l&#8217;allenamento.<\/p>\n<ul>\n<li>Vegano<\/li>\n<li>Senza glutine<\/li>\n<li>Senza lattosio<\/li>\n<li>Senza OGM<\/li>\n<li>Prodotto secondo rigorosi standard di qualit\u00e0 nell&#8217;UE<\/li>\n<\/ul>\n","protected":false},"excerpt":{"rendered":"<p>Il budino di mais \u00e8 versatile e costituisce una base gustosa, veloce da preparare e nutriente per una variet\u00e0 di pasti. Il budino di mais \u00e8 una fonte di carboidrati di alta qualit\u00e0 che pu\u00f2 essere utilizzata non solo nella vita quotidiana, ma anche in modo specifico prima o dopo l&#8217;allenamento. Vegano Senza glutine Senza [&hellip;]<\/p>\n","protected":false},"featured_media":47093,"template":"","meta":{"_acf_changed":false},"product_brand":[10198],"product_cat":[328,364],"product_tag":[],"class_list":{"0":"post-22334","1":"product","2":"type-product","3":"status-publish","4":"has-post-thumbnail","6":"product_brand-gen-german-elite-nutrition-it","7":"product_cat-cucina-e-spuntini","8":"product_cat-prodotti-dalla-a-alla-z","10":"first","11":"instock","12":"taxable","13":"shipping-taxable","14":"purchasable","15":"product-type-simple"},"acf":[],"_links":{"self":[{"href":"https:\/\/vitalstoffversand.com\/it\/wp-json\/wp\/v2\/product\/22334","targetHints":{"allow":["GET"]}}],"collection":[{"href":"https:\/\/vitalstoffversand.com\/it\/wp-json\/wp\/v2\/product"}],"about":[{"href":"https:\/\/vitalstoffversand.com\/it\/wp-json\/wp\/v2\/types\/product"}],"wp:featuredmedia":[{"embeddable":true,"href":"https:\/\/vitalstoffversand.com\/it\/wp-json\/wp\/v2\/media\/47093"}],"wp:attachment":[{"href":"https:\/\/vitalstoffversand.com\/it\/wp-json\/wp\/v2\/media?parent=22334"}],"wp:term":[{"taxonomy":"product_brand","embeddable":true,"href":"https:\/\/vitalstoffversand.com\/it\/wp-json\/wp\/v2\/product_brand?post=22334"},{"taxonomy":"product_cat","embeddable":true,"href":"https:\/\/vitalstoffversand.com\/it\/wp-json\/wp\/v2\/product_cat?post=22334"},{"taxonomy":"product_tag","embeddable":true,"href":"https:\/\/vitalstoffversand.com\/it\/wp-json\/wp\/v2\/product_tag?post=22334"}],"curies":[{"name":"wp","href":"https:\/\/api.w.org\/{rel}","templated":true}]}}