{"id":21324,"date":"2024-11-12T12:18:13","date_gmt":"2024-11-12T11:18:13","guid":{"rendered":"https:\/\/vitalstoffversand.com\/produkt\/gen-creatina-ultra-caps-quantita-diverse\/"},"modified":"2026-03-11T14:53:39","modified_gmt":"2026-03-11T13:53:39","slug":"gen-creatina-ultra-caps-quantita-diverse","status":"publish","type":"product","link":"https:\/\/vitalstoffversand.com\/it\/prodotto\/gen-creatina-ultra-caps-quantita-diverse\/","title":{"rendered":"GEN <br>Creatina Ultra Caps &#8211; 420 capsule"},"content":{"rendered":"<p>Non c&#8217;\u00e8 quasi nessun atleta che non conosca la <a href=\"https:\/\/vitalstoffversand.com\/knowledge-base\/creatin-kreatin\/\" target=\"_blank\" rel=\"noopener\"><span style=\"color: #0000ff;\"><strong>\u2192 creatina<\/strong><\/span><\/a>, poich\u00e9 \u00e8 uno degli integratori alimentari pi\u00f9 noti e pi\u00f9 frequentemente assunti nello sport.<\/p>\n<p>Le Creatine Ultra Caps hanno un dosaggio molto elevato di 1250 mg di principio attivo per capsula.<\/p>\n<ul>\n<li>Senza glutine<\/li>\n<li>Senza lattosio<\/li>\n<li>Senza OGM<\/li>\n<li>Prodotto secondo rigorosi standard di qualit\u00e0 nell&#8217;UE<\/li>\n<\/ul>\n","protected":false},"excerpt":{"rendered":"<p>Non c&#8217;\u00e8 quasi nessun atleta che non conosca la \u2192 creatina, poich\u00e9 \u00e8 uno degli integratori alimentari pi\u00f9 noti e pi\u00f9 frequentemente assunti nello sport. Le Creatine Ultra Caps hanno un dosaggio molto elevato di 1250 mg di principio attivo per capsula. Senza glutine Senza lattosio Senza OGM Prodotto secondo rigorosi standard di qualit\u00e0 nell&#8217;UE<\/p>\n","protected":false},"featured_media":44908,"template":"","meta":{"_acf_changed":false},"product_brand":[10198],"product_cat":[349,364],"product_tag":[],"class_list":{"0":"post-21324","1":"product","2":"type-product","3":"status-publish","4":"has-post-thumbnail","6":"product_brand-gen-german-elite-nutrition-it","7":"product_cat-nutrienti","8":"product_cat-prodotti-dalla-a-alla-z","10":"first","11":"instock","12":"taxable","13":"shipping-taxable","14":"purchasable","15":"product-type-simple"},"acf":[],"_links":{"self":[{"href":"https:\/\/vitalstoffversand.com\/it\/wp-json\/wp\/v2\/product\/21324","targetHints":{"allow":["GET"]}}],"collection":[{"href":"https:\/\/vitalstoffversand.com\/it\/wp-json\/wp\/v2\/product"}],"about":[{"href":"https:\/\/vitalstoffversand.com\/it\/wp-json\/wp\/v2\/types\/product"}],"wp:featuredmedia":[{"embeddable":true,"href":"https:\/\/vitalstoffversand.com\/it\/wp-json\/wp\/v2\/media\/44908"}],"wp:attachment":[{"href":"https:\/\/vitalstoffversand.com\/it\/wp-json\/wp\/v2\/media?parent=21324"}],"wp:term":[{"taxonomy":"product_brand","embeddable":true,"href":"https:\/\/vitalstoffversand.com\/it\/wp-json\/wp\/v2\/product_brand?post=21324"},{"taxonomy":"product_cat","embeddable":true,"href":"https:\/\/vitalstoffversand.com\/it\/wp-json\/wp\/v2\/product_cat?post=21324"},{"taxonomy":"product_tag","embeddable":true,"href":"https:\/\/vitalstoffversand.com\/it\/wp-json\/wp\/v2\/product_tag?post=21324"}],"curies":[{"name":"wp","href":"https:\/\/api.w.org\/{rel}","templated":true}]}}