{"id":21275,"date":"2024-11-12T12:06:14","date_gmt":"2024-11-12T11:06:14","guid":{"rendered":"https:\/\/vitalstoffversand.com\/produkt\/gen-l-carnitina-triplo-complesso-120-capsule\/"},"modified":"2026-03-11T14:43:57","modified_gmt":"2026-03-11T13:43:57","slug":"gen-l-carnitina-triplo-complesso-120-capsule","status":"publish","type":"product","link":"https:\/\/vitalstoffversand.com\/it\/prodotto\/gen-l-carnitina-triplo-complesso-120-capsule\/","title":{"rendered":"GEN <br>L-Carnitina Triplo Complesso &#8211; 120 capsule"},"content":{"rendered":"<p>L-Carnitine Triple Complex contiene 3 dei pi\u00f9 popolari composti di L-carnitina e colpisce per la sua altissima biodisponibilit\u00e0 e concentrazione, nonch\u00e9 per il rilascio ritardato dei principi attivi, in modo da garantire un apporto ottimale.<\/p>\n<p>La L-carnitina \u00e8 coinvolta nel metabolismo energetico e svolge un ruolo chiave nella conversione degli acidi grassi in energia.<\/p>\n<p>L&#8217;integrazione di L-carnitina pu\u00f2 essere particolarmente utile per i vegetariani e i vegani, poich\u00e9 \u00e8 contenuta quasi esclusivamente nei prodotti animali.<\/p>\n<ul>\n<li>Vegano<\/li>\n<li>Senza glutine<\/li>\n<li>Senza lattosio<\/li>\n<li>Senza OGM<\/li>\n<li>Prodotto secondo rigorosi standard di qualit\u00e0 nell&#8217;UE<\/li>\n<\/ul>\n","protected":false},"excerpt":{"rendered":"<p>L-Carnitine Triple Complex contiene 3 dei pi\u00f9 popolari composti di L-carnitina e colpisce per la sua altissima biodisponibilit\u00e0 e concentrazione, nonch\u00e9 per il rilascio ritardato dei principi attivi, in modo da garantire un apporto ottimale. La L-carnitina \u00e8 coinvolta nel metabolismo energetico e svolge un ruolo chiave nella conversione degli acidi grassi in energia. L&#8217;integrazione [&hellip;]<\/p>\n","protected":false},"featured_media":44700,"template":"","meta":{"_acf_changed":false},"product_brand":[10198],"product_cat":[349,364],"product_tag":[],"class_list":{"0":"post-21275","1":"product","2":"type-product","3":"status-publish","4":"has-post-thumbnail","6":"product_brand-gen-german-elite-nutrition-it","7":"product_cat-nutrienti","8":"product_cat-prodotti-dalla-a-alla-z","10":"first","11":"instock","12":"taxable","13":"shipping-taxable","14":"purchasable","15":"product-type-simple"},"acf":[],"_links":{"self":[{"href":"https:\/\/vitalstoffversand.com\/it\/wp-json\/wp\/v2\/product\/21275","targetHints":{"allow":["GET"]}}],"collection":[{"href":"https:\/\/vitalstoffversand.com\/it\/wp-json\/wp\/v2\/product"}],"about":[{"href":"https:\/\/vitalstoffversand.com\/it\/wp-json\/wp\/v2\/types\/product"}],"wp:featuredmedia":[{"embeddable":true,"href":"https:\/\/vitalstoffversand.com\/it\/wp-json\/wp\/v2\/media\/44700"}],"wp:attachment":[{"href":"https:\/\/vitalstoffversand.com\/it\/wp-json\/wp\/v2\/media?parent=21275"}],"wp:term":[{"taxonomy":"product_brand","embeddable":true,"href":"https:\/\/vitalstoffversand.com\/it\/wp-json\/wp\/v2\/product_brand?post=21275"},{"taxonomy":"product_cat","embeddable":true,"href":"https:\/\/vitalstoffversand.com\/it\/wp-json\/wp\/v2\/product_cat?post=21275"},{"taxonomy":"product_tag","embeddable":true,"href":"https:\/\/vitalstoffversand.com\/it\/wp-json\/wp\/v2\/product_tag?post=21275"}],"curies":[{"name":"wp","href":"https:\/\/api.w.org\/{rel}","templated":true}]}}