{"id":21247,"date":"2024-11-12T11:47:55","date_gmt":"2024-11-12T10:47:55","guid":{"rendered":"https:\/\/vitalstoffversand.com\/produkt\/gen-l-glutammina-750-g\/"},"modified":"2026-03-11T14:33:06","modified_gmt":"2026-03-11T13:33:06","slug":"gen-l-glutammina-750-g","status":"publish","type":"product","link":"https:\/\/vitalstoffversand.com\/it\/prodotto\/gen-l-glutammina-750-g\/","title":{"rendered":"GEN <br>L-Glutammina &#8211; 750 g"},"content":{"rendered":"<p>La L-glutammina \u00e8 uno degli aminoacidi semi-essenziali che il nostro organismo produce da solo in piccole quantit\u00e0, ma che deve essere assunto per la maggior parte attraverso gli alimenti.<\/p>\n<p>Nella sua forma libera, la L-glutammina pura \u00e8 l&#8217;aminoacido pi\u00f9 comune nel tessuto muscolare, circa il 60%, e svolge un ruolo importante nella sintesi proteica e in altri processi metabolici.<\/p>\n<ul>\n<li>Vegano<\/li>\n<li>Senza glutine<\/li>\n<li>Senza lattosio<\/li>\n<li>Senza OGM<\/li>\n<li>Prodotto secondo rigorosi standard di qualit\u00e0 nell&#8217;UE<\/li>\n<\/ul>\n","protected":false},"excerpt":{"rendered":"<p>La L-glutammina \u00e8 uno degli aminoacidi semi-essenziali che il nostro organismo produce da solo in piccole quantit\u00e0, ma che deve essere assunto per la maggior parte attraverso gli alimenti. Nella sua forma libera, la L-glutammina pura \u00e8 l&#8217;aminoacido pi\u00f9 comune nel tessuto muscolare, circa il 60%, e svolge un ruolo importante nella sintesi proteica e [&hellip;]<\/p>\n","protected":false},"featured_media":44476,"template":"","meta":{"_acf_changed":false},"product_brand":[10198],"product_cat":[333,364],"product_tag":[],"class_list":{"0":"post-21247","1":"product","2":"type-product","3":"status-publish","4":"has-post-thumbnail","6":"product_brand-gen-german-elite-nutrition-it","7":"product_cat-aminoacidi","8":"product_cat-prodotti-dalla-a-alla-z","10":"first","11":"instock","12":"taxable","13":"shipping-taxable","14":"purchasable","15":"product-type-simple"},"acf":[],"_links":{"self":[{"href":"https:\/\/vitalstoffversand.com\/it\/wp-json\/wp\/v2\/product\/21247","targetHints":{"allow":["GET"]}}],"collection":[{"href":"https:\/\/vitalstoffversand.com\/it\/wp-json\/wp\/v2\/product"}],"about":[{"href":"https:\/\/vitalstoffversand.com\/it\/wp-json\/wp\/v2\/types\/product"}],"wp:featuredmedia":[{"embeddable":true,"href":"https:\/\/vitalstoffversand.com\/it\/wp-json\/wp\/v2\/media\/44476"}],"wp:attachment":[{"href":"https:\/\/vitalstoffversand.com\/it\/wp-json\/wp\/v2\/media?parent=21247"}],"wp:term":[{"taxonomy":"product_brand","embeddable":true,"href":"https:\/\/vitalstoffversand.com\/it\/wp-json\/wp\/v2\/product_brand?post=21247"},{"taxonomy":"product_cat","embeddable":true,"href":"https:\/\/vitalstoffversand.com\/it\/wp-json\/wp\/v2\/product_cat?post=21247"},{"taxonomy":"product_tag","embeddable":true,"href":"https:\/\/vitalstoffversand.com\/it\/wp-json\/wp\/v2\/product_tag?post=21247"}],"curies":[{"name":"wp","href":"https:\/\/api.w.org\/{rel}","templated":true}]}}