{"id":21027,"date":"2024-11-12T11:01:15","date_gmt":"2024-11-12T10:01:15","guid":{"rendered":"https:\/\/vitalstoffversand.com\/produkt\/gen-te-verde-estremo-180-capsule\/"},"modified":"2026-03-11T14:03:41","modified_gmt":"2026-03-11T13:03:41","slug":"gen-te-verde-estremo-180-capsule","status":"publish","type":"product","link":"https:\/\/vitalstoffversand.com\/it\/prodotto\/gen-te-verde-estremo-180-capsule\/","title":{"rendered":"GEN <br>Estratto di t\u00e8 verde &#8211; 180 capsule"},"content":{"rendered":"<p>Estratto di t\u00e8 verde, noto da molti anni per le sue propriet\u00e0 benefiche.<\/p>\n<ul>\n<li>Vegano<\/li>\n<li>Senza glutine<\/li>\n<li>Senza lattosio<\/li>\n<li>Senza OGM<\/li>\n<li>Prodotto secondo rigorosi standard di qualit\u00e0 nell&#8217;UE<\/li>\n<\/ul>\n","protected":false},"excerpt":{"rendered":"<p>Estratto di t\u00e8 verde, noto da molti anni per le sue propriet\u00e0 benefiche. Vegano Senza glutine Senza lattosio Senza OGM Prodotto secondo rigorosi standard di qualit\u00e0 nell&#8217;UE<\/p>\n","protected":false},"featured_media":43979,"template":"","meta":{"_acf_changed":false},"product_brand":[10198],"product_cat":[349,364],"product_tag":[],"class_list":{"0":"post-21027","1":"product","2":"type-product","3":"status-publish","4":"has-post-thumbnail","6":"product_brand-gen-german-elite-nutrition-it","7":"product_cat-nutrienti","8":"product_cat-prodotti-dalla-a-alla-z","10":"first","11":"instock","12":"taxable","13":"shipping-taxable","14":"purchasable","15":"product-type-simple"},"acf":[],"_links":{"self":[{"href":"https:\/\/vitalstoffversand.com\/it\/wp-json\/wp\/v2\/product\/21027","targetHints":{"allow":["GET"]}}],"collection":[{"href":"https:\/\/vitalstoffversand.com\/it\/wp-json\/wp\/v2\/product"}],"about":[{"href":"https:\/\/vitalstoffversand.com\/it\/wp-json\/wp\/v2\/types\/product"}],"wp:featuredmedia":[{"embeddable":true,"href":"https:\/\/vitalstoffversand.com\/it\/wp-json\/wp\/v2\/media\/43979"}],"wp:attachment":[{"href":"https:\/\/vitalstoffversand.com\/it\/wp-json\/wp\/v2\/media?parent=21027"}],"wp:term":[{"taxonomy":"product_brand","embeddable":true,"href":"https:\/\/vitalstoffversand.com\/it\/wp-json\/wp\/v2\/product_brand?post=21027"},{"taxonomy":"product_cat","embeddable":true,"href":"https:\/\/vitalstoffversand.com\/it\/wp-json\/wp\/v2\/product_cat?post=21027"},{"taxonomy":"product_tag","embeddable":true,"href":"https:\/\/vitalstoffversand.com\/it\/wp-json\/wp\/v2\/product_tag?post=21027"}],"curies":[{"name":"wp","href":"https:\/\/api.w.org\/{rel}","templated":true}]}}