{"id":21012,"date":"2024-11-11T19:29:09","date_gmt":"2024-11-11T18:29:09","guid":{"rendered":"https:\/\/vitalstoffversand.com\/produkt\/gen-acetil-l-carnitina-250-capsule\/"},"modified":"2026-03-11T14:01:24","modified_gmt":"2026-03-11T13:01:24","slug":"gen-acetil-l-carnitina-250-capsule","status":"publish","type":"product","link":"https:\/\/vitalstoffversand.com\/it\/prodotto\/gen-acetil-l-carnitina-250-capsule\/","title":{"rendered":"GEN <br>Acetil L-Carnitina &#8211; 250 capsule"},"content":{"rendered":"<p>L&#8217;acetil L-carnitina \u00e8 simile in natura all&#8217;aminoacido L-carnitina.<\/p>\n<p>Le propriet\u00e0 dell&#8217;acetil L-carnitina comprendono la metabolizzazione degli alimenti e la loro conversione in energia. Rispetto alla L-carnitina, l&#8217;acetil L-carnitina pu\u00f2 essere assorbita pi\u00f9 velocemente e pi\u00f9 efficacemente dalle cellule e quindi utilizzata pi\u00f9 efficacemente dall&#8217;organismo.<\/p>\n<ul>\n<li>Vegano<\/li>\n<li>Senza glutine<\/li>\n<li>Senza lattosio<\/li>\n<li>Senza OGM<\/li>\n<li>Prodotto secondo rigorosi standard di qualit\u00e0 nell&#8217;UE<\/li>\n<\/ul>\n","protected":false},"excerpt":{"rendered":"<p>L&#8217;acetil L-carnitina \u00e8 simile in natura all&#8217;aminoacido L-carnitina. Le propriet\u00e0 dell&#8217;acetil L-carnitina comprendono la metabolizzazione degli alimenti e la loro conversione in energia. Rispetto alla L-carnitina, l&#8217;acetil L-carnitina pu\u00f2 essere assorbita pi\u00f9 velocemente e pi\u00f9 efficacemente dalle cellule e quindi utilizzata pi\u00f9 efficacemente dall&#8217;organismo. Vegano Senza glutine Senza lattosio Senza OGM Prodotto secondo rigorosi standard [&hellip;]<\/p>\n","protected":false},"featured_media":43899,"template":"","meta":{"_acf_changed":false},"product_brand":[10198],"product_cat":[349,364],"product_tag":[],"class_list":{"0":"post-21012","1":"product","2":"type-product","3":"status-publish","4":"has-post-thumbnail","6":"product_brand-gen-german-elite-nutrition-it","7":"product_cat-nutrienti","8":"product_cat-prodotti-dalla-a-alla-z","10":"first","11":"instock","12":"taxable","13":"shipping-taxable","14":"purchasable","15":"product-type-simple"},"acf":[],"_links":{"self":[{"href":"https:\/\/vitalstoffversand.com\/it\/wp-json\/wp\/v2\/product\/21012","targetHints":{"allow":["GET"]}}],"collection":[{"href":"https:\/\/vitalstoffversand.com\/it\/wp-json\/wp\/v2\/product"}],"about":[{"href":"https:\/\/vitalstoffversand.com\/it\/wp-json\/wp\/v2\/types\/product"}],"wp:featuredmedia":[{"embeddable":true,"href":"https:\/\/vitalstoffversand.com\/it\/wp-json\/wp\/v2\/media\/43899"}],"wp:attachment":[{"href":"https:\/\/vitalstoffversand.com\/it\/wp-json\/wp\/v2\/media?parent=21012"}],"wp:term":[{"taxonomy":"product_brand","embeddable":true,"href":"https:\/\/vitalstoffversand.com\/it\/wp-json\/wp\/v2\/product_brand?post=21012"},{"taxonomy":"product_cat","embeddable":true,"href":"https:\/\/vitalstoffversand.com\/it\/wp-json\/wp\/v2\/product_cat?post=21012"},{"taxonomy":"product_tag","embeddable":true,"href":"https:\/\/vitalstoffversand.com\/it\/wp-json\/wp\/v2\/product_tag?post=21012"}],"curies":[{"name":"wp","href":"https:\/\/api.w.org\/{rel}","templated":true}]}}