{"id":19870,"date":"2025-01-07T14:19:05","date_gmt":"2025-01-07T13:19:05","guid":{"rendered":"https:\/\/vitalstoffversand.com\/informazioni-sul-pagamento\/"},"modified":"2025-08-26T13:57:06","modified_gmt":"2025-08-26T11:57:06","slug":"informazioni-sul-pagamento","status":"publish","type":"page","link":"https:\/\/vitalstoffversand.com\/it\/informazioni-sul-pagamento\/","title":{"rendered":"Informazioni sul pagamento"},"content":{"rendered":"\n<p><\/p>\n\n<div style=\"height:30px\" aria-hidden=\"true\" class=\"wp-block-spacer\"><\/div>\n\n<h2 class=\"wp-block-heading\">Valute accettate<\/h2>\n\n<p>Accettiamo pagamenti in <\/p>\n\n<div class=\"wp-block-group is-nowrap is-layout-flex wp-container-core-group-is-layout-6c531013 wp-block-group-is-layout-flex\">\n<p>Euro (EUR &#8211; \u20ac)<br\/>Franco svizzero (CHF &#8211; CHF)<br\/>Corona ceca (CZK &#8211; K\u010d\u010d)<br\/>Corona danese (DKK &#8211; kr.)<br\/>Sterlina (GBP &#8211; \u00a3)<br\/>Fiorino ungherese (HUF &#8211; Ft)<br\/>Corona norvegese (NOK &#8211; kr)<br\/>Polacco z\u0142oty (PLN &#8211; z\u0142)<br\/>Leu rumeno (RON &#8211; lei)<br\/>Corona svedese (SEK &#8211; kr)<\/p>\n\n\n\n<p><a href=\"https:\/\/vitalstoffversand.com\/wp-admin\/post-new.php?lang=en&amp;post_type=page&amp;trid=5412&amp;source_lang=de\"><\/a><\/p>\n<\/div>\n\n<div style=\"height:30px\" aria-hidden=\"true\" class=\"wp-block-spacer\"><\/div>\n\n<h2 class=\"wp-block-heading\">Spese di pagamento<\/h2>\n\n<p>Non applichiamo commissioni per nessuna delle modalit\u00e0 di pagamento offerte.<\/p>\n\n<p>Nota bene: <br\/>A seconda del metodo di pagamento scelto, potrebbero essere applicati costi esterni sui quali non abbiamo alcun influenza.<\/p>\n\n<div style=\"height:30px\" aria-hidden=\"true\" class=\"wp-block-spacer\"><\/div>\n\n<h2 class=\"wp-block-heading\">Metodi di pagamento<\/h2>\n\n<p><strong>Pagamento anticipato tramite bonifico bancario<\/strong>:<br\/>Trasferisci l&#8217;importo della fattura sul nostro conto corrente in anticipo.<br\/>Non appena riceveremo il pagamento, provvederemo immediatamente a spedire il tuo ordine.<\/p>\n\n<p><strong>PayPal \/ PayPal Checkout<\/strong>:<br\/>Paga in modo sicuro, veloce e comodo con il tuo conto PayPal.<br\/>Puoi pagare anche senza conto PayPal, tramite carta di credito o addebito diretto.<br\/>Inoltre, sono disponibili funzioni come \u201cPaga pi\u00f9 tardi\u201d.<br\/><br\/><strong>Amazon Pay<\/strong>:<br\/>Usa i tuoi dati di pagamento e spedizione memorizzati su Amazon per pagare in modo rapido e sicuro.<\/p>\n\n<p><strong>Carte di credito \/ carte di debito<\/strong>:<br\/>Accettiamo tutte le principali carte di credito e di debito. <br\/>Il tuo pagamento viene elaborato in modo sicuro e criptato.<br\/>Il pagamento viene elaborato tramite i fornitori di servizi di pagamento Stripe o Mollie, che fungono da interfaccia tecnica tra il nostro negozio e i rispettivi fornitori di servizi di pagamento.<\/p>\n\n<div style=\"height:20px\" aria-hidden=\"true\" class=\"wp-block-spacer\"><\/div>\n\n<h2 class=\"wp-block-heading\">Altri metodi di pagamento tramite Mollie e Stripe *<\/h2>\n\n<p>*) Einige Zahlungsarten sind l\u00e4nderspezifisch und nicht \u00fcberall verf\u00fcgbar.<\/p>\n\n<ul class=\"wp-block-list\">\n<li><strong>Billie acquista in conto vendita (solo B2B)<\/strong>:  <br\/>Per i clienti commerciali registrati: acquista ora, paga dopo.<br\/><em>Nota: \u00e8 possibile che Billie effettui una verifica della solvibilit\u00e0.<\/em><\/li>\n\n\n\n<li><strong>Trustly<\/strong><br\/>Bonifico bancario diretto senza registrazione: veloce, sicuro, in tutta Europa.<\/li>\n\n\n\n<li><strong>Fattura KLARNA \/ Acquisto rateale<\/strong>: <br\/>Acquista ora, paga pi\u00f9 tardi o a rate.<br\/><em>Nota: Klarna si riserva il diritto di verificare la solvibilit\u00e0.<\/em><\/li>\n\n\n\n<li><strong>Riverty<\/strong>:  <br\/>Opzioni di pagamento flessibili<br\/><em>Nota: Riverty si riserva il diritto di verificare la solvibilit\u00e0.<\/em><\/li>\n\n\n\n<li><strong>Apple Pay \/ Google Pay \/ Microsoft Pay \/ Chrome Pay<\/strong>: <br\/>Paga direttamente dal tuo dispositivo o browser.<\/li>\n\n\n\n<li><strong>Mobile Pay \/ Swish \/ Twint \/ Satispay<\/strong><br\/>Servizi di pagamento mobile per transazioni rapide.<\/li>\n\n\n\n<li><strong>Bancontact \/ Belfius Pay \/ KBC\/CBC<\/strong><br\/>Metodi di pagamento belgi per bonifici bancari diretti.<\/li>\n\n\n\n<li><strong>eps \/ Klarna Pagamento immediato \/ iDEAL \/ Multibanco \/ Przelewy24 \/ BLIK<\/strong><br\/>Metodi di bonifico online nazionali.<\/li>\n\n\n\n<li><strong>Revolut<\/strong>:  <br\/>Soluzione bancaria digitale per pagamenti rapidi e sicuri.<\/li>\n<\/ul>\n\n<div style=\"height:15px\" aria-hidden=\"true\" class=\"wp-block-spacer\"><\/div>\n\n<p class=\"has-medium-font-size\"><strong>Protezione dei dati e note legali<\/strong><\/p>\n\n<p>Tutti i pagamenti vengono elaborati tramite fornitori di servizi di pagamento certificati e trasmessi in forma crittografata.<\/p>\n\n<ul class=\"wp-block-list\">\n<li>Per ulteriori informazioni consulta le nostre <a href=\"https:\/\/vitalstoffversand.com\/it\/condizioni-generali\/\" data-type=\"page\" data-id=\"30\">Condizioni generali di contratto<\/a>.<\/li>\n\n\n\n<li>Per ulteriori informazioni sul trattamento dei tuoi dati di pagamento, consulta la nostra <a href=\"https:\/\/vitalstoffversand.com\/it\/protezione-dati\/\" data-type=\"page\" data-id=\"27\">Informativa sulla privacy<\/a>.<\/li>\n<\/ul>\n\n<p><\/p>\n","protected":false},"excerpt":{"rendered":"<p>Valute accettate Accettiamo pagamenti in Euro (EUR &#8211; \u20ac)Franco svizzero (CHF &#8211; CHF)Corona ceca (CZK &#8211; K\u010d\u010d)Corona danese (DKK &#8211; kr.)Sterlina (GBP &#8211; \u00a3)Fiorino ungherese (HUF &#8211; Ft)Corona norvegese (NOK &#8211; kr)Polacco z\u0142oty (PLN &#8211; z\u0142)Leu rumeno (RON &#8211; lei)Corona svedese (SEK &#8211; kr) Spese di pagamento Non applichiamo commissioni per nessuna delle modalit\u00e0 di [&hellip;]<\/p>\n","protected":false},"author":1,"featured_media":0,"parent":0,"menu_order":0,"comment_status":"closed","ping_status":"closed","template":"","meta":{"_acf_changed":false,"footnotes":""},"class_list":["post-19870","page","type-page","status-publish","hentry"],"acf":[],"_links":{"self":[{"href":"https:\/\/vitalstoffversand.com\/it\/wp-json\/wp\/v2\/pages\/19870","targetHints":{"allow":["GET"]}}],"collection":[{"href":"https:\/\/vitalstoffversand.com\/it\/wp-json\/wp\/v2\/pages"}],"about":[{"href":"https:\/\/vitalstoffversand.com\/it\/wp-json\/wp\/v2\/types\/page"}],"author":[{"embeddable":true,"href":"https:\/\/vitalstoffversand.com\/it\/wp-json\/wp\/v2\/users\/1"}],"replies":[{"embeddable":true,"href":"https:\/\/vitalstoffversand.com\/it\/wp-json\/wp\/v2\/comments?post=19870"}],"version-history":[{"count":0,"href":"https:\/\/vitalstoffversand.com\/it\/wp-json\/wp\/v2\/pages\/19870\/revisions"}],"wp:attachment":[{"href":"https:\/\/vitalstoffversand.com\/it\/wp-json\/wp\/v2\/media?parent=19870"}],"curies":[{"name":"wp","href":"https:\/\/api.w.org\/{rel}","templated":true}]}}