{"id":785,"date":"2024-10-14T17:25:33","date_gmt":"2024-10-14T15:25:33","guid":{"rendered":"https:\/\/dev.vitalstoffversand.com\/?post_type=product&#038;p=785"},"modified":"2026-04-01T12:57:36","modified_gmt":"2026-04-01T10:57:36","slug":"natura-med-poudre-dhericium-bio-kopie","status":"publish","type":"product","link":"https:\/\/vitalstoffversand.com\/fr\/produit\/natura-med-poudre-dhericium-bio-kopie\/","title":{"rendered":"Poudre de champignon Coriolus biologique &#8211; 100 g"},"content":{"rendered":"<p>Le Coriolus versicolor (tram\u00e8te versicolore) est un champignon connu dans diff\u00e9rentes cultures.<\/p>\n<p>En raison de son classement en tant que nouvel aliment (Novel Food) au sein de l&#8217;UE et dans certaines parties de l&#8217;EEE, il ne peut \u00eatre commercialis\u00e9 en tant que compl\u00e9ment alimentaire ou denr\u00e9e alimentaire.<\/p>\n<p>Ce produit est donc propos\u00e9 exclusivement comme mati\u00e8re premi\u00e8re sans recommandation d&#8217;utilisation et n&#8217;est pas destin\u00e9 \u00e0 la consommation.<\/p>\n<ul>\n<li>100 % naturel<\/li>\n<li>Fabriqu\u00e9 selon les normes de qualit\u00e9 strictes de l&#8217;UE<\/li>\n<\/ul>\n","protected":false},"excerpt":{"rendered":"<p>Le Coriolus versicolor (tram\u00e8te versicolore) est un champignon connu dans diff\u00e9rentes cultures. En raison de son classement en tant que nouvel aliment (Novel Food) au sein de l&#8217;UE et dans certaines parties de l&#8217;EEE, il ne peut \u00eatre commercialis\u00e9 en tant que compl\u00e9ment alimentaire ou denr\u00e9e alimentaire. Ce produit est donc propos\u00e9 exclusivement comme mati\u00e8re [&hellip;]<\/p>\n","protected":false},"featured_media":40477,"template":"","meta":{"_acf_changed":false},"product_brand":[],"product_cat":[365,306,373],"product_tag":[],"class_list":{"0":"post-785","1":"product","2":"type-product","3":"status-publish","4":"has-post-thumbnail","6":"product_cat-produits-de-a-a-z","7":"product_cat-bio-fr","8":"product_cat-champignons-vitaux","10":"first","11":"instock","12":"taxable","13":"shipping-taxable","14":"purchasable","15":"product-type-simple"},"acf":[],"_links":{"self":[{"href":"https:\/\/vitalstoffversand.com\/fr\/wp-json\/wp\/v2\/product\/785","targetHints":{"allow":["GET"]}}],"collection":[{"href":"https:\/\/vitalstoffversand.com\/fr\/wp-json\/wp\/v2\/product"}],"about":[{"href":"https:\/\/vitalstoffversand.com\/fr\/wp-json\/wp\/v2\/types\/product"}],"wp:featuredmedia":[{"embeddable":true,"href":"https:\/\/vitalstoffversand.com\/fr\/wp-json\/wp\/v2\/media\/40477"}],"wp:attachment":[{"href":"https:\/\/vitalstoffversand.com\/fr\/wp-json\/wp\/v2\/media?parent=785"}],"wp:term":[{"taxonomy":"product_brand","embeddable":true,"href":"https:\/\/vitalstoffversand.com\/fr\/wp-json\/wp\/v2\/product_brand?post=785"},{"taxonomy":"product_cat","embeddable":true,"href":"https:\/\/vitalstoffversand.com\/fr\/wp-json\/wp\/v2\/product_cat?post=785"},{"taxonomy":"product_tag","embeddable":true,"href":"https:\/\/vitalstoffversand.com\/fr\/wp-json\/wp\/v2\/product_tag?post=785"}],"curies":[{"name":"wp","href":"https:\/\/api.w.org\/{rel}","templated":true}]}}