{"id":67567,"date":"2026-04-08T19:34:48","date_gmt":"2026-04-08T17:34:48","guid":{"rendered":"https:\/\/vitalstoffversand.com\/produkt\/vita2you-poudre-de-collagene-certifiee-halal-elevage-en-paturage-1-000-g\/"},"modified":"2026-04-15T19:17:24","modified_gmt":"2026-04-15T17:17:24","slug":"vita2you-poudre-de-collagene-certifiee-halal-elevage-en-paturage-1-000-g","status":"publish","type":"product","link":"https:\/\/vitalstoffversand.com\/fr\/produit\/vita2you-poudre-de-collagene-certifiee-halal-elevage-en-paturage-1-000-g\/","title":{"rendered":"Vita2You <br>Poudre de collag\u00e8ne &#8211; certifi\u00e9e halal &#8211; \u00e9levage en p\u00e2turage &#8211; 1 000 g"},"content":{"rendered":"<p class=\"mt-12 title\">Poudre de collag\u00e8ne SOLUGEL\u00ae Premium issue d&#8217;\u00e9levages en p\u00e2turage, de qualit\u00e9 certifi\u00e9e et contr\u00f4l\u00e9e.<\/p>\n<p>Hydrolysats-peptides de type I et III<\/p>\n<p>De go\u00fbt neutre et facilement soluble.<\/p>\n<ul>\n<li>100 % halal<\/li>\n<li>Sans gluten<\/li>\n<li>Sans lactose<\/li>\n<li>Sans OGM<\/li>\n<li>Fabriqu\u00e9 en Allemagne selon des normes de qualit\u00e9 rigoureuses<\/li>\n<\/ul>\n","protected":false},"excerpt":{"rendered":"<ul>\n<li><strong>Poudre de collag\u00e8ne haut de gamme issue d&#8217;animaux \u00e9lev\u00e9s en p\u00e2turage<\/strong><\/li>\n<li><strong>Hydrolysats-peptides de type 1 et 3<\/strong><\/li>\n<li><strong>Certifi\u00e9 100 % halal<\/strong><\/li>\n<li><strong>Go\u00fbt neutre, bonne solubilit\u00e9<\/strong><\/li>\n<\/ul>\n","protected":false},"featured_media":67399,"template":"","meta":{"_acf_changed":false},"product_brand":[21167],"product_cat":[332,365],"product_tag":[],"class_list":{"0":"post-67567","1":"product","2":"type-product","3":"status-publish","4":"has-post-thumbnail","6":"product_brand-vita2you","7":"product_cat-acides-amines","8":"product_cat-produits-de-a-a-z","10":"first","11":"instock","12":"taxable","13":"shipping-taxable","14":"purchasable","15":"product-type-simple"},"acf":[],"_links":{"self":[{"href":"https:\/\/vitalstoffversand.com\/fr\/wp-json\/wp\/v2\/product\/67567","targetHints":{"allow":["GET"]}}],"collection":[{"href":"https:\/\/vitalstoffversand.com\/fr\/wp-json\/wp\/v2\/product"}],"about":[{"href":"https:\/\/vitalstoffversand.com\/fr\/wp-json\/wp\/v2\/types\/product"}],"wp:featuredmedia":[{"embeddable":true,"href":"https:\/\/vitalstoffversand.com\/fr\/wp-json\/wp\/v2\/media\/67399"}],"wp:attachment":[{"href":"https:\/\/vitalstoffversand.com\/fr\/wp-json\/wp\/v2\/media?parent=67567"}],"wp:term":[{"taxonomy":"product_brand","embeddable":true,"href":"https:\/\/vitalstoffversand.com\/fr\/wp-json\/wp\/v2\/product_brand?post=67567"},{"taxonomy":"product_cat","embeddable":true,"href":"https:\/\/vitalstoffversand.com\/fr\/wp-json\/wp\/v2\/product_cat?post=67567"},{"taxonomy":"product_tag","embeddable":true,"href":"https:\/\/vitalstoffversand.com\/fr\/wp-json\/wp\/v2\/product_tag?post=67567"}],"curies":[{"name":"wp","href":"https:\/\/api.w.org\/{rel}","templated":true}]}}