{"id":67029,"date":"2026-01-13T18:28:12","date_gmt":"2026-01-13T17:28:12","guid":{"rendered":"https:\/\/vitalstoffversand.com\/produkt\/vit4ever-poudre-de-myo-inositol-300-g\/"},"modified":"2026-03-21T15:52:17","modified_gmt":"2026-03-21T14:52:17","slug":"vit4ever-poudre-de-myo-inositol-300-g","status":"publish","type":"product","link":"https:\/\/vitalstoffversand.com\/fr\/produit\/vit4ever-poudre-de-myo-inositol-300-g\/","title":{"rendered":"Vit4ever <br>Poudre de myo-inositol &#8211; 300 g"},"content":{"rendered":"<p>Le myo-inositol est une substance apparent\u00e9e aux vitamines qui intervient dans de nombreux processus m\u00e9taboliques de notre organisme.<\/p>\n<p>Elle est naturellement pr\u00e9sente dans notre organisme, mais une suppl\u00e9mentation peut s&#8217;av\u00e9rer tout \u00e0 fait utile dans de nombreux cas.<\/p>\n<ul>\n<li>V\u00e9gan<\/li>\n<li>Sans gluten<\/li>\n<li>Sans lactose<\/li>\n<li>Sans OGM<\/li>\n<li>Fabriqu\u00e9 selon les normes de qualit\u00e9 strictes de l&#8217;UE<\/li>\n<\/ul>\n","protected":false},"excerpt":{"rendered":"<p>Le myo-inositol est une substance apparent\u00e9e aux vitamines qui intervient dans de nombreux processus m\u00e9taboliques de notre organisme. Elle est naturellement pr\u00e9sente dans notre organisme, mais une suppl\u00e9mentation peut s&#8217;av\u00e9rer tout \u00e0 fait utile dans de nombreux cas. V\u00e9gan Sans gluten Sans lactose Sans OGM Fabriqu\u00e9 selon les normes de qualit\u00e9 strictes de l&#8217;UE<\/p>\n","protected":false},"featured_media":67028,"template":"","meta":{"_acf_changed":false},"product_brand":[10217],"product_cat":[348,365],"product_tag":[],"class_list":{"0":"post-67029","1":"product","2":"type-product","3":"status-publish","4":"has-post-thumbnail","6":"product_brand-vit4ever-fr","7":"product_cat-nutriments","8":"product_cat-produits-de-a-a-z","10":"first","11":"instock","12":"taxable","13":"shipping-taxable","14":"purchasable","15":"product-type-simple"},"acf":[],"_links":{"self":[{"href":"https:\/\/vitalstoffversand.com\/fr\/wp-json\/wp\/v2\/product\/67029","targetHints":{"allow":["GET"]}}],"collection":[{"href":"https:\/\/vitalstoffversand.com\/fr\/wp-json\/wp\/v2\/product"}],"about":[{"href":"https:\/\/vitalstoffversand.com\/fr\/wp-json\/wp\/v2\/types\/product"}],"wp:featuredmedia":[{"embeddable":true,"href":"https:\/\/vitalstoffversand.com\/fr\/wp-json\/wp\/v2\/media\/67028"}],"wp:attachment":[{"href":"https:\/\/vitalstoffversand.com\/fr\/wp-json\/wp\/v2\/media?parent=67029"}],"wp:term":[{"taxonomy":"product_brand","embeddable":true,"href":"https:\/\/vitalstoffversand.com\/fr\/wp-json\/wp\/v2\/product_brand?post=67029"},{"taxonomy":"product_cat","embeddable":true,"href":"https:\/\/vitalstoffversand.com\/fr\/wp-json\/wp\/v2\/product_cat?post=67029"},{"taxonomy":"product_tag","embeddable":true,"href":"https:\/\/vitalstoffversand.com\/fr\/wp-json\/wp\/v2\/product_tag?post=67029"}],"curies":[{"name":"wp","href":"https:\/\/api.w.org\/{rel}","templated":true}]}}