{"id":66850,"date":"2026-01-09T14:31:58","date_gmt":"2026-01-09T13:31:58","guid":{"rendered":"https:\/\/vitalstoffversand.com\/produkt\/vit4ever-complexe-pms-balance-180-gelules\/"},"modified":"2026-03-21T15:52:32","modified_gmt":"2026-03-21T14:52:32","slug":"vit4ever-complexe-pms-balance-180-gelules","status":"publish","type":"product","link":"https:\/\/vitalstoffversand.com\/fr\/produit\/vit4ever-complexe-pms-balance-180-gelules\/","title":{"rendered":"Vit4ever <br>Complexe PMS Balance &#8211; 180 g\u00e9lules"},"content":{"rendered":"<p>PMS Balance Complex est une association soigneusement s\u00e9lectionn\u00e9e de vitamines, de min\u00e9raux et d&#8217;extraits v\u00e9g\u00e9taux, qui peut aider les femmes, en particulier lors des p\u00e9riodes de changements hormonaux.<\/p>\n<p>Les principes actifs Affron\u00ae (extrait de safran), Biofolate\u00ae (acide folique), la rhodiole rose, l&#8217;ashwagandha, le gattilier, ainsi que le magn\u00e9sium, les vitamines B6 et B12, le fer et le zinc se compl\u00e8tent ici de mani\u00e8re judicieuse.<\/p>\n<ul>\n<li>V\u00e9gan<\/li>\n<li>Sans gluten<\/li>\n<li>Sans lactose<\/li>\n<li>Sans OGM<\/li>\n<li>Fabriqu\u00e9 selon les normes de qualit\u00e9 strictes de l&#8217;UE<\/li>\n<\/ul>\n","protected":false},"excerpt":{"rendered":"<p>PMS Balance Complex est une association soigneusement s\u00e9lectionn\u00e9e de vitamines, de min\u00e9raux et d&#8217;extraits v\u00e9g\u00e9taux, qui peut aider les femmes, en particulier lors des p\u00e9riodes de changements hormonaux. Les principes actifs Affron\u00ae (extrait de safran), Biofolate\u00ae (acide folique), la rhodiole rose, l&#8217;ashwagandha, le gattilier, ainsi que le magn\u00e9sium, les vitamines B6 et B12, le fer [&hellip;]<\/p>\n","protected":false},"featured_media":66844,"template":"","meta":{"_acf_changed":false},"product_brand":[10217],"product_cat":[348,365],"product_tag":[],"class_list":{"0":"post-66850","1":"product","2":"type-product","3":"status-publish","4":"has-post-thumbnail","6":"product_brand-vit4ever-fr","7":"product_cat-nutriments","8":"product_cat-produits-de-a-a-z","10":"first","11":"instock","12":"taxable","13":"shipping-taxable","14":"purchasable","15":"product-type-simple"},"acf":[],"_links":{"self":[{"href":"https:\/\/vitalstoffversand.com\/fr\/wp-json\/wp\/v2\/product\/66850","targetHints":{"allow":["GET"]}}],"collection":[{"href":"https:\/\/vitalstoffversand.com\/fr\/wp-json\/wp\/v2\/product"}],"about":[{"href":"https:\/\/vitalstoffversand.com\/fr\/wp-json\/wp\/v2\/types\/product"}],"wp:featuredmedia":[{"embeddable":true,"href":"https:\/\/vitalstoffversand.com\/fr\/wp-json\/wp\/v2\/media\/66844"}],"wp:attachment":[{"href":"https:\/\/vitalstoffversand.com\/fr\/wp-json\/wp\/v2\/media?parent=66850"}],"wp:term":[{"taxonomy":"product_brand","embeddable":true,"href":"https:\/\/vitalstoffversand.com\/fr\/wp-json\/wp\/v2\/product_brand?post=66850"},{"taxonomy":"product_cat","embeddable":true,"href":"https:\/\/vitalstoffversand.com\/fr\/wp-json\/wp\/v2\/product_cat?post=66850"},{"taxonomy":"product_tag","embeddable":true,"href":"https:\/\/vitalstoffversand.com\/fr\/wp-json\/wp\/v2\/product_tag?post=66850"}],"curies":[{"name":"wp","href":"https:\/\/api.w.org\/{rel}","templated":true}]}}