{"id":66799,"date":"2026-01-09T14:30:58","date_gmt":"2026-01-09T13:30:58","guid":{"rendered":"https:\/\/vitalstoffversand.com\/produkt\/vit4ever-biotine-365-comprimes\/"},"modified":"2026-03-21T15:52:33","modified_gmt":"2026-03-21T14:52:33","slug":"vit4ever-biotine-365-comprimes","status":"publish","type":"product","link":"https:\/\/vitalstoffversand.com\/fr\/produit\/vit4ever-biotine-365-comprimes\/","title":{"rendered":"Vit4ever <br>Biotine &#8211; 365 comprim\u00e9s"},"content":{"rendered":"<p>La biotine est \u00e9galement connue sous le nom de <strong><span style=\"color: #0000ff;\"><a href=\"https:\/\/vitalstoffversand.com\/knowledge-base\/vitamin-b7-biotin\/\" target=\"_blank\" rel=\"noopener\">\u2192 vitamine B7<\/a><\/span><\/strong> et fait partie du groupe des vitamines B, qui sont essentielles \u00e0 notre organisme.<\/p>\n<p>La biotine est hydrosoluble, de sorte qu&#8217;un surdosage mod\u00e9r\u00e9 et prolong\u00e9 ne pr\u00e9sente aucun danger.<\/p>\n<ul>\n<li>V\u00e9gan<\/li>\n<li>Sans gluten<\/li>\n<li>Sans lactose<\/li>\n<li>Sans OGM<\/li>\n<li>Fabriqu\u00e9 selon les normes de qualit\u00e9 strictes de l&#8217;UE<\/li>\n<\/ul>\n","protected":false},"excerpt":{"rendered":"<p>La biotine est \u00e9galement connue sous le nom de \u2192 vitamine B7 et fait partie du groupe des vitamines B, qui sont essentielles \u00e0 notre organisme. La biotine est hydrosoluble, de sorte qu&#8217;un surdosage mod\u00e9r\u00e9 et prolong\u00e9 ne pr\u00e9sente aucun danger. V\u00e9gan Sans gluten Sans lactose Sans OGM Fabriqu\u00e9 selon les normes de qualit\u00e9 strictes [&hellip;]<\/p>\n","protected":false},"featured_media":66796,"template":"","meta":{"_acf_changed":false},"product_brand":[10217],"product_cat":[348,365],"product_tag":[],"class_list":{"0":"post-66799","1":"product","2":"type-product","3":"status-publish","4":"has-post-thumbnail","6":"product_brand-vit4ever-fr","7":"product_cat-nutriments","8":"product_cat-produits-de-a-a-z","10":"first","11":"instock","12":"taxable","13":"shipping-taxable","14":"purchasable","15":"product-type-simple"},"acf":[],"_links":{"self":[{"href":"https:\/\/vitalstoffversand.com\/fr\/wp-json\/wp\/v2\/product\/66799","targetHints":{"allow":["GET"]}}],"collection":[{"href":"https:\/\/vitalstoffversand.com\/fr\/wp-json\/wp\/v2\/product"}],"about":[{"href":"https:\/\/vitalstoffversand.com\/fr\/wp-json\/wp\/v2\/types\/product"}],"wp:featuredmedia":[{"embeddable":true,"href":"https:\/\/vitalstoffversand.com\/fr\/wp-json\/wp\/v2\/media\/66796"}],"wp:attachment":[{"href":"https:\/\/vitalstoffversand.com\/fr\/wp-json\/wp\/v2\/media?parent=66799"}],"wp:term":[{"taxonomy":"product_brand","embeddable":true,"href":"https:\/\/vitalstoffversand.com\/fr\/wp-json\/wp\/v2\/product_brand?post=66799"},{"taxonomy":"product_cat","embeddable":true,"href":"https:\/\/vitalstoffversand.com\/fr\/wp-json\/wp\/v2\/product_cat?post=66799"},{"taxonomy":"product_tag","embeddable":true,"href":"https:\/\/vitalstoffversand.com\/fr\/wp-json\/wp\/v2\/product_tag?post=66799"}],"curies":[{"name":"wp","href":"https:\/\/api.w.org\/{rel}","templated":true}]}}