{"id":66666,"date":"2025-10-08T13:39:09","date_gmt":"2025-10-08T11:39:09","guid":{"rendered":"https:\/\/vitalstoffversand.com\/produkt\/vit4ever-beurre-de-cacahuetes-en-poudre-allege-500-g\/"},"modified":"2026-03-21T15:52:54","modified_gmt":"2026-03-21T14:52:54","slug":"vit4ever-beurre-de-cacahuetes-en-poudre-allege-500-g","status":"publish","type":"product","link":"https:\/\/vitalstoffversand.com\/fr\/produit\/vit4ever-beurre-de-cacahuetes-en-poudre-allege-500-g\/","title":{"rendered":"Vit4ever <br>Beurre de cacahu\u00e8tes en poudre all\u00e9g\u00e9 &#8211; 500 g"},"content":{"rendered":"<p>Avec la poudre de beurre de cacahu\u00e8te, tu peux profiter pleinement de son go\u00fbt sans avoir \u00e0 te sentir coupable \u00e0 cause de la teneur en mati\u00e8res grasses et en calories du beurre de cacahu\u00e8te classique.<\/p>\n<p>Cette poudre contient 85 % de mati\u00e8res grasses en moins que le beurre de cacahu\u00e8te classique, tout en conservant toute sa saveur et tout son go\u00fbt.<\/p>\n<ul>\n<li>V\u00e9gan<\/li>\n<li>Sans gluten<\/li>\n<li>Sans lactose<\/li>\n<li>Sans OGM<\/li>\n<li>Fabriqu\u00e9 selon les normes de qualit\u00e9 strictes de l&#8217;UE<\/li>\n<\/ul>\n","protected":false},"excerpt":{"rendered":"<p>Avec la poudre de beurre de cacahu\u00e8te, tu peux profiter pleinement de son go\u00fbt sans avoir \u00e0 te sentir coupable \u00e0 cause de la teneur en mati\u00e8res grasses et en calories du beurre de cacahu\u00e8te classique. Cette poudre contient 85 % de mati\u00e8res grasses en moins que le beurre de cacahu\u00e8te classique, tout en conservant [&hellip;]<\/p>\n","protected":false},"featured_media":66661,"template":"","meta":{"_acf_changed":false},"product_brand":[10217],"product_cat":[329,365],"product_tag":[],"class_list":{"0":"post-66666","1":"product","2":"type-product","3":"status-publish","4":"has-post-thumbnail","6":"product_brand-vit4ever-fr","7":"product_cat-cuisiner-grignoter","8":"product_cat-produits-de-a-a-z","10":"first","11":"instock","12":"taxable","13":"shipping-taxable","14":"purchasable","15":"product-type-simple"},"acf":[],"_links":{"self":[{"href":"https:\/\/vitalstoffversand.com\/fr\/wp-json\/wp\/v2\/product\/66666","targetHints":{"allow":["GET"]}}],"collection":[{"href":"https:\/\/vitalstoffversand.com\/fr\/wp-json\/wp\/v2\/product"}],"about":[{"href":"https:\/\/vitalstoffversand.com\/fr\/wp-json\/wp\/v2\/types\/product"}],"wp:featuredmedia":[{"embeddable":true,"href":"https:\/\/vitalstoffversand.com\/fr\/wp-json\/wp\/v2\/media\/66661"}],"wp:attachment":[{"href":"https:\/\/vitalstoffversand.com\/fr\/wp-json\/wp\/v2\/media?parent=66666"}],"wp:term":[{"taxonomy":"product_brand","embeddable":true,"href":"https:\/\/vitalstoffversand.com\/fr\/wp-json\/wp\/v2\/product_brand?post=66666"},{"taxonomy":"product_cat","embeddable":true,"href":"https:\/\/vitalstoffversand.com\/fr\/wp-json\/wp\/v2\/product_cat?post=66666"},{"taxonomy":"product_tag","embeddable":true,"href":"https:\/\/vitalstoffversand.com\/fr\/wp-json\/wp\/v2\/product_tag?post=66666"}],"curies":[{"name":"wp","href":"https:\/\/api.w.org\/{rel}","templated":true}]}}