{"id":66478,"date":"2025-10-31T18:28:39","date_gmt":"2025-10-31T17:28:39","guid":{"rendered":"https:\/\/vitalstoffversand.com\/produkt\/vit4ever-yummy-vegan-protein-plusieurs-varietes\/"},"modified":"2026-03-18T17:45:37","modified_gmt":"2026-03-18T16:45:37","slug":"vit4ever-yummy-vegan-protein-plusieurs-varietes","status":"publish","type":"product","link":"https:\/\/vitalstoffversand.com\/fr\/produit\/vit4ever-yummy-vegan-protein-plusieurs-varietes\/","title":{"rendered":"Vit4ever <br>Yummy Vegan Protein &#8211; diff\u00e9rentes vari\u00e9t\u00e9s"},"content":{"rendered":"<p>Une science nutritionnelle de pointe, alli\u00e9e \u00e0 un go\u00fbt intense et \u00e0 un profil en acides amin\u00e9s optimis\u00e9 pour la performance.<\/p>\n<p>Des prot\u00e9ines v\u00e9g\u00e9tales d\u00e9clin\u00e9es en 8 saveurs d\u00e9licieuses.<\/p>\n<p>En paquet de 908 grammes ou, au choix, en \u00e9chantillon ou en portion individuelle.<\/p>\n<ul>\n<li>V\u00e9gan<\/li>\n<li>Sans gluten<\/li>\n<li>Sans lactose<\/li>\n<li>Sans OGM<\/li>\n<li>Fabriqu\u00e9 selon les normes de qualit\u00e9 strictes de l&#8217;UE<\/li>\n<\/ul>\n","protected":false},"excerpt":{"rendered":"<p>Une science nutritionnelle de pointe, alli\u00e9e \u00e0 un go\u00fbt intense et \u00e0 un profil en acides amin\u00e9s optimis\u00e9 pour la performance. Des prot\u00e9ines v\u00e9g\u00e9tales d\u00e9clin\u00e9es en 8 saveurs d\u00e9licieuses. En paquet de 908 grammes ou, au choix, en \u00e9chantillon ou en portion individuelle. V\u00e9gan Sans gluten Sans lactose Sans OGM Fabriqu\u00e9 selon les normes de [&hellip;]<\/p>\n","protected":false},"featured_media":66463,"template":"","meta":{"_acf_changed":false},"product_brand":[10217],"product_cat":[345,365],"product_tag":[],"class_list":{"0":"post-66478","1":"product","2":"type-product","3":"status-publish","4":"has-post-thumbnail","6":"product_brand-vit4ever-fr","7":"product_cat-proteines","8":"product_cat-produits-de-a-a-z","10":"first","11":"instock","12":"taxable","13":"shipping-taxable","14":"purchasable","15":"product-type-variable"},"acf":[],"_links":{"self":[{"href":"https:\/\/vitalstoffversand.com\/fr\/wp-json\/wp\/v2\/product\/66478","targetHints":{"allow":["GET"]}}],"collection":[{"href":"https:\/\/vitalstoffversand.com\/fr\/wp-json\/wp\/v2\/product"}],"about":[{"href":"https:\/\/vitalstoffversand.com\/fr\/wp-json\/wp\/v2\/types\/product"}],"wp:featuredmedia":[{"embeddable":true,"href":"https:\/\/vitalstoffversand.com\/fr\/wp-json\/wp\/v2\/media\/66463"}],"wp:attachment":[{"href":"https:\/\/vitalstoffversand.com\/fr\/wp-json\/wp\/v2\/media?parent=66478"}],"wp:term":[{"taxonomy":"product_brand","embeddable":true,"href":"https:\/\/vitalstoffversand.com\/fr\/wp-json\/wp\/v2\/product_brand?post=66478"},{"taxonomy":"product_cat","embeddable":true,"href":"https:\/\/vitalstoffversand.com\/fr\/wp-json\/wp\/v2\/product_cat?post=66478"},{"taxonomy":"product_tag","embeddable":true,"href":"https:\/\/vitalstoffversand.com\/fr\/wp-json\/wp\/v2\/product_tag?post=66478"}],"curies":[{"name":"wp","href":"https:\/\/api.w.org\/{rel}","templated":true}]}}