{"id":66426,"date":"2025-10-08T13:35:08","date_gmt":"2025-10-08T11:35:08","guid":{"rendered":"https:\/\/vitalstoffversand.com\/produkt\/vit4ever-legumes-verts-et-fibres-quotidiens-600-g-assortiment\/"},"modified":"2025-10-08T13:35:08","modified_gmt":"2025-10-08T11:35:08","slug":"vit4ever-legumes-verts-et-fibres-quotidiens-600-g-assortiment","status":"publish","type":"product","link":"https:\/\/vitalstoffversand.com\/fr\/produit\/vit4ever-legumes-verts-et-fibres-quotidiens-600-g-assortiment\/","title":{"rendered":"Vit4ever <br>L\u00e9gumes verts et fibres quotidiens &#8211; 600 g &#8211; assortiment"},"content":{"rendered":"<p>Toute la puissance des plantes sous forme de poudre.<\/p>\n<p>Daily Greens &amp; Fibers t&#8217;apporte, en deux saveurs, une multitude de fibres, de \u00ab superaliments \u00bb et d&#8217;extraits v\u00e9g\u00e9taux fonctionnels.<\/p>\n<ul>\n<li>V\u00e9gan<\/li>\n<li>Sans gluten<\/li>\n<li>Sans lactose<\/li>\n<li>Sans OGM<\/li>\n<li>Fabriqu\u00e9 selon les normes de qualit\u00e9 strictes de l&#8217;UE<\/li>\n<\/ul>\n","protected":false},"excerpt":{"rendered":"<p>Toute la puissance des plantes sous forme de poudre. Daily Greens &amp; Fibers t&#8217;apporte, en deux saveurs, une multitude de fibres, de \u00ab superaliments \u00bb et d&#8217;extraits v\u00e9g\u00e9taux fonctionnels. V\u00e9gan Sans gluten Sans lactose Sans OGM Fabriqu\u00e9 selon les normes de qualit\u00e9 strictes de l&#8217;UE<\/p>\n","protected":false},"featured_media":58863,"template":"","meta":{"_acf_changed":false},"product_brand":[10217],"product_cat":[348,365],"product_tag":[],"class_list":{"0":"post-66426","1":"product","2":"type-product","3":"status-publish","4":"has-post-thumbnail","6":"product_brand-vit4ever-fr","7":"product_cat-nutriments","8":"product_cat-produits-de-a-a-z","10":"first","11":"instock","12":"taxable","13":"shipping-taxable","14":"purchasable","15":"product-type-variable"},"acf":[],"_links":{"self":[{"href":"https:\/\/vitalstoffversand.com\/fr\/wp-json\/wp\/v2\/product\/66426","targetHints":{"allow":["GET"]}}],"collection":[{"href":"https:\/\/vitalstoffversand.com\/fr\/wp-json\/wp\/v2\/product"}],"about":[{"href":"https:\/\/vitalstoffversand.com\/fr\/wp-json\/wp\/v2\/types\/product"}],"wp:featuredmedia":[{"embeddable":true,"href":"https:\/\/vitalstoffversand.com\/fr\/wp-json\/wp\/v2\/media\/58863"}],"wp:attachment":[{"href":"https:\/\/vitalstoffversand.com\/fr\/wp-json\/wp\/v2\/media?parent=66426"}],"wp:term":[{"taxonomy":"product_brand","embeddable":true,"href":"https:\/\/vitalstoffversand.com\/fr\/wp-json\/wp\/v2\/product_brand?post=66426"},{"taxonomy":"product_cat","embeddable":true,"href":"https:\/\/vitalstoffversand.com\/fr\/wp-json\/wp\/v2\/product_cat?post=66426"},{"taxonomy":"product_tag","embeddable":true,"href":"https:\/\/vitalstoffversand.com\/fr\/wp-json\/wp\/v2\/product_tag?post=66426"}],"curies":[{"name":"wp","href":"https:\/\/api.w.org\/{rel}","templated":true}]}}