{"id":66394,"date":"2025-10-08T13:29:09","date_gmt":"2025-10-08T11:29:09","guid":{"rendered":"https:\/\/vitalstoffversand.com\/produkt\/vit4ever-butyrate-de-sodium-180-gelules\/"},"modified":"2026-03-21T15:53:07","modified_gmt":"2026-03-21T14:53:07","slug":"vit4ever-butyrate-de-sodium-180-gelules","status":"publish","type":"product","link":"https:\/\/vitalstoffversand.com\/fr\/produit\/vit4ever-butyrate-de-sodium-180-gelules\/","title":{"rendered":"Vit4ever <br>Butyrate de sodium &#8211; 180 g\u00e9lules"},"content":{"rendered":"<p>Le butyrate est un autre nom donn\u00e9 \u00e0 l&#8217;acide butyrique.<\/p>\n<p>L&#8217;acide butyrique fait partie des acides gras \u00e0 cha\u00eene courte et est produit dans l&#8217;intestin humain par la fermentation des fibres alimentaires.<\/p>\n<p>Le butyrate de sodium contient 90 % d&#8217;acide butyrique pur pour soutenir ton microbiome.<\/p>\n<ul>\n<li>V\u00e9gan<\/li>\n<li>Sans gluten<\/li>\n<li>Sans lactose<\/li>\n<li>Sans OGM<\/li>\n<li>Fabriqu\u00e9 selon les normes de qualit\u00e9 strictes de l&#8217;UE<\/li>\n<\/ul>\n","protected":false},"excerpt":{"rendered":"<p>Le butyrate est un autre nom donn\u00e9 \u00e0 l&#8217;acide butyrique. L&#8217;acide butyrique fait partie des acides gras \u00e0 cha\u00eene courte et est produit dans l&#8217;intestin humain par la fermentation des fibres alimentaires. Le butyrate de sodium contient 90 % d&#8217;acide butyrique pur pour soutenir ton microbiome. V\u00e9gan Sans gluten Sans lactose Sans OGM Fabriqu\u00e9 selon [&hellip;]<\/p>\n","protected":false},"featured_media":58711,"template":"","meta":{"_acf_changed":false},"product_brand":[10217],"product_cat":[348,365],"product_tag":[],"class_list":{"0":"post-66394","1":"product","2":"type-product","3":"status-publish","4":"has-post-thumbnail","6":"product_brand-vit4ever-fr","7":"product_cat-nutriments","8":"product_cat-produits-de-a-a-z","10":"first","11":"instock","12":"taxable","13":"shipping-taxable","14":"purchasable","15":"product-type-simple"},"acf":[],"_links":{"self":[{"href":"https:\/\/vitalstoffversand.com\/fr\/wp-json\/wp\/v2\/product\/66394","targetHints":{"allow":["GET"]}}],"collection":[{"href":"https:\/\/vitalstoffversand.com\/fr\/wp-json\/wp\/v2\/product"}],"about":[{"href":"https:\/\/vitalstoffversand.com\/fr\/wp-json\/wp\/v2\/types\/product"}],"wp:featuredmedia":[{"embeddable":true,"href":"https:\/\/vitalstoffversand.com\/fr\/wp-json\/wp\/v2\/media\/58711"}],"wp:attachment":[{"href":"https:\/\/vitalstoffversand.com\/fr\/wp-json\/wp\/v2\/media?parent=66394"}],"wp:term":[{"taxonomy":"product_brand","embeddable":true,"href":"https:\/\/vitalstoffversand.com\/fr\/wp-json\/wp\/v2\/product_brand?post=66394"},{"taxonomy":"product_cat","embeddable":true,"href":"https:\/\/vitalstoffversand.com\/fr\/wp-json\/wp\/v2\/product_cat?post=66394"},{"taxonomy":"product_tag","embeddable":true,"href":"https:\/\/vitalstoffversand.com\/fr\/wp-json\/wp\/v2\/product_tag?post=66394"}],"curies":[{"name":"wp","href":"https:\/\/api.w.org\/{rel}","templated":true}]}}