{"id":66331,"date":"2025-10-08T13:26:25","date_gmt":"2025-10-08T11:26:25","guid":{"rendered":"https:\/\/vitalstoffversand.com\/produkt\/vit4ever-barista-whey-protein-coffee-differentes-varietes\/"},"modified":"2025-10-08T13:26:25","modified_gmt":"2025-10-08T11:26:25","slug":"vit4ever-barista-whey-protein-coffee-differentes-varietes","status":"publish","type":"product","link":"https:\/\/vitalstoffversand.com\/fr\/produit\/vit4ever-barista-whey-protein-coffee-differentes-varietes\/","title":{"rendered":"Vit4ever <br>Barista Whey Protein Coffee &#8211; diff\u00e9rentes vari\u00e9t\u00e9s"},"content":{"rendered":"<p>Ceux qui ont le choix entre un caf\u00e9 et un shake prot\u00e9in\u00e9 le matin ont l&#8217;embarras du choix.<\/p>\n<p>Le caf\u00e9 prot\u00e9in\u00e9 Barista t&#8217;\u00e9vite d&#8217;avoir \u00e0 choisir, car il combine le meilleur des deux mondes.<\/p>\n<p>Le go\u00fbt cors\u00e9 du caf\u00e9 s&#8217;associe \u00e0 des prot\u00e9ines de lactos\u00e9rum de haute qualit\u00e9 enrichies en lactase pour une meilleure digestibilit\u00e9.<\/p>\n<ul>\n<li>Sans gluten<\/li>\n<li>Sans OGM<\/li>\n<li>Fabriqu\u00e9 selon les normes de qualit\u00e9 strictes de l&#8217;UE<\/li>\n<\/ul>\n","protected":false},"excerpt":{"rendered":"<p>Ceux qui ont le choix entre un caf\u00e9 et un shake prot\u00e9in\u00e9 le matin ont l&#8217;embarras du choix. Le caf\u00e9 prot\u00e9in\u00e9 Barista t&#8217;\u00e9vite d&#8217;avoir \u00e0 choisir, car il combine le meilleur des deux mondes. Le go\u00fbt cors\u00e9 du caf\u00e9 s&#8217;associe \u00e0 des prot\u00e9ines de lactos\u00e9rum de haute qualit\u00e9 enrichies en lactase pour une meilleure digestibilit\u00e9. [&hellip;]<\/p>\n","protected":false},"featured_media":58583,"template":"","meta":{"_acf_changed":false},"product_brand":[10217],"product_cat":[345,365],"product_tag":[],"class_list":{"0":"post-66331","1":"product","2":"type-product","3":"status-publish","4":"has-post-thumbnail","6":"product_brand-vit4ever-fr","7":"product_cat-proteines","8":"product_cat-produits-de-a-a-z","10":"first","11":"instock","12":"taxable","13":"shipping-taxable","14":"purchasable","15":"product-type-variable"},"acf":[],"_links":{"self":[{"href":"https:\/\/vitalstoffversand.com\/fr\/wp-json\/wp\/v2\/product\/66331","targetHints":{"allow":["GET"]}}],"collection":[{"href":"https:\/\/vitalstoffversand.com\/fr\/wp-json\/wp\/v2\/product"}],"about":[{"href":"https:\/\/vitalstoffversand.com\/fr\/wp-json\/wp\/v2\/types\/product"}],"wp:featuredmedia":[{"embeddable":true,"href":"https:\/\/vitalstoffversand.com\/fr\/wp-json\/wp\/v2\/media\/58583"}],"wp:attachment":[{"href":"https:\/\/vitalstoffversand.com\/fr\/wp-json\/wp\/v2\/media?parent=66331"}],"wp:term":[{"taxonomy":"product_brand","embeddable":true,"href":"https:\/\/vitalstoffversand.com\/fr\/wp-json\/wp\/v2\/product_brand?post=66331"},{"taxonomy":"product_cat","embeddable":true,"href":"https:\/\/vitalstoffversand.com\/fr\/wp-json\/wp\/v2\/product_cat?post=66331"},{"taxonomy":"product_tag","embeddable":true,"href":"https:\/\/vitalstoffversand.com\/fr\/wp-json\/wp\/v2\/product_tag?post=66331"}],"curies":[{"name":"wp","href":"https:\/\/api.w.org\/{rel}","templated":true}]}}