{"id":66264,"date":"2025-07-07T17:26:27","date_gmt":"2025-07-07T15:26:27","guid":{"rendered":"https:\/\/vitalstoffversand.com\/produkt\/vit4ever-isotonic-plus-1050-g-plusieurs-saveurs\/"},"modified":"2025-07-07T17:26:27","modified_gmt":"2025-07-07T15:26:27","slug":"vit4ever-isotonic-plus-1050-g-plusieurs-saveurs","status":"publish","type":"product","link":"https:\/\/vitalstoffversand.com\/fr\/produit\/vit4ever-isotonic-plus-1050-g-plusieurs-saveurs\/","title":{"rendered":"Vit4ever <br>Isotonic Plus &#8211; 1050 g &#8211; diff\u00e9rentes vari\u00e9t\u00e9s"},"content":{"rendered":"<p>Isotonic Plus est une boisson d&#8217;hydratation et de r\u00e9cup\u00e9ration con\u00e7ue pour vous aider \u00e0 r\u00e9cup\u00e9rer apr\u00e8s une s\u00e9ance d&#8217;entra\u00eenement intense, une s\u00e9ance d&#8217;endurance ou une journ\u00e9e active.<\/p>\n<p>La combinaison de glucides rapidement assimilables, de vitamines et d&#8217;extrait de maca aide \u00e0 compenser la perte de liquide et de min\u00e9raux.<\/p>\n<ul>\n<li>V\u00e9gan<\/li>\n<li>Sans gluten<\/li>\n<li>Sans lactose<\/li>\n<li>Sans OGM<\/li>\n<li>Fabriqu\u00e9 selon les normes de qualit\u00e9 strictes de l&#8217;UE<\/li>\n<\/ul>\n","protected":false},"excerpt":{"rendered":"<p>Isotonic Plus est une boisson d&#8217;hydratation et de r\u00e9cup\u00e9ration con\u00e7ue pour vous aider \u00e0 r\u00e9cup\u00e9rer apr\u00e8s une s\u00e9ance d&#8217;entra\u00eenement intense, une s\u00e9ance d&#8217;endurance ou une journ\u00e9e active. La combinaison de glucides rapidement assimilables, de vitamines et d&#8217;extrait de maca aide \u00e0 compenser la perte de liquide et de min\u00e9raux. V\u00e9gan Sans gluten Sans lactose Sans [&hellip;]<\/p>\n","protected":false},"featured_media":58479,"template":"","meta":{"_acf_changed":false},"product_brand":[10217],"product_cat":[348,365],"product_tag":[],"class_list":{"0":"post-66264","1":"product","2":"type-product","3":"status-publish","4":"has-post-thumbnail","6":"product_brand-vit4ever-fr","7":"product_cat-nutriments","8":"product_cat-produits-de-a-a-z","10":"first","11":"instock","12":"taxable","13":"shipping-taxable","14":"purchasable","15":"product-type-variable"},"acf":[],"_links":{"self":[{"href":"https:\/\/vitalstoffversand.com\/fr\/wp-json\/wp\/v2\/product\/66264","targetHints":{"allow":["GET"]}}],"collection":[{"href":"https:\/\/vitalstoffversand.com\/fr\/wp-json\/wp\/v2\/product"}],"about":[{"href":"https:\/\/vitalstoffversand.com\/fr\/wp-json\/wp\/v2\/types\/product"}],"wp:featuredmedia":[{"embeddable":true,"href":"https:\/\/vitalstoffversand.com\/fr\/wp-json\/wp\/v2\/media\/58479"}],"wp:attachment":[{"href":"https:\/\/vitalstoffversand.com\/fr\/wp-json\/wp\/v2\/media?parent=66264"}],"wp:term":[{"taxonomy":"product_brand","embeddable":true,"href":"https:\/\/vitalstoffversand.com\/fr\/wp-json\/wp\/v2\/product_brand?post=66264"},{"taxonomy":"product_cat","embeddable":true,"href":"https:\/\/vitalstoffversand.com\/fr\/wp-json\/wp\/v2\/product_cat?post=66264"},{"taxonomy":"product_tag","embeddable":true,"href":"https:\/\/vitalstoffversand.com\/fr\/wp-json\/wp\/v2\/product_tag?post=66264"}],"curies":[{"name":"wp","href":"https:\/\/api.w.org\/{rel}","templated":true}]}}