{"id":66232,"date":"2025-06-11T17:06:58","date_gmt":"2025-06-11T15:06:58","guid":{"rendered":"https:\/\/vitalstoffversand.com\/produkt\/vit4ever-complexe-ashwagandha-ksm-66-180-gelules\/"},"modified":"2025-06-11T17:06:58","modified_gmt":"2025-06-11T15:06:58","slug":"vit4ever-complexe-ashwagandha-ksm-66-180-gelules","status":"publish","type":"product","link":"https:\/\/vitalstoffversand.com\/fr\/produit\/vit4ever-complexe-ashwagandha-ksm-66-180-gelules\/","title":{"rendered":"Vit4ever <br>Complexe Ashwagandha KSM-66 &#8211; 180 g\u00e9lules"},"content":{"rendered":"<p>L&#8217;ashwagandha (Withania somnifera) fait partie int\u00e9grante de la phytoth\u00e9rapie ayurv\u00e9dique depuis des si\u00e8cles et gagne \u00e9galement en popularit\u00e9 dans les pays occidentaux.<\/p>\n<p>KSM-66\u00ae fournit ici un extrait de racine brevet\u00e9 de tr\u00e8s haute qualit\u00e9, qui est combin\u00e9 dans ce produit avec <a href=\"https:\/\/vitalstoffversand.com\/knowledge-base\/magnesium\/\" target=\"_blank\" rel=\"noopener\"><strong><span style=\"color: #0000ff;\">\u2192 Magn\u00e9sium<\/span><\/strong><\/a>, <a href=\"https:\/\/vitalstoffversand.com\/knowledge-base\/zink\/\" target=\"_blank\" rel=\"noopener\"><strong><span style=\"color: #0000ff;\">\u2192 zinc<\/span><\/strong><\/a> et <a href=\"https:\/\/vitalstoffversand.com\/knowledge-base\/vitamin-b6\/\" target=\"_blank\" rel=\"noopener\"><strong><span style=\"color: #0000ff;\">\u2192 vitamine B6<\/span><\/strong><\/a> a \u00e9t\u00e9 combin\u00e9 pour cr\u00e9er un paquet global judicieux.<\/p>\n<ul>\n<li>V\u00e9gan<\/li>\n<li>Sans gluten<\/li>\n<li>Sans lactose<\/li>\n<li>Sans OGM<\/li>\n<li>Fabriqu\u00e9 selon les normes de qualit\u00e9 strictes de l&#8217;UE<\/li>\n<\/ul>\n","protected":false},"excerpt":{"rendered":"<p>L&#8217;ashwagandha (Withania somnifera) fait partie int\u00e9grante de la phytoth\u00e9rapie ayurv\u00e9dique depuis des si\u00e8cles et gagne \u00e9galement en popularit\u00e9 dans les pays occidentaux. KSM-66\u00ae fournit ici un extrait de racine brevet\u00e9 de tr\u00e8s haute qualit\u00e9, qui est combin\u00e9 dans ce produit avec \u2192 Magn\u00e9sium, \u2192 zinc et \u2192 vitamine B6 a \u00e9t\u00e9 combin\u00e9 pour cr\u00e9er un [&hellip;]<\/p>\n","protected":false},"featured_media":58359,"template":"","meta":{"_acf_changed":false},"product_brand":[10217],"product_cat":[348,365],"product_tag":[],"class_list":{"0":"post-66232","1":"product","2":"type-product","3":"status-publish","4":"has-post-thumbnail","6":"product_brand-vit4ever-fr","7":"product_cat-nutriments","8":"product_cat-produits-de-a-a-z","10":"first","11":"outofstock","12":"taxable","13":"shipping-taxable","14":"purchasable","15":"product-type-simple"},"acf":[],"_links":{"self":[{"href":"https:\/\/vitalstoffversand.com\/fr\/wp-json\/wp\/v2\/product\/66232","targetHints":{"allow":["GET"]}}],"collection":[{"href":"https:\/\/vitalstoffversand.com\/fr\/wp-json\/wp\/v2\/product"}],"about":[{"href":"https:\/\/vitalstoffversand.com\/fr\/wp-json\/wp\/v2\/types\/product"}],"wp:featuredmedia":[{"embeddable":true,"href":"https:\/\/vitalstoffversand.com\/fr\/wp-json\/wp\/v2\/media\/58359"}],"wp:attachment":[{"href":"https:\/\/vitalstoffversand.com\/fr\/wp-json\/wp\/v2\/media?parent=66232"}],"wp:term":[{"taxonomy":"product_brand","embeddable":true,"href":"https:\/\/vitalstoffversand.com\/fr\/wp-json\/wp\/v2\/product_brand?post=66232"},{"taxonomy":"product_cat","embeddable":true,"href":"https:\/\/vitalstoffversand.com\/fr\/wp-json\/wp\/v2\/product_cat?post=66232"},{"taxonomy":"product_tag","embeddable":true,"href":"https:\/\/vitalstoffversand.com\/fr\/wp-json\/wp\/v2\/product_tag?post=66232"}],"curies":[{"name":"wp","href":"https:\/\/api.w.org\/{rel}","templated":true}]}}