{"id":66221,"date":"2025-06-11T17:04:31","date_gmt":"2025-06-11T15:04:31","guid":{"rendered":"https:\/\/vitalstoffversand.com\/produkt\/vit4ever-ginseng-rouge-panax-180-gelules\/"},"modified":"2025-06-11T17:04:31","modified_gmt":"2025-06-11T15:04:31","slug":"vit4ever-ginseng-rouge-panax-180-gelules","status":"publish","type":"product","link":"https:\/\/vitalstoffversand.com\/fr\/produit\/vit4ever-ginseng-rouge-panax-180-gelules\/","title":{"rendered":"Vit4ever <br>Ginseng rouge Panax &#8211; 180 g\u00e9lules"},"content":{"rendered":"<p>Le ginseng cor\u00e9en (Panax ginseng C.A. Meyer) figure depuis des si\u00e8cles parmi les rem\u00e8des naturels les plus pr\u00e9cieux de la m\u00e9decine traditionnelle asiatique.<\/p>\n<p>Cet extrait \u00e0 20:1 t&#8217;apporte 120 mg de ginsenosides par g\u00e9lule.<\/p>\n<ul>\n<li>V\u00e9gan<\/li>\n<li>Sans gluten<\/li>\n<li>Sans lactose<\/li>\n<li>Sans OGM<\/li>\n<li>Fabriqu\u00e9 selon les normes de qualit\u00e9 strictes de l&#8217;UE<\/li>\n<\/ul>\n","protected":false},"excerpt":{"rendered":"<p>Le ginseng cor\u00e9en (Panax ginseng C.A. Meyer) figure depuis des si\u00e8cles parmi les rem\u00e8des naturels les plus pr\u00e9cieux de la m\u00e9decine traditionnelle asiatique. Cet extrait \u00e0 20:1 t&#8217;apporte 120 mg de ginsenosides par g\u00e9lule. V\u00e9gan Sans gluten Sans lactose Sans OGM Fabriqu\u00e9 selon les normes de qualit\u00e9 strictes de l&#8217;UE<\/p>\n","protected":false},"featured_media":58319,"template":"","meta":{"_acf_changed":false},"product_brand":[10217],"product_cat":[348,365],"product_tag":[],"class_list":{"0":"post-66221","1":"product","2":"type-product","3":"status-publish","4":"has-post-thumbnail","6":"product_brand-vit4ever-fr","7":"product_cat-nutriments","8":"product_cat-produits-de-a-a-z","10":"first","11":"instock","12":"taxable","13":"shipping-taxable","14":"purchasable","15":"product-type-simple"},"acf":[],"_links":{"self":[{"href":"https:\/\/vitalstoffversand.com\/fr\/wp-json\/wp\/v2\/product\/66221","targetHints":{"allow":["GET"]}}],"collection":[{"href":"https:\/\/vitalstoffversand.com\/fr\/wp-json\/wp\/v2\/product"}],"about":[{"href":"https:\/\/vitalstoffversand.com\/fr\/wp-json\/wp\/v2\/types\/product"}],"wp:featuredmedia":[{"embeddable":true,"href":"https:\/\/vitalstoffversand.com\/fr\/wp-json\/wp\/v2\/media\/58319"}],"wp:attachment":[{"href":"https:\/\/vitalstoffversand.com\/fr\/wp-json\/wp\/v2\/media?parent=66221"}],"wp:term":[{"taxonomy":"product_brand","embeddable":true,"href":"https:\/\/vitalstoffversand.com\/fr\/wp-json\/wp\/v2\/product_brand?post=66221"},{"taxonomy":"product_cat","embeddable":true,"href":"https:\/\/vitalstoffversand.com\/fr\/wp-json\/wp\/v2\/product_cat?post=66221"},{"taxonomy":"product_tag","embeddable":true,"href":"https:\/\/vitalstoffversand.com\/fr\/wp-json\/wp\/v2\/product_tag?post=66221"}],"curies":[{"name":"wp","href":"https:\/\/api.w.org\/{rel}","templated":true}]}}