{"id":66202,"date":"2025-06-11T17:01:02","date_gmt":"2025-06-11T15:01:02","guid":{"rendered":"https:\/\/vitalstoffversand.com\/produkt\/vit4ever-extrait-de-the-vert-300-comprimes\/"},"modified":"2025-06-11T17:01:02","modified_gmt":"2025-06-11T15:01:02","slug":"vit4ever-extrait-de-the-vert-300-comprimes","status":"publish","type":"product","link":"https:\/\/vitalstoffversand.com\/fr\/produit\/vit4ever-extrait-de-the-vert-300-comprimes\/","title":{"rendered":"Vit4ever <br>Extrait de th\u00e9 vert &#8211; 300 comprim\u00e9s"},"content":{"rendered":"<p>Le th\u00e9 vert est appr\u00e9ci\u00e9 depuis des mill\u00e9naires, car il est non seulement savoureux, mais aussi riche en substances v\u00e9g\u00e9tales b\u00e9n\u00e9fiques.<\/p>\n<p>Il contient notamment des polyph\u00e9nols et des cat\u00e9chines, ce qui en fait un ingr\u00e9dient tr\u00e8s appr\u00e9ci\u00e9 dans les compl\u00e9ments alimentaires modernes.<\/p>\n<ul>\n<li>V\u00e9gan<\/li>\n<li>Sans gluten<\/li>\n<li>Sans lactose<\/li>\n<li>Sans OGM<\/li>\n<li>Fabriqu\u00e9 selon les normes de qualit\u00e9 strictes de l&#8217;UE<\/li>\n<\/ul>\n","protected":false},"excerpt":{"rendered":"<p>Le th\u00e9 vert est appr\u00e9ci\u00e9 depuis des mill\u00e9naires, car il est non seulement savoureux, mais aussi riche en substances v\u00e9g\u00e9tales b\u00e9n\u00e9fiques. Il contient notamment des polyph\u00e9nols et des cat\u00e9chines, ce qui en fait un ingr\u00e9dient tr\u00e8s appr\u00e9ci\u00e9 dans les compl\u00e9ments alimentaires modernes. V\u00e9gan Sans gluten Sans lactose Sans OGM Fabriqu\u00e9 selon les normes de qualit\u00e9 [&hellip;]<\/p>\n","protected":false},"featured_media":58271,"template":"","meta":{"_acf_changed":false},"product_brand":[10217],"product_cat":[348,365],"product_tag":[],"class_list":{"0":"post-66202","1":"product","2":"type-product","3":"status-publish","4":"has-post-thumbnail","6":"product_brand-vit4ever-fr","7":"product_cat-nutriments","8":"product_cat-produits-de-a-a-z","10":"first","11":"instock","12":"taxable","13":"shipping-taxable","14":"purchasable","15":"product-type-simple"},"acf":[],"_links":{"self":[{"href":"https:\/\/vitalstoffversand.com\/fr\/wp-json\/wp\/v2\/product\/66202","targetHints":{"allow":["GET"]}}],"collection":[{"href":"https:\/\/vitalstoffversand.com\/fr\/wp-json\/wp\/v2\/product"}],"about":[{"href":"https:\/\/vitalstoffversand.com\/fr\/wp-json\/wp\/v2\/types\/product"}],"wp:featuredmedia":[{"embeddable":true,"href":"https:\/\/vitalstoffversand.com\/fr\/wp-json\/wp\/v2\/media\/58271"}],"wp:attachment":[{"href":"https:\/\/vitalstoffversand.com\/fr\/wp-json\/wp\/v2\/media?parent=66202"}],"wp:term":[{"taxonomy":"product_brand","embeddable":true,"href":"https:\/\/vitalstoffversand.com\/fr\/wp-json\/wp\/v2\/product_brand?post=66202"},{"taxonomy":"product_cat","embeddable":true,"href":"https:\/\/vitalstoffversand.com\/fr\/wp-json\/wp\/v2\/product_cat?post=66202"},{"taxonomy":"product_tag","embeddable":true,"href":"https:\/\/vitalstoffversand.com\/fr\/wp-json\/wp\/v2\/product_tag?post=66202"}],"curies":[{"name":"wp","href":"https:\/\/api.w.org\/{rel}","templated":true}]}}