{"id":66175,"date":"2025-06-11T16:59:36","date_gmt":"2025-06-11T14:59:36","guid":{"rendered":"https:\/\/vitalstoffversand.com\/produkt\/vit4ever-pissenlit-bio-240-gelules\/"},"modified":"2025-06-11T16:59:36","modified_gmt":"2025-06-11T14:59:36","slug":"vit4ever-pissenlit-bio-240-gelules","status":"publish","type":"product","link":"https:\/\/vitalstoffversand.com\/fr\/produit\/vit4ever-pissenlit-bio-240-gelules\/","title":{"rendered":"Vit4ever <br>Pissenlit bio &#8211; 240 g\u00e9lules"},"content":{"rendered":"<p>Le pissenlit est consid\u00e9r\u00e9 depuis des si\u00e8cles comme un rem\u00e8de traditionnel et est utilis\u00e9 de multiples fa\u00e7ons.<\/p>\n<p>Un extrait de haute qualit\u00e9 \u00e0 10:1 de racine de pissenlit (Taraxacum officinale) t&#8217;apporte tous les composants (substances am\u00e8res, compos\u00e9s phytochimiques) de la racine de cette plante discr\u00e8te mais pr\u00e9cieuse, en qualit\u00e9 biologique.<\/p>\n<ul>\n<li>V\u00e9gan<\/li>\n<li>Sans gluten<\/li>\n<li>Sans lactose<\/li>\n<li>Sans OGM<\/li>\n<li>Fabriqu\u00e9 selon les normes de qualit\u00e9 strictes de l&#8217;UE<\/li>\n<\/ul>\n","protected":false},"excerpt":{"rendered":"<p>Le pissenlit est consid\u00e9r\u00e9 depuis des si\u00e8cles comme un rem\u00e8de traditionnel et est utilis\u00e9 de multiples fa\u00e7ons. Un extrait de haute qualit\u00e9 \u00e0 10:1 de racine de pissenlit (Taraxacum officinale) t&#8217;apporte tous les composants (substances am\u00e8res, compos\u00e9s phytochimiques) de la racine de cette plante discr\u00e8te mais pr\u00e9cieuse, en qualit\u00e9 biologique. V\u00e9gan Sans gluten Sans lactose [&hellip;]<\/p>\n","protected":false},"featured_media":58231,"template":"","meta":{"_acf_changed":false},"product_brand":[10217],"product_cat":[348,306,365],"product_tag":[],"class_list":{"0":"post-66175","1":"product","2":"type-product","3":"status-publish","4":"has-post-thumbnail","6":"product_brand-vit4ever-fr","7":"product_cat-nutriments","8":"product_cat-bio-fr","9":"product_cat-produits-de-a-a-z","11":"first","12":"outofstock","13":"taxable","14":"shipping-taxable","15":"purchasable","16":"product-type-simple"},"acf":[],"_links":{"self":[{"href":"https:\/\/vitalstoffversand.com\/fr\/wp-json\/wp\/v2\/product\/66175","targetHints":{"allow":["GET"]}}],"collection":[{"href":"https:\/\/vitalstoffversand.com\/fr\/wp-json\/wp\/v2\/product"}],"about":[{"href":"https:\/\/vitalstoffversand.com\/fr\/wp-json\/wp\/v2\/types\/product"}],"wp:featuredmedia":[{"embeddable":true,"href":"https:\/\/vitalstoffversand.com\/fr\/wp-json\/wp\/v2\/media\/58231"}],"wp:attachment":[{"href":"https:\/\/vitalstoffversand.com\/fr\/wp-json\/wp\/v2\/media?parent=66175"}],"wp:term":[{"taxonomy":"product_brand","embeddable":true,"href":"https:\/\/vitalstoffversand.com\/fr\/wp-json\/wp\/v2\/product_brand?post=66175"},{"taxonomy":"product_cat","embeddable":true,"href":"https:\/\/vitalstoffversand.com\/fr\/wp-json\/wp\/v2\/product_cat?post=66175"},{"taxonomy":"product_tag","embeddable":true,"href":"https:\/\/vitalstoffversand.com\/fr\/wp-json\/wp\/v2\/product_tag?post=66175"}],"curies":[{"name":"wp","href":"https:\/\/api.w.org\/{rel}","templated":true}]}}