{"id":66166,"date":"2025-06-11T16:58:05","date_gmt":"2025-06-11T14:58:05","guid":{"rendered":"https:\/\/vitalstoffversand.com\/produkt\/vit4ever-l-theanine-180-gelules\/"},"modified":"2025-06-11T16:58:05","modified_gmt":"2025-06-11T14:58:05","slug":"vit4ever-l-theanine-180-gelules","status":"publish","type":"product","link":"https:\/\/vitalstoffversand.com\/fr\/produit\/vit4ever-l-theanine-180-gelules\/","title":{"rendered":"Vit4ever <br>L-th\u00e9anine &#8211; 180 g\u00e9lules"},"content":{"rendered":"<p>La L-th\u00e9anine est un acide amin\u00e9 naturel pr\u00e9sent dans les feuilles du th\u00e9 vert.<\/p>\n<p>La recherche s&#8217;int\u00e9resse aux effets potentiels de la L-th\u00e9anine sur les fonctions cognitives et les r\u00e9actions au stress.<\/p>\n<p>La forme en g\u00e9lules te permet de consommer cette substance v\u00e9g\u00e9tale sans avoir \u00e0 boire de th\u00e9 vert, ni \u00e0 ing\u00e9rer la caf\u00e9ine qu&#8217;il contient.<\/p>\n<ul>\n<li>V\u00e9gan<\/li>\n<li>Sans gluten<\/li>\n<li>Sans lactose<\/li>\n<li>Sans OGM<\/li>\n<li>Fabriqu\u00e9 selon les normes de qualit\u00e9 strictes de l&#8217;UE<\/li>\n<\/ul>\n","protected":false},"excerpt":{"rendered":"<p>La L-th\u00e9anine est un acide amin\u00e9 naturel pr\u00e9sent dans les feuilles du th\u00e9 vert. La recherche s&#8217;int\u00e9resse aux effets potentiels de la L-th\u00e9anine sur les fonctions cognitives et les r\u00e9actions au stress. La forme en g\u00e9lules te permet de consommer cette substance v\u00e9g\u00e9tale sans avoir \u00e0 boire de th\u00e9 vert, ni \u00e0 ing\u00e9rer la caf\u00e9ine [&hellip;]<\/p>\n","protected":false},"featured_media":58183,"template":"","meta":{"_acf_changed":false},"product_brand":[10217],"product_cat":[348,365],"product_tag":[],"class_list":{"0":"post-66166","1":"product","2":"type-product","3":"status-publish","4":"has-post-thumbnail","6":"product_brand-vit4ever-fr","7":"product_cat-nutriments","8":"product_cat-produits-de-a-a-z","10":"first","11":"instock","12":"taxable","13":"shipping-taxable","14":"purchasable","15":"product-type-simple"},"acf":[],"_links":{"self":[{"href":"https:\/\/vitalstoffversand.com\/fr\/wp-json\/wp\/v2\/product\/66166","targetHints":{"allow":["GET"]}}],"collection":[{"href":"https:\/\/vitalstoffversand.com\/fr\/wp-json\/wp\/v2\/product"}],"about":[{"href":"https:\/\/vitalstoffversand.com\/fr\/wp-json\/wp\/v2\/types\/product"}],"wp:featuredmedia":[{"embeddable":true,"href":"https:\/\/vitalstoffversand.com\/fr\/wp-json\/wp\/v2\/media\/58183"}],"wp:attachment":[{"href":"https:\/\/vitalstoffversand.com\/fr\/wp-json\/wp\/v2\/media?parent=66166"}],"wp:term":[{"taxonomy":"product_brand","embeddable":true,"href":"https:\/\/vitalstoffversand.com\/fr\/wp-json\/wp\/v2\/product_brand?post=66166"},{"taxonomy":"product_cat","embeddable":true,"href":"https:\/\/vitalstoffversand.com\/fr\/wp-json\/wp\/v2\/product_cat?post=66166"},{"taxonomy":"product_tag","embeddable":true,"href":"https:\/\/vitalstoffversand.com\/fr\/wp-json\/wp\/v2\/product_tag?post=66166"}],"curies":[{"name":"wp","href":"https:\/\/api.w.org\/{rel}","templated":true}]}}