{"id":66092,"date":"2025-12-17T14:18:17","date_gmt":"2025-12-17T13:18:17","guid":{"rendered":"https:\/\/vitalstoffversand.com\/produkt\/vit4ever-malate-de-magnesium-365-gelules\/"},"modified":"2026-03-21T15:52:43","modified_gmt":"2026-03-21T14:52:43","slug":"vit4ever-malate-de-magnesium-365-gelules","status":"publish","type":"product","link":"https:\/\/vitalstoffversand.com\/fr\/produit\/vit4ever-malate-de-magnesium-365-gelules\/","title":{"rendered":"Vit4ever <br>Malate de magn\u00e9sium &#8211; 365 g\u00e9lules"},"content":{"rendered":"<p><span style=\"color: #0000ff;\"><strong><a href=\"https:\/\/vitalstoffversand.com\/knowledge-base\/magnesium\/\" target=\"_blank\" rel=\"noopener\">\u2192 Le magn\u00e9sium<\/a><\/strong><\/span> est un min\u00e9ral extr\u00eamement important pour notre organisme, car il intervient dans de nombreuses fonctions corporelles.<\/p>\n<p>Le malate de magn\u00e9sium associe le magn\u00e9sium au malate, la forme saline de l&#8217;acide malique, qui intervient naturellement dans le m\u00e9tabolisme \u00e9nerg\u00e9tique.<\/p>\n<ul>\n<li>V\u00e9gan<\/li>\n<li>Sans gluten<\/li>\n<li>Sans lactose<\/li>\n<li>Sans OGM<\/li>\n<li>Fabriqu\u00e9 selon les normes de qualit\u00e9 strictes de l&#8217;UE<\/li>\n<\/ul>\n","protected":false},"excerpt":{"rendered":"<p>\u2192 Le magn\u00e9sium est un min\u00e9ral extr\u00eamement important pour notre organisme, car il intervient dans de nombreuses fonctions corporelles. Le malate de magn\u00e9sium associe le magn\u00e9sium au malate, la forme saline de l&#8217;acide malique, qui intervient naturellement dans le m\u00e9tabolisme \u00e9nerg\u00e9tique. V\u00e9gan Sans gluten Sans lactose Sans OGM Fabriqu\u00e9 selon les normes de qualit\u00e9 strictes [&hellip;]<\/p>\n","protected":false},"featured_media":66087,"template":"","meta":{"_acf_changed":false},"product_brand":[10217],"product_cat":[340,365],"product_tag":[],"class_list":{"0":"post-66092","1":"product","2":"type-product","3":"status-publish","4":"has-post-thumbnail","6":"product_brand-vit4ever-fr","7":"product_cat-mineraux-oligo-elements","8":"product_cat-produits-de-a-a-z","10":"first","11":"instock","12":"taxable","13":"shipping-taxable","14":"purchasable","15":"product-type-simple"},"acf":[],"_links":{"self":[{"href":"https:\/\/vitalstoffversand.com\/fr\/wp-json\/wp\/v2\/product\/66092","targetHints":{"allow":["GET"]}}],"collection":[{"href":"https:\/\/vitalstoffversand.com\/fr\/wp-json\/wp\/v2\/product"}],"about":[{"href":"https:\/\/vitalstoffversand.com\/fr\/wp-json\/wp\/v2\/types\/product"}],"wp:featuredmedia":[{"embeddable":true,"href":"https:\/\/vitalstoffversand.com\/fr\/wp-json\/wp\/v2\/media\/66087"}],"wp:attachment":[{"href":"https:\/\/vitalstoffversand.com\/fr\/wp-json\/wp\/v2\/media?parent=66092"}],"wp:term":[{"taxonomy":"product_brand","embeddable":true,"href":"https:\/\/vitalstoffversand.com\/fr\/wp-json\/wp\/v2\/product_brand?post=66092"},{"taxonomy":"product_cat","embeddable":true,"href":"https:\/\/vitalstoffversand.com\/fr\/wp-json\/wp\/v2\/product_cat?post=66092"},{"taxonomy":"product_tag","embeddable":true,"href":"https:\/\/vitalstoffversand.com\/fr\/wp-json\/wp\/v2\/product_tag?post=66092"}],"curies":[{"name":"wp","href":"https:\/\/api.w.org\/{rel}","templated":true}]}}