{"id":66073,"date":"2025-06-11T16:53:18","date_gmt":"2025-06-11T14:53:18","guid":{"rendered":"https:\/\/vitalstoffversand.com\/produkt\/vit4ever-complexe-de-vitamine-c-300-gelules\/"},"modified":"2025-06-11T16:53:18","modified_gmt":"2025-06-11T14:53:18","slug":"vit4ever-complexe-de-vitamine-c-300-gelules","status":"publish","type":"product","link":"https:\/\/vitalstoffversand.com\/fr\/produit\/vit4ever-complexe-de-vitamine-c-300-gelules\/","title":{"rendered":"Vit4ever <br>Complexe de vitamine C &#8211; 300 g\u00e9lules"},"content":{"rendered":"<p>Complexe naturel de <span style=\"color: #0000ff;\"><strong><a href=\"https:\/\/vitalstoffversand.com\/knowledge-base\/vitamin-c\/\" target=\"_blank\" rel=\"noopener\">vitamine C<\/a><\/strong><\/span> \u00e0 base d&#8217;extrait d&#8217;ac\u00e9rola et d&#8217;extrait de cynorrhodon.<\/p>\n<p>Entre autres bienfaits, la vitamine C renforce le syst\u00e8me immunitaire, r\u00e9duit la fatigue et prot\u00e8ge les cellules contre le stress oxydatif.<\/p>\n<ul>\n<li>V\u00e9gan<\/li>\n<li>Sans gluten<\/li>\n<li>Sans lactose<\/li>\n<li>Sans OGM<\/li>\n<li>Fabriqu\u00e9 selon les normes de qualit\u00e9 strictes de l&#8217;UE<\/li>\n<\/ul>\n","protected":false},"excerpt":{"rendered":"<p>Complexe naturel de vitamine C \u00e0 base d&#8217;extrait d&#8217;ac\u00e9rola et d&#8217;extrait de cynorrhodon. Entre autres bienfaits, la vitamine C renforce le syst\u00e8me immunitaire, r\u00e9duit la fatigue et prot\u00e8ge les cellules contre le stress oxydatif. V\u00e9gan Sans gluten Sans lactose Sans OGM Fabriqu\u00e9 selon les normes de qualit\u00e9 strictes de l&#8217;UE<\/p>\n","protected":false},"featured_media":58023,"template":"","meta":{"_acf_changed":false},"product_brand":[10217],"product_cat":[308,365],"product_tag":[],"class_list":{"0":"post-66073","1":"product","2":"type-product","3":"status-publish","4":"has-post-thumbnail","6":"product_brand-vit4ever-fr","7":"product_cat-vitamines","8":"product_cat-produits-de-a-a-z","10":"first","11":"instock","12":"taxable","13":"shipping-taxable","14":"purchasable","15":"product-type-simple"},"acf":[],"_links":{"self":[{"href":"https:\/\/vitalstoffversand.com\/fr\/wp-json\/wp\/v2\/product\/66073","targetHints":{"allow":["GET"]}}],"collection":[{"href":"https:\/\/vitalstoffversand.com\/fr\/wp-json\/wp\/v2\/product"}],"about":[{"href":"https:\/\/vitalstoffversand.com\/fr\/wp-json\/wp\/v2\/types\/product"}],"wp:featuredmedia":[{"embeddable":true,"href":"https:\/\/vitalstoffversand.com\/fr\/wp-json\/wp\/v2\/media\/58023"}],"wp:attachment":[{"href":"https:\/\/vitalstoffversand.com\/fr\/wp-json\/wp\/v2\/media?parent=66073"}],"wp:term":[{"taxonomy":"product_brand","embeddable":true,"href":"https:\/\/vitalstoffversand.com\/fr\/wp-json\/wp\/v2\/product_brand?post=66073"},{"taxonomy":"product_cat","embeddable":true,"href":"https:\/\/vitalstoffversand.com\/fr\/wp-json\/wp\/v2\/product_cat?post=66073"},{"taxonomy":"product_tag","embeddable":true,"href":"https:\/\/vitalstoffversand.com\/fr\/wp-json\/wp\/v2\/product_tag?post=66073"}],"curies":[{"name":"wp","href":"https:\/\/api.w.org\/{rel}","templated":true}]}}