{"id":66032,"date":"2025-10-02T16:17:57","date_gmt":"2025-10-02T14:17:57","guid":{"rendered":"https:\/\/vitalstoffversand.com\/produkt\/vit4ever-gouttes-de-vitamine-a-environ-2-380-gouttes-70-ml\/"},"modified":"2026-03-21T15:53:19","modified_gmt":"2026-03-21T14:53:19","slug":"vit4ever-gouttes-de-vitamine-a-environ-2-380-gouttes-70-ml","status":"publish","type":"product","link":"https:\/\/vitalstoffversand.com\/fr\/produit\/vit4ever-gouttes-de-vitamine-a-environ-2-380-gouttes-70-ml\/","title":{"rendered":"Vit4ever <br>Gouttes de vitamine A &#8211; environ 2 380 gouttes &#8211; 70 ml"},"content":{"rendered":"<p><strong><a href=\"https:\/\/vitalstoffversand.com\/knowledge-base\/vitamin-a\/\" target=\"_blank\" rel=\"noopener\">\u2192 La vitamine A<\/a><\/strong> fait partie des vitamines liposolubles essentielles et joue un r\u00f4le central dans de nombreuses fonctions de l&#8217;organisme.<\/p>\n<ul>\n<li>V\u00e9gan<\/li>\n<li>Sans gluten<\/li>\n<li>Sans lactose<\/li>\n<li>Sans OGM<\/li>\n<li>Fabriqu\u00e9 selon les normes de qualit\u00e9 strictes de l&#8217;UE<\/li>\n<\/ul>\n","protected":false},"excerpt":{"rendered":"<p>\u2192 La vitamine A fait partie des vitamines liposolubles essentielles et joue un r\u00f4le central dans de nombreuses fonctions de l&#8217;organisme. V\u00e9gan Sans gluten Sans lactose Sans OGM Fabriqu\u00e9 selon les normes de qualit\u00e9 strictes de l&#8217;UE<\/p>\n","protected":false},"featured_media":66027,"template":"","meta":{"_acf_changed":false},"product_brand":[10217],"product_cat":[308,365],"product_tag":[],"class_list":{"0":"post-66032","1":"product","2":"type-product","3":"status-publish","4":"has-post-thumbnail","6":"product_brand-vit4ever-fr","7":"product_cat-vitamines","8":"product_cat-produits-de-a-a-z","10":"first","11":"outofstock","12":"taxable","13":"shipping-taxable","14":"purchasable","15":"product-type-simple"},"acf":[],"_links":{"self":[{"href":"https:\/\/vitalstoffversand.com\/fr\/wp-json\/wp\/v2\/product\/66032","targetHints":{"allow":["GET"]}}],"collection":[{"href":"https:\/\/vitalstoffversand.com\/fr\/wp-json\/wp\/v2\/product"}],"about":[{"href":"https:\/\/vitalstoffversand.com\/fr\/wp-json\/wp\/v2\/types\/product"}],"wp:featuredmedia":[{"embeddable":true,"href":"https:\/\/vitalstoffversand.com\/fr\/wp-json\/wp\/v2\/media\/66027"}],"wp:attachment":[{"href":"https:\/\/vitalstoffversand.com\/fr\/wp-json\/wp\/v2\/media?parent=66032"}],"wp:term":[{"taxonomy":"product_brand","embeddable":true,"href":"https:\/\/vitalstoffversand.com\/fr\/wp-json\/wp\/v2\/product_brand?post=66032"},{"taxonomy":"product_cat","embeddable":true,"href":"https:\/\/vitalstoffversand.com\/fr\/wp-json\/wp\/v2\/product_cat?post=66032"},{"taxonomy":"product_tag","embeddable":true,"href":"https:\/\/vitalstoffversand.com\/fr\/wp-json\/wp\/v2\/product_tag?post=66032"}],"curies":[{"name":"wp","href":"https:\/\/api.w.org\/{rel}","templated":true}]}}