{"id":66012,"date":"2025-06-11T16:49:55","date_gmt":"2025-06-11T14:49:55","guid":{"rendered":"https:\/\/vitalstoffversand.com\/produkt\/vit4ever-l-lysine-hcl-en-poudre-500-g\/"},"modified":"2025-06-11T16:49:55","modified_gmt":"2025-06-11T14:49:55","slug":"vit4ever-l-lysine-hcl-en-poudre-500-g","status":"publish","type":"product","link":"https:\/\/vitalstoffversand.com\/fr\/produit\/vit4ever-l-lysine-hcl-en-poudre-500-g\/","title":{"rendered":"Vit4ever <br>L-lysine HCL en poudre &#8211; 500 g"},"content":{"rendered":"<p>La L-lysine est un acide amin\u00e9 essentiel que nous devons absorber par le biais de notre alimentation.<\/p>\n<p>C&#8217;est notamment dans le cadre d&#8217;un r\u00e9gime v\u00e9g\u00e9tal que l&#8217;apport suffisant en lysine n&#8217;est pas toujours garanti.<\/p>\n<p>Contient \u00e9galement une petite quantit\u00e9 de <span style=\"color: #0000ff;\"><strong><a href=\"https:\/\/vitalstoffversand.com\/knowledge-base\/vitamin-b6\/\" target=\"_blank\" rel=\"noopener\">\u2192 vitamine B6<\/a><\/strong><\/span>, qui contribue au fonctionnement normal du syst\u00e8me immunitaire et \u00e0 la r\u00e9duction de la fatigue et de l&#8217;\u00e9puisement.<\/p>\n<ul>\n<li>V\u00e9gan<\/li>\n<li>Sans gluten<\/li>\n<li>Sans lactose<\/li>\n<li>Sans OGM<\/li>\n<li>Fabriqu\u00e9 selon les normes de qualit\u00e9 strictes de l&#8217;UE<\/li>\n<\/ul>\n","protected":false},"excerpt":{"rendered":"<p>La L-lysine est un acide amin\u00e9 essentiel que nous devons absorber par le biais de notre alimentation. C&#8217;est notamment dans le cadre d&#8217;un r\u00e9gime v\u00e9g\u00e9tal que l&#8217;apport suffisant en lysine n&#8217;est pas toujours garanti. Contient \u00e9galement une petite quantit\u00e9 de \u2192 vitamine B6, qui contribue au fonctionnement normal du syst\u00e8me immunitaire et \u00e0 la r\u00e9duction [&hellip;]<\/p>\n","protected":false},"featured_media":57863,"template":"","meta":{"_acf_changed":false},"product_brand":[10217],"product_cat":[332,365],"product_tag":[],"class_list":{"0":"post-66012","1":"product","2":"type-product","3":"status-publish","4":"has-post-thumbnail","6":"product_brand-vit4ever-fr","7":"product_cat-acides-amines","8":"product_cat-produits-de-a-a-z","10":"first","11":"instock","12":"taxable","13":"shipping-taxable","14":"purchasable","15":"product-type-simple"},"acf":[],"_links":{"self":[{"href":"https:\/\/vitalstoffversand.com\/fr\/wp-json\/wp\/v2\/product\/66012","targetHints":{"allow":["GET"]}}],"collection":[{"href":"https:\/\/vitalstoffversand.com\/fr\/wp-json\/wp\/v2\/product"}],"about":[{"href":"https:\/\/vitalstoffversand.com\/fr\/wp-json\/wp\/v2\/types\/product"}],"wp:featuredmedia":[{"embeddable":true,"href":"https:\/\/vitalstoffversand.com\/fr\/wp-json\/wp\/v2\/media\/57863"}],"wp:attachment":[{"href":"https:\/\/vitalstoffversand.com\/fr\/wp-json\/wp\/v2\/media?parent=66012"}],"wp:term":[{"taxonomy":"product_brand","embeddable":true,"href":"https:\/\/vitalstoffversand.com\/fr\/wp-json\/wp\/v2\/product_brand?post=66012"},{"taxonomy":"product_cat","embeddable":true,"href":"https:\/\/vitalstoffversand.com\/fr\/wp-json\/wp\/v2\/product_cat?post=66012"},{"taxonomy":"product_tag","embeddable":true,"href":"https:\/\/vitalstoffversand.com\/fr\/wp-json\/wp\/v2\/product_tag?post=66012"}],"curies":[{"name":"wp","href":"https:\/\/api.w.org\/{rel}","templated":true}]}}