{"id":66008,"date":"2025-06-11T16:47:45","date_gmt":"2025-06-11T14:47:45","guid":{"rendered":"https:\/\/vitalstoffversand.com\/produkt\/vit4ever-glucosamine-300-gelules\/"},"modified":"2025-06-11T16:47:45","modified_gmt":"2025-06-11T14:47:45","slug":"vit4ever-glucosamine-300-gelules","status":"publish","type":"product","link":"https:\/\/vitalstoffversand.com\/fr\/produit\/vit4ever-glucosamine-300-gelules\/","title":{"rendered":"Vit4ever <br>Glucosamine &#8211; 300 g\u00e9lules"},"content":{"rendered":"<p>La glucosamine est un compos\u00e9 naturel qui entre dans la composition de diverses mol\u00e9cules structurales.<\/p>\n<p>Ces g\u00e9lules contiennent du sulfate de D-glucosamine bioactif d&#8217;une grande puret\u00e9 et conviennent donc \u00e9galement aux v\u00e9g\u00e9taliens.<\/p>\n<ul>\n<li>V\u00e9gan<\/li>\n<li>Sans gluten<\/li>\n<li>Sans lactose<\/li>\n<li>Sans OGM<\/li>\n<li>Fabriqu\u00e9 selon les normes de qualit\u00e9 strictes de l&#8217;UE<\/li>\n<\/ul>\n","protected":false},"excerpt":{"rendered":"<p>La glucosamine est un compos\u00e9 naturel qui entre dans la composition de diverses mol\u00e9cules structurales. Ces g\u00e9lules contiennent du sulfate de D-glucosamine bioactif d&#8217;une grande puret\u00e9 et conviennent donc \u00e9galement aux v\u00e9g\u00e9taliens. V\u00e9gan Sans gluten Sans lactose Sans OGM Fabriqu\u00e9 selon les normes de qualit\u00e9 strictes de l&#8217;UE<\/p>\n","protected":false},"featured_media":57823,"template":"","meta":{"_acf_changed":false},"product_brand":[10217],"product_cat":[348,365],"product_tag":[],"class_list":{"0":"post-66008","1":"product","2":"type-product","3":"status-publish","4":"has-post-thumbnail","6":"product_brand-vit4ever-fr","7":"product_cat-nutriments","8":"product_cat-produits-de-a-a-z","10":"first","11":"instock","12":"taxable","13":"shipping-taxable","14":"purchasable","15":"product-type-simple"},"acf":[],"_links":{"self":[{"href":"https:\/\/vitalstoffversand.com\/fr\/wp-json\/wp\/v2\/product\/66008","targetHints":{"allow":["GET"]}}],"collection":[{"href":"https:\/\/vitalstoffversand.com\/fr\/wp-json\/wp\/v2\/product"}],"about":[{"href":"https:\/\/vitalstoffversand.com\/fr\/wp-json\/wp\/v2\/types\/product"}],"wp:featuredmedia":[{"embeddable":true,"href":"https:\/\/vitalstoffversand.com\/fr\/wp-json\/wp\/v2\/media\/57823"}],"wp:attachment":[{"href":"https:\/\/vitalstoffversand.com\/fr\/wp-json\/wp\/v2\/media?parent=66008"}],"wp:term":[{"taxonomy":"product_brand","embeddable":true,"href":"https:\/\/vitalstoffversand.com\/fr\/wp-json\/wp\/v2\/product_brand?post=66008"},{"taxonomy":"product_cat","embeddable":true,"href":"https:\/\/vitalstoffversand.com\/fr\/wp-json\/wp\/v2\/product_cat?post=66008"},{"taxonomy":"product_tag","embeddable":true,"href":"https:\/\/vitalstoffversand.com\/fr\/wp-json\/wp\/v2\/product_tag?post=66008"}],"curies":[{"name":"wp","href":"https:\/\/api.w.org\/{rel}","templated":true}]}}