{"id":65845,"date":"2025-09-01T18:56:57","date_gmt":"2025-09-01T16:56:57","guid":{"rendered":"https:\/\/vitalstoffversand.com\/produkt\/vit4ever-igname-sauvage-365-gelules\/"},"modified":"2026-03-21T15:54:07","modified_gmt":"2026-03-21T14:54:07","slug":"vit4ever-igname-sauvage-365-gelules","status":"publish","type":"product","link":"https:\/\/vitalstoffversand.com\/fr\/produit\/vit4ever-igname-sauvage-365-gelules\/","title":{"rendered":"Vit4ever <br>Igname sauvage &#8211; 365 g\u00e9lules"},"content":{"rendered":"<p>La diosg\u00e9nine, un principe actif pr\u00e9sent dans l&#8217;igname sauvage, est tr\u00e8s similaire \u00e0 la progest\u00e9rone, une hormone f\u00e9minine, et est donc souvent utilis\u00e9e \u00e0 des fins th\u00e9rapeutiques.<\/p>\n<p>De plus, la diosg\u00e9nine est capable de stimuler la s\u00e9cr\u00e9tion de DHEA (d\u00e9hydro\u00e9piandrost\u00e9rone) par l&#8217;organisme.<\/p>\n<ul>\n<li>V\u00e9gan<\/li>\n<li>Sans gluten<\/li>\n<li>Sans lactose<\/li>\n<li>Sans OGM<\/li>\n<li>Fabriqu\u00e9 selon les normes de qualit\u00e9 strictes de l&#8217;UE<\/li>\n<\/ul>\n","protected":false},"excerpt":{"rendered":"<p>La diosg\u00e9nine, un principe actif pr\u00e9sent dans l&#8217;igname sauvage, est tr\u00e8s similaire \u00e0 la progest\u00e9rone, une hormone f\u00e9minine, et est donc souvent utilis\u00e9e \u00e0 des fins th\u00e9rapeutiques. De plus, la diosg\u00e9nine est capable de stimuler la s\u00e9cr\u00e9tion de DHEA (d\u00e9hydro\u00e9piandrost\u00e9rone) par l&#8217;organisme. V\u00e9gan Sans gluten Sans lactose Sans OGM Fabriqu\u00e9 selon les normes de qualit\u00e9 [&hellip;]<\/p>\n","protected":false},"featured_media":56639,"template":"","meta":{"_acf_changed":false},"product_brand":[10217],"product_cat":[348,365],"product_tag":[],"class_list":{"0":"post-65845","1":"product","2":"type-product","3":"status-publish","4":"has-post-thumbnail","6":"product_brand-vit4ever-fr","7":"product_cat-nutriments","8":"product_cat-produits-de-a-a-z","10":"first","11":"instock","12":"taxable","13":"shipping-taxable","14":"purchasable","15":"product-type-simple"},"acf":[],"_links":{"self":[{"href":"https:\/\/vitalstoffversand.com\/fr\/wp-json\/wp\/v2\/product\/65845","targetHints":{"allow":["GET"]}}],"collection":[{"href":"https:\/\/vitalstoffversand.com\/fr\/wp-json\/wp\/v2\/product"}],"about":[{"href":"https:\/\/vitalstoffversand.com\/fr\/wp-json\/wp\/v2\/types\/product"}],"wp:featuredmedia":[{"embeddable":true,"href":"https:\/\/vitalstoffversand.com\/fr\/wp-json\/wp\/v2\/media\/56639"}],"wp:attachment":[{"href":"https:\/\/vitalstoffversand.com\/fr\/wp-json\/wp\/v2\/media?parent=65845"}],"wp:term":[{"taxonomy":"product_brand","embeddable":true,"href":"https:\/\/vitalstoffversand.com\/fr\/wp-json\/wp\/v2\/product_brand?post=65845"},{"taxonomy":"product_cat","embeddable":true,"href":"https:\/\/vitalstoffversand.com\/fr\/wp-json\/wp\/v2\/product_cat?post=65845"},{"taxonomy":"product_tag","embeddable":true,"href":"https:\/\/vitalstoffversand.com\/fr\/wp-json\/wp\/v2\/product_tag?post=65845"}],"curies":[{"name":"wp","href":"https:\/\/api.w.org\/{rel}","templated":true}]}}