{"id":65839,"date":"2025-09-01T18:49:14","date_gmt":"2025-09-01T16:49:14","guid":{"rendered":"https:\/\/vitalstoffversand.com\/produkt\/vit4ever-complexe-delectrolytes-600-comprimes\/"},"modified":"2026-03-21T15:55:02","modified_gmt":"2026-03-21T14:55:02","slug":"vit4ever-complexe-delectrolytes-600-comprimes","status":"publish","type":"product","link":"https:\/\/vitalstoffversand.com\/fr\/produit\/vit4ever-complexe-delectrolytes-600-comprimes\/","title":{"rendered":"Vit4ever <br>Complexe d&#8217;\u00e9lectrolytes &#8211; 600 comprim\u00e9s"},"content":{"rendered":"<p>Elektrolyte Complex est un moyen simple de soutenir ton \u00e9quilibre \u00e9lectrolytique et d&#8217;assurer une hydratation \u00e9quilibr\u00e9e de ton corps.<\/p>\n<p>Que tu sois sportif, passionn\u00e9 de fitness, travailleur physique ou simplement soucieux de ta sant\u00e9.<br \/>\nAvec les comprim\u00e9s d&#8217;\u00e9lectrolytes faciles \u00e0 emporter et \u00e0 prendre, tu es pr\u00eat \u00e0 affronter toutes les situations.<\/p>\n<ul>\n<li>V\u00e9gan<\/li>\n<li>Sans gluten<\/li>\n<li>Sans lactose<\/li>\n<li>Sans OGM<\/li>\n<li>Fabriqu\u00e9 selon les normes de qualit\u00e9 strictes de l&#8217;UE<\/li>\n<\/ul>\n","protected":false},"excerpt":{"rendered":"<p>Elektrolyte Complex est un moyen simple de soutenir ton \u00e9quilibre \u00e9lectrolytique et d&#8217;assurer une hydratation \u00e9quilibr\u00e9e de ton corps. Que tu sois sportif, passionn\u00e9 de fitness, travailleur physique ou simplement soucieux de ta sant\u00e9. Avec les comprim\u00e9s d&#8217;\u00e9lectrolytes faciles \u00e0 emporter et \u00e0 prendre, tu es pr\u00eat \u00e0 affronter toutes les situations. V\u00e9gan Sans gluten [&hellip;]<\/p>\n","protected":false},"featured_media":56279,"template":"","meta":{"_acf_changed":false},"product_brand":[10217],"product_cat":[340,365],"product_tag":[],"class_list":{"0":"post-65839","1":"product","2":"type-product","3":"status-publish","4":"has-post-thumbnail","6":"product_brand-vit4ever-fr","7":"product_cat-mineraux-oligo-elements","8":"product_cat-produits-de-a-a-z","10":"first","11":"instock","12":"taxable","13":"shipping-taxable","14":"purchasable","15":"product-type-simple"},"acf":[],"_links":{"self":[{"href":"https:\/\/vitalstoffversand.com\/fr\/wp-json\/wp\/v2\/product\/65839","targetHints":{"allow":["GET"]}}],"collection":[{"href":"https:\/\/vitalstoffversand.com\/fr\/wp-json\/wp\/v2\/product"}],"about":[{"href":"https:\/\/vitalstoffversand.com\/fr\/wp-json\/wp\/v2\/types\/product"}],"wp:featuredmedia":[{"embeddable":true,"href":"https:\/\/vitalstoffversand.com\/fr\/wp-json\/wp\/v2\/media\/56279"}],"wp:attachment":[{"href":"https:\/\/vitalstoffversand.com\/fr\/wp-json\/wp\/v2\/media?parent=65839"}],"wp:term":[{"taxonomy":"product_brand","embeddable":true,"href":"https:\/\/vitalstoffversand.com\/fr\/wp-json\/wp\/v2\/product_brand?post=65839"},{"taxonomy":"product_cat","embeddable":true,"href":"https:\/\/vitalstoffversand.com\/fr\/wp-json\/wp\/v2\/product_cat?post=65839"},{"taxonomy":"product_tag","embeddable":true,"href":"https:\/\/vitalstoffversand.com\/fr\/wp-json\/wp\/v2\/product_tag?post=65839"}],"curies":[{"name":"wp","href":"https:\/\/api.w.org\/{rel}","templated":true}]}}