{"id":65813,"date":"2025-09-01T18:51:23","date_gmt":"2025-09-01T16:51:23","guid":{"rendered":"https:\/\/vitalstoffversand.com\/produkt\/vit4ever-lactase-depot-22000-120-comprimes\/"},"modified":"2026-03-21T15:54:44","modified_gmt":"2026-03-21T14:54:44","slug":"vit4ever-lactase-depot-22000-120-comprimes","status":"publish","type":"product","link":"https:\/\/vitalstoffversand.com\/fr\/produit\/vit4ever-lactase-depot-22000-120-comprimes\/","title":{"rendered":"Vit4ever <br>Lactase Depot 22000 &#8211; 120 comprim\u00e9s"},"content":{"rendered":"<p>Le r\u00e8glement europ\u00e9en sur les all\u00e9gations de sant\u00e9 confirme que la <a href=\"https:\/\/vitalstoffversand.com\/knowledge-base\/lactase\/\" target=\"_blank\" rel=\"noopener\"><strong><span style=\"color: #0000ff;\">\u2192 lactase<\/span><\/strong><\/a> am\u00e9liore la digestion du lactose chez les personnes souffrant de troubles digestifs.<\/p>\n<p>L&#8217;intol\u00e9rance au lactose d\u00e9signe une r\u00e9action d&#8217;intol\u00e9rance provoqu\u00e9e par la consommation de lactose (sucre du lait), pr\u00e9sent principalement dans le lait et les produits laitiers.<\/p>\n<p>Le lactose est d\u00e9compos\u00e9 dans l&#8217;intestin par l&#8217;enzyme lactase. De cette mani\u00e8re, les troubles digestifs sont \u00e9vit\u00e9s.<\/p>\n<p>Avec 22 000 unit\u00e9s FCC, ces comprim\u00e9s offrent un apport \u00e9lev\u00e9 en lactase.<\/p>\n<ul>\n<li>V\u00e9gan<\/li>\n<li>Sans gluten<\/li>\n<li>Sans lactose<\/li>\n<li>Sans OGM<\/li>\n<li>Fabriqu\u00e9 selon les normes de qualit\u00e9 strictes de l&#8217;UE<\/li>\n<\/ul>\n","protected":false},"excerpt":{"rendered":"<p>Le r\u00e8glement europ\u00e9en sur les all\u00e9gations de sant\u00e9 confirme que la \u2192 lactase am\u00e9liore la digestion du lactose chez les personnes souffrant de troubles digestifs. L&#8217;intol\u00e9rance au lactose d\u00e9signe une r\u00e9action d&#8217;intol\u00e9rance provoqu\u00e9e par la consommation de lactose (sucre du lait), pr\u00e9sent principalement dans le lait et les produits laitiers. Le lactose est d\u00e9compos\u00e9 dans [&hellip;]<\/p>\n","protected":false},"featured_media":55911,"template":"","meta":{"_acf_changed":false},"product_brand":[10217],"product_cat":[348,365],"product_tag":[],"class_list":{"0":"post-65813","1":"product","2":"type-product","3":"status-publish","4":"has-post-thumbnail","6":"product_brand-vit4ever-fr","7":"product_cat-nutriments","8":"product_cat-produits-de-a-a-z","10":"first","11":"instock","12":"taxable","13":"shipping-taxable","14":"purchasable","15":"product-type-simple"},"acf":[],"_links":{"self":[{"href":"https:\/\/vitalstoffversand.com\/fr\/wp-json\/wp\/v2\/product\/65813","targetHints":{"allow":["GET"]}}],"collection":[{"href":"https:\/\/vitalstoffversand.com\/fr\/wp-json\/wp\/v2\/product"}],"about":[{"href":"https:\/\/vitalstoffversand.com\/fr\/wp-json\/wp\/v2\/types\/product"}],"wp:featuredmedia":[{"embeddable":true,"href":"https:\/\/vitalstoffversand.com\/fr\/wp-json\/wp\/v2\/media\/55911"}],"wp:attachment":[{"href":"https:\/\/vitalstoffversand.com\/fr\/wp-json\/wp\/v2\/media?parent=65813"}],"wp:term":[{"taxonomy":"product_brand","embeddable":true,"href":"https:\/\/vitalstoffversand.com\/fr\/wp-json\/wp\/v2\/product_brand?post=65813"},{"taxonomy":"product_cat","embeddable":true,"href":"https:\/\/vitalstoffversand.com\/fr\/wp-json\/wp\/v2\/product_cat?post=65813"},{"taxonomy":"product_tag","embeddable":true,"href":"https:\/\/vitalstoffversand.com\/fr\/wp-json\/wp\/v2\/product_tag?post=65813"}],"curies":[{"name":"wp","href":"https:\/\/api.w.org\/{rel}","templated":true}]}}