{"id":65807,"date":"2025-06-11T16:17:45","date_gmt":"2025-06-11T14:17:45","guid":{"rendered":"https:\/\/vitalstoffversand.com\/produkt\/vit4ever-glucomannane-racine-de-konjac-240-gelules\/"},"modified":"2026-03-16T14:59:05","modified_gmt":"2026-03-16T13:59:05","slug":"vit4ever-glucomannane-racine-de-konjac-240-gelules","status":"publish","type":"product","link":"https:\/\/vitalstoffversand.com\/fr\/produit\/vit4ever-glucomannane-racine-de-konjac-240-gelules\/","title":{"rendered":"Vit4ever <br>Glucomannane (racine de konjac) &#8211; 240 g\u00e9lules"},"content":{"rendered":"<p><a href=\"https:\/\/vitalstoffversand.com\/knowledge-base\/glucomannan-konjak-mannan\/\" target=\"_blank\" rel=\"noopener\">\u2192 Le glucomannane<\/a> (\u00e9galement appel\u00e9 \u00ab konjac mannan \u00bb) est une fibre alimentaire issue de la racine de konjac ; il est scientifiquement prouv\u00e9 qu&#8217;il constitue une aide naturelle \u00e0 la perte de poids.<\/p>\n<p>Gr\u00e2ce \u00e0 son fort pouvoir gonflant, il augmente le volume dans l&#8217;estomac et favorise ainsi la sensation de sati\u00e9t\u00e9.<\/p>\n<p>Ce produit est compl\u00e9t\u00e9 par <span style=\"color: #0000ff;\"><strong><a href=\"https:\/\/vitalstoffversand.com\/knowledge-base\/chrom\/\" target=\"_blank\" rel=\"noopener\">\u2192 du chrome<\/a><\/strong><\/span>, qui contribue au bon fonctionnement du m\u00e9tabolisme.<\/p>\n<ul>\n<li>V\u00e9gan<\/li>\n<li>Sans gluten<\/li>\n<li>Sans lactose<\/li>\n<li>Sans OGM<\/li>\n<li>Fabriqu\u00e9 selon les normes de qualit\u00e9 strictes de l&#8217;UE<\/li>\n<\/ul>\n","protected":false},"excerpt":{"rendered":"<p>\u2192 Le glucomannane (\u00e9galement appel\u00e9 \u00ab konjac mannan \u00bb) est une fibre alimentaire issue de la racine de konjac ; il est scientifiquement prouv\u00e9 qu&#8217;il constitue une aide naturelle \u00e0 la perte de poids. Gr\u00e2ce \u00e0 son fort pouvoir gonflant, il augmente le volume dans l&#8217;estomac et favorise ainsi la sensation de sati\u00e9t\u00e9. Ce produit [&hellip;]<\/p>\n","protected":false},"featured_media":55831,"template":"","meta":{"_acf_changed":false},"product_brand":[10217],"product_cat":[348,365],"product_tag":[],"class_list":{"0":"post-65807","1":"product","2":"type-product","3":"status-publish","4":"has-post-thumbnail","6":"product_brand-vit4ever-fr","7":"product_cat-nutriments","8":"product_cat-produits-de-a-a-z","10":"first","11":"instock","12":"taxable","13":"shipping-taxable","14":"purchasable","15":"product-type-simple"},"acf":[],"_links":{"self":[{"href":"https:\/\/vitalstoffversand.com\/fr\/wp-json\/wp\/v2\/product\/65807","targetHints":{"allow":["GET"]}}],"collection":[{"href":"https:\/\/vitalstoffversand.com\/fr\/wp-json\/wp\/v2\/product"}],"about":[{"href":"https:\/\/vitalstoffversand.com\/fr\/wp-json\/wp\/v2\/types\/product"}],"wp:featuredmedia":[{"embeddable":true,"href":"https:\/\/vitalstoffversand.com\/fr\/wp-json\/wp\/v2\/media\/55831"}],"wp:attachment":[{"href":"https:\/\/vitalstoffversand.com\/fr\/wp-json\/wp\/v2\/media?parent=65807"}],"wp:term":[{"taxonomy":"product_brand","embeddable":true,"href":"https:\/\/vitalstoffversand.com\/fr\/wp-json\/wp\/v2\/product_brand?post=65807"},{"taxonomy":"product_cat","embeddable":true,"href":"https:\/\/vitalstoffversand.com\/fr\/wp-json\/wp\/v2\/product_cat?post=65807"},{"taxonomy":"product_tag","embeddable":true,"href":"https:\/\/vitalstoffversand.com\/fr\/wp-json\/wp\/v2\/product_tag?post=65807"}],"curies":[{"name":"wp","href":"https:\/\/api.w.org\/{rel}","templated":true}]}}