{"id":65802,"date":"2025-09-01T18:52:27","date_gmt":"2025-09-01T16:52:27","guid":{"rendered":"https:\/\/vitalstoffversand.com\/produkt\/vit4ever-extrait-de-chardon-marie-365-gelules-date-limite-de-consommation-08-2026\/"},"modified":"2026-03-21T15:54:30","modified_gmt":"2026-03-21T14:54:30","slug":"vit4ever-extrait-de-chardon-marie-365-gelules-date-limite-de-consommation-08-2026","status":"publish","type":"product","link":"https:\/\/vitalstoffversand.com\/fr\/produit\/vit4ever-extrait-de-chardon-marie-365-gelules-date-limite-de-consommation-08-2026\/","title":{"rendered":"Vit4ever <br>Extrait de chardon-Marie &#8211; 365 g\u00e9lules (date limite de consommation : 08\/2026)"},"content":{"rendered":"<p>Extrait de chardon-marie avec une teneur en silymarine de 80 pour cent.<\/p>\n<p>Le chardon-marie est traditionnellement utilis\u00e9 pour soutenir la sant\u00e9 du foie.<\/p>\n<ul>\n<li>v\u00e9gan<\/li>\n<li>Sans gluten, lactose, ar\u00f4mes, conservateurs, st\u00e9arate de magn\u00e9sium et bien s\u00fbr sans OGM.<\/li>\n<\/ul>\n","protected":false},"excerpt":{"rendered":"<p>Extrait de chardon-marie avec une teneur en silymarine de 80 pour cent. Le chardon-marie est traditionnellement utilis\u00e9 pour soutenir la sant\u00e9 du foie. v\u00e9gan Sans gluten, lactose, ar\u00f4mes, conservateurs, st\u00e9arate de magn\u00e9sium et bien s\u00fbr sans OGM.<\/p>\n","protected":false},"featured_media":55791,"template":"","meta":{"_acf_changed":false},"product_brand":[10217],"product_cat":[348,316,365],"product_tag":[],"class_list":{"0":"post-65802","1":"product","2":"type-product","3":"status-publish","4":"has-post-thumbnail","6":"product_brand-vit4ever-fr","7":"product_cat-nutriments","8":"product_cat-reduit","9":"product_cat-produits-de-a-a-z","11":"first","12":"instock","13":"sale","14":"taxable","15":"shipping-taxable","16":"purchasable","17":"product-type-simple"},"acf":[],"_links":{"self":[{"href":"https:\/\/vitalstoffversand.com\/fr\/wp-json\/wp\/v2\/product\/65802","targetHints":{"allow":["GET"]}}],"collection":[{"href":"https:\/\/vitalstoffversand.com\/fr\/wp-json\/wp\/v2\/product"}],"about":[{"href":"https:\/\/vitalstoffversand.com\/fr\/wp-json\/wp\/v2\/types\/product"}],"wp:featuredmedia":[{"embeddable":true,"href":"https:\/\/vitalstoffversand.com\/fr\/wp-json\/wp\/v2\/media\/55791"}],"wp:attachment":[{"href":"https:\/\/vitalstoffversand.com\/fr\/wp-json\/wp\/v2\/media?parent=65802"}],"wp:term":[{"taxonomy":"product_brand","embeddable":true,"href":"https:\/\/vitalstoffversand.com\/fr\/wp-json\/wp\/v2\/product_brand?post=65802"},{"taxonomy":"product_cat","embeddable":true,"href":"https:\/\/vitalstoffversand.com\/fr\/wp-json\/wp\/v2\/product_cat?post=65802"},{"taxonomy":"product_tag","embeddable":true,"href":"https:\/\/vitalstoffversand.com\/fr\/wp-json\/wp\/v2\/product_tag?post=65802"}],"curies":[{"name":"wp","href":"https:\/\/api.w.org\/{rel}","templated":true}]}}