{"id":65792,"date":"2025-10-02T11:57:43","date_gmt":"2025-10-02T09:57:43","guid":{"rendered":"https:\/\/vitalstoffversand.com\/produkt\/vit4ever-silicium-365-gelules\/"},"modified":"2026-03-21T15:53:22","modified_gmt":"2026-03-21T14:53:22","slug":"vit4ever-silicium-365-gelules","status":"publish","type":"product","link":"https:\/\/vitalstoffversand.com\/fr\/produit\/vit4ever-silicium-365-gelules\/","title":{"rendered":"Vit4ever <br>Silicium &#8211; 365 g\u00e9lules"},"content":{"rendered":"<p>Le silicium de Vit4ever t&#8217;apporte du silicium organique de haute qualit\u00e9 issu de pousses de bambou, une source v\u00e9g\u00e9tale qui est \u00e9galement l&#8217;une des plus riches en ce min\u00e9ral.<\/p>\n<p>Id\u00e9al pour tous ceux qui souhaitent prendre soin de leur peau, de leurs cheveux, de leurs ongles et de leur tissu conjonctif de mani\u00e8re globale.<\/p>\n<ul>\n<li>V\u00e9gan<\/li>\n<li>Sans gluten<\/li>\n<li>Sans lactose<\/li>\n<li>Sans OGM<\/li>\n<li>Fabriqu\u00e9 selon les normes de qualit\u00e9 strictes de l&#8217;UE<\/li>\n<\/ul>\n","protected":false},"excerpt":{"rendered":"<p>Le silicium de Vit4ever t&#8217;apporte du silicium organique de haute qualit\u00e9 issu de pousses de bambou, une source v\u00e9g\u00e9tale qui est \u00e9galement l&#8217;une des plus riches en ce min\u00e9ral. Id\u00e9al pour tous ceux qui souhaitent prendre soin de leur peau, de leurs cheveux, de leurs ongles et de leur tissu conjonctif de mani\u00e8re globale. V\u00e9gan [&hellip;]<\/p>\n","protected":false},"featured_media":55495,"template":"","meta":{"_acf_changed":false},"product_brand":[10217],"product_cat":[340,365],"product_tag":[],"class_list":{"0":"post-65792","1":"product","2":"type-product","3":"status-publish","4":"has-post-thumbnail","6":"product_brand-vit4ever-fr","7":"product_cat-mineraux-oligo-elements","8":"product_cat-produits-de-a-a-z","10":"first","11":"instock","12":"taxable","13":"shipping-taxable","14":"purchasable","15":"product-type-simple"},"acf":[],"_links":{"self":[{"href":"https:\/\/vitalstoffversand.com\/fr\/wp-json\/wp\/v2\/product\/65792","targetHints":{"allow":["GET"]}}],"collection":[{"href":"https:\/\/vitalstoffversand.com\/fr\/wp-json\/wp\/v2\/product"}],"about":[{"href":"https:\/\/vitalstoffversand.com\/fr\/wp-json\/wp\/v2\/types\/product"}],"wp:featuredmedia":[{"embeddable":true,"href":"https:\/\/vitalstoffversand.com\/fr\/wp-json\/wp\/v2\/media\/55495"}],"wp:attachment":[{"href":"https:\/\/vitalstoffversand.com\/fr\/wp-json\/wp\/v2\/media?parent=65792"}],"wp:term":[{"taxonomy":"product_brand","embeddable":true,"href":"https:\/\/vitalstoffversand.com\/fr\/wp-json\/wp\/v2\/product_brand?post=65792"},{"taxonomy":"product_cat","embeddable":true,"href":"https:\/\/vitalstoffversand.com\/fr\/wp-json\/wp\/v2\/product_cat?post=65792"},{"taxonomy":"product_tag","embeddable":true,"href":"https:\/\/vitalstoffversand.com\/fr\/wp-json\/wp\/v2\/product_tag?post=65792"}],"curies":[{"name":"wp","href":"https:\/\/api.w.org\/{rel}","templated":true}]}}